{"id":1130,"date":"2023-04-03T07:15:14","date_gmt":"2023-04-03T07:15:14","guid":{"rendered":"https:\/\/rodex-mechatronics.com\/about-us\/"},"modified":"2025-12-09T13:21:25","modified_gmt":"2025-12-09T13:21:25","slug":"uber-uns","status":"publish","type":"page","link":"https:\/\/rodex-mechatronics.com\/de\/kontakt\/uber-uns\/","title":{"rendered":"\u00dcber uns"},"content":{"rendered":"<p>[vc_row equal_height=&#8220;yes&#8220; content_placement=&#8220;middle&#8220; el_class=&#8220;row-slika-z-opisom&#8220;][vc_column width=&#8220;1\/2&#8243; el_class=&#8220;levi-box-text&#8220;][vc_column_text]<\/p>\n<h2>Kleine Anf\u00e4nge, gro\u00dfe Entwicklungen<\/h2>\n<p><span style=\"font-weight: 400;\">Wir sind von einer simplen Spulen- und Werkzeugmanufaktur zu einem Unternehmen mit mehr als 75+ Experten herangewachsen und bieten heute verschiedenen Branchen umfassende Unterst\u00fctzung bei der Fertigung von Komponenten und Endger\u00e4ten. Rodex Mechatronics hat dabei stets den<\/span><b> Fokus auf Kundenzufriedenheit, Produktqualit\u00e4t, Flexibilit\u00e4t und schnelle Ausf\u00fchrung<\/b><span style=\"font-weight: 400;\"> gelegt und ist so kontinuierlich gewachsen. Unser unternehmerisches Denken, unsere Teamarbeit, unsere kontinuierlich wachsende Expertise und unsere Kompetenzen sind die Gr\u00fcnde, warum unsere Kunden uns vertrauen &#8211; und das nun schon seit mehreren Jahrzehnten. Wir haben uns bei einigen der gr\u00f6\u00dften Unternehmen als zentraler Ansprechpartner positioniert und bewahren uns dabei dennoch die <\/span><b>Schnelligkeit und Flexibilit\u00e4t<\/b><span style=\"font-weight: 400;\">, die kleinere Unternehmen auszeichnet.<\/span>[\/vc_column_text][\/vc_column][vc_column width=&#8220;1\/2&#8243; el_class=&#8220;desni-box-slika&#8220;][vc_single_image image=&#8220;568&#8243; img_size=&#8220;full&#8220; alignment=&#8220;center&#8220; onclick=&#8220;link_image&#8220;][\/vc_column][\/vc_row][vc_row equal_height=&#8220;yes&#8220; content_placement=&#8220;middle&#8220; el_class=&#8220;row-slika-z-opisom&#8220;][vc_column width=&#8220;1\/2&#8243; el_class=&#8220;levi-box-slika&#8220;][vc_single_image image=&#8220;1016&#8243; img_size=&#8220;full&#8220; alignment=&#8220;center&#8220; onclick=&#8220;link_image&#8220;][\/vc_column][vc_column width=&#8220;1\/2&#8243; el_class=&#8220;desni-box-text&#8220;][vc_column_text]<\/p>\n<h2>Die Bed\u00fcrfnisse des Kunden im Fokus<\/h2>\n<p><span style=\"font-weight: 400;\">Unser Ziel lautet, der f\u00fchrende Partner f\u00fcr die Auftragsfertigung f\u00fcr Unternehmen in Europa und der ganzen Welt zu werden. Wir sind stets bestrebt, flexible und zuverl\u00e4ssige Leistungen so zu erbringen, dass die <\/span><b>Zufriedenheit unserer Kunden durch unseren au\u00dfergew\u00f6hnlichen Mehrwert und unseren Service garantiert<\/b><span style=\"font-weight: 400;\"> ist. Unsere schnellen und zuverl\u00e4ssigen Produktionskapazit\u00e4ten erm\u00f6glichen zudem eine <\/span><b>p\u00fcnktliche Auslieferung und ein ideales Preis-Leistungs-Verh\u00e4ltnis<\/b><span style=\"font-weight: 400;\">. \u00dcbertragen Sie uns Ihre Fertigung, damit Sie sich auf das Wesentliche konzentrieren k\u00f6nnen! <\/span>[\/vc_column_text][\/vc_column][\/vc_row][vc_row full_width=&#8220;stretch_row_content_no_spaces&#8220;][vc_column]<div class=\"custom-sh citatsh\"><div class=\"citat-inside\"><h2 class=\"citat-content\">Eine wachstumsorientierte Unternehmenskultur und erstklassige Expertise trifft bei Rodex Mechatronics auf au\u00dfergew\u00f6hnliches Engagement zugunsten optimaler Endresultate.<\/h2><\/div><\/div>[\/vc_column][\/vc_row][vc_row equal_height=&#8220;yes&#8220; content_placement=&#8220;middle&#8220; el_class=&#8220;row-slika-z-opisom&#8220;][vc_column width=&#8220;1\/2&#8243; el_class=&#8220;levi-box-text&#8220;][vc_column_text]<\/p>\n<h2>Wie halten unsere Versprechen<\/h2>\n<p><span style=\"font-weight: 400;\">Unsere Vision bei Rodex Mechatronics ist es, die <\/span><b>Auftragsfertigungbranche von grundauf zu revolutionieren<\/b><span style=\"font-weight: 400;\">. Mithilfe von <\/span><b>Partnerschaften und enger Zusammenarbeit<\/b><span style=\"font-weight: 400;\"> wollen wir der bevorzugte Partner f\u00fcr alle Unternehmen werden, die komplexe, hochwertige und anspruchsvolle elektromechanische und elektromagnetische Produkte ben\u00f6tigen. Wir \u00fcbernehmen dabei die <\/span><b>komplette Fertigungsprozedur &#8211; von der Konzeptualisierung bis zur Auslieferung<\/b><span style=\"font-weight: 400;\">. Wir streben stets an, allumfassende Dienstleistungen zu erbringen, um die sich weiterentwickelnden Bed\u00fcrfnisse unserer Kunden noch zu \u00fcbertreffen. Mit unserem unerm\u00fcdlichen Fokus auf Innovation, Flexibilit\u00e4t, Kundenzufriedenheit und Effizienz sind wir entschlossen, die Auftragsfertigung nicht nur neu zu pr\u00e4gen, sondern dabei auch nach ESG-Aspekten zu arbeiten.<\/span>[\/vc_column_text][\/vc_column][vc_column width=&#8220;1\/2&#8243; el_class=&#8220;desni-box-slika&#8220;][vc_single_image image=&#8220;2427&#8243; img_size=&#8220;full&#8220; alignment=&#8220;center&#8220; onclick=&#8220;link_image&#8220;][\/vc_column][\/vc_row][vc_row equal_height=&#8220;yes&#8220; content_placement=&#8220;middle&#8220; el_class=&#8220;row-slika-z-opisom&#8220;][vc_column width=&#8220;1\/2&#8243; el_class=&#8220;levi-box-slika&#8220;][vc_single_image image=&#8220;428&#8243; img_size=&#8220;full&#8220; alignment=&#8220;center&#8220;][\/vc_column][vc_column width=&#8220;1\/2&#8243; el_class=&#8220;desni-box-text&#8220;][vc_column_text]<\/p>\n<h2>Qualit\u00e4t ist Teil unserer Unternehmens-DNA<\/h2>\n<p><span style=\"font-weight: 400;\">Seit mehr als 15 Jahren sind wir als <\/span><b>ISO 9001-zertifizierter Auftragsfertiger<\/b><span style=\"font-weight: 400;\"> t\u00e4tig. Das ist ein klares Zeichen f\u00fcr unser Engagement f\u00fcr Qualit\u00e4t und die Erf\u00fcllung der Anforderungen unserer Kunden. Zus\u00e4tzlich haben wir die <\/span><b>IATF 16949-Richtlinie<\/b><span style=\"font-weight: 400;\"> eingef\u00fchrt, um die vollst\u00e4ndige Qualit\u00e4tskontrolle, Planung und R\u00fcckverfolgbarkeit unserer Arbeit f\u00fcr die Automobilindustrie zu gew\u00e4hrleisten.\u00a0\u00a0<\/span><\/p>\n<p><b>Vorgeschriebene Bestimmungen<\/b><span style=\"font-weight: 400;\"> und normative Vorgaben wie die europ\u00e4ische Chemikalienverordnung \u201eReach\u201c, die EU-RoHS- und die UL-Richtlinien sind ein <\/span><b>fester Bestandteil unserer Arbeitsroutine<\/b><span style=\"font-weight: 400;\">. Unter Ber\u00fccksichtigung der ESG-Richtlinie (Umwelt, Soziales, Unternehmensf\u00fchrung) setzen wir uns dabei immer f\u00fcr <\/span><b>Transparenz und die Verwendung umweltfreundlicher Materialien<\/b><span style=\"font-weight: 400;\"> ein.<\/span>[\/vc_column_text][\/vc_column][\/vc_row][vc_row equal_height=&#8220;yes&#8220; content_placement=&#8220;middle&#8220; el_class=&#8220;row-slika-z-opisom&#8220;][vc_column width=&#8220;1\/2&#8243; el_class=&#8220;levi-box-text&#8220;][vc_column_text]<\/p>\n<h2>Wir fungieren als Einheit<\/h2>\n<p><span style=\"font-weight: 400;\">Jeder unserer Kunden verf\u00fcgt \u00fcber einen <\/span><b>pers\u00f6nlichen Ansprechpartner f\u00fcr den gesamten Produktionsablauf<\/b><span style=\"font-weight: 400;\">. Bei Rodex Mechatronics erwartet Sie insgesamt ein Team von mehr als 110 Experten, die alle gemeinsam ein einziges Ziel verfolgen: die <\/span><b>Fertigung hochqualitativer Komponenten und Endprodukte<\/b><span style=\"font-weight: 400;\"> mit globalem Anspruch. Wir arbeiten leidenschaftlich Seite an Seite als Team. Unsere innovative Denkweise, die proaktive Philosophie und unsere flexible Mentalit\u00e4t erm\u00f6glichen es uns, kontinuierlich zu wachsen und all unseren Verpflichtungen vollauf gerechtzuwerden.<\/span>[\/vc_column_text][\/vc_column][vc_column width=&#8220;1\/2&#8243; el_class=&#8220;desni-box-slika&#8220;][vc_single_image image=&#8220;560&#8243; img_size=&#8220;full&#8220; alignment=&#8220;center&#8220; onclick=&#8220;link_image&#8220;][\/vc_column][\/vc_row]<\/p>\n","protected":false},"excerpt":{"rendered":"<p>[vc_row equal_height=&#8220;yes&#8220; content_placement=&#8220;middle&#8220; el_class=&#8220;row-slika-z-opisom&#8220;][vc_column width=&#8220;1\/2&#8243; el_class=&#8220;levi-box-text&#8220;][vc_column_text] Kleine Anf\u00e4nge, gro\u00dfe Entwicklungen Wir sind von einer simplen Spulen- und Werkzeugmanufaktur zu einem Unternehmen mit mehr als 75+ Experten herangewachsen und bieten heute verschiedenen Branchen umfassende Unterst\u00fctzung bei der Fertigung von Komponenten und Endger\u00e4ten. Rodex Mechatronics hat dabei stets den Fokus auf Kundenzufriedenheit, Produktqualit\u00e4t, Flexibilit\u00e4t und schnelle Ausf\u00fchrung [&hellip;]<\/p>\n","protected":false},"author":1,"featured_media":0,"parent":1436,"menu_order":32,"comment_status":"closed","ping_status":"closed","template":"","meta":{"_acf_changed":false,"inline_featured_image":false,"footnotes":""},"class_list":["post-1130","page","type-page","status-publish","hentry"],"acf":[],"_links":{"self":[{"href":"https:\/\/rodex-mechatronics.com\/de\/wp-json\/wp\/v2\/pages\/1130","targetHints":{"allow":["GET"]}}],"collection":[{"href":"https:\/\/rodex-mechatronics.com\/de\/wp-json\/wp\/v2\/pages"}],"about":[{"href":"https:\/\/rodex-mechatronics.com\/de\/wp-json\/wp\/v2\/types\/page"}],"author":[{"embeddable":true,"href":"https:\/\/rodex-mechatronics.com\/de\/wp-json\/wp\/v2\/users\/1"}],"replies":[{"embeddable":true,"href":"https:\/\/rodex-mechatronics.com\/de\/wp-json\/wp\/v2\/comments?post=1130"}],"version-history":[{"count":9,"href":"https:\/\/rodex-mechatronics.com\/de\/wp-json\/wp\/v2\/pages\/1130\/revisions"}],"predecessor-version":[{"id":2806,"href":"https:\/\/rodex-mechatronics.com\/de\/wp-json\/wp\/v2\/pages\/1130\/revisions\/2806"}],"up":[{"embeddable":true,"href":"https:\/\/rodex-mechatronics.com\/de\/wp-json\/wp\/v2\/pages\/1436"}],"wp:attachment":[{"href":"https:\/\/rodex-mechatronics.com\/de\/wp-json\/wp\/v2\/media?parent=1130"}],"curies":[{"name":"wp","href":"https:\/\/api.w.org\/{rel}","templated":true}]}}