{"id":1163,"date":"2023-04-03T07:15:33","date_gmt":"2023-04-03T07:15:33","guid":{"rendered":"https:\/\/rodex-mechatronics.com\/location\/"},"modified":"2023-07-04T06:54:23","modified_gmt":"2023-07-04T06:54:23","slug":"standort","status":"publish","type":"page","link":"https:\/\/rodex-mechatronics.com\/de\/kontakt\/standort\/","title":{"rendered":"Standort"},"content":{"rendered":"<p>[vc_row full_width=&#8220;stretch_row_content_no_spaces&#8220;][vc_column][vc_empty_space height=&#8220;50px&#8220; el_class=&#8220;blank-zemljevidi&#8220;][\/vc_column][\/vc_row][vc_row css=&#8220;.vc_custom_1684309505579{background-position: center !important;background-repeat: no-repeat !important;background-size: cover !important;}&#8220; el_class=&#8220;celoten-zemljevid-slo lokacija-prva-vrstica lokacija-karta-eu&#8220;][vc_column width=&#8220;1\/2&#8243;][vc_column_text el_class=&#8220;prvi-text&#8220;]<\/p>\n<h2>Unsere Lage in Slowenien<\/h2>\n<p><span style=\"font-weight: 400;\">Rodex Mechatronics verf\u00fcgt \u00fcber einen <\/span><b>zentralen Standort mitten im Herzen<\/b><span style=\"font-weight: 400;\"> Europas. Wir befinden uns damit ganz in der N\u00e4he all unserer geografischen Schl\u00fcsselm\u00e4rkte und direkt am <\/span><b>Fixpunkt der europ\u00e4ischen Verkehrswege<\/b><span style=\"font-weight: 400;\">.\u00a0 Zudem verf\u00fcgen wir \u00fcber die <\/span><b>k\u00fcrzeste F\u00e4hrverbindung<\/b><span style=\"font-weight: 400;\"> zwischen Mittel- und Osteuropa, dem Mittelmeer und dem Fernen Osten.\u00a0<\/span><\/p>\n<p><span style=\"font-weight: 400;\">Dank der Entfernung von <\/span><b>5 km zum zentralen Fughafen<\/b><span style=\"font-weight: 400;\"> und <\/span><b>100 km zum Hafen von Koper<\/b><span style=\"font-weight: 400;\">, dem wichtigsten Container- und Automobilhafen der Region, verf\u00fcgen wir \u00fcber einen einzigartigen Zugang zu den wichtigsten Versorgungswegen. Hierdurch k\u00f6nnen wir unseren CO2-Aussto\u00df verringern und p\u00fcnktlich an Sie ausliefern &#8211; <\/span><b>innerhalb von nur 24 Stunden in ganz Europa<\/b><span style=\"font-weight: 400;\">.<\/span>[\/vc_column_text][\/vc_column][vc_column width=&#8220;1\/2&#8243; el_class=&#8220;lokacija-karta-eu-mobile&#8220;][vc_single_image image=&#8220;1514&#8243; img_size=&#8220;full&#8220; alignment=&#8220;right&#8220;][\/vc_column][\/vc_row][vc_row][vc_column width=&#8220;1\/2&#8243;][vc_single_image image=&#8220;1522&#8243; img_size=&#8220;full&#8220; alignment=&#8220;center&#8220;][\/vc_column][vc_column width=&#8220;1\/2&#8243; el_class=&#8220;lokacija-desni-stolpec&#8220;][vc_column_text]<\/p>\n<h2>Visit us<\/h2>\n<p><strong>Rodex d.o.o.<\/strong><br \/>\n<a href=\"https:\/\/goo.gl\/maps\/f9Zw8zfYemFbRkKd9\" target=\"_blank\" rel=\"noopener\">Ljubljanska 24a<br \/>\n4000 Kranj | Slovenia \u2013 EU<\/a><br \/>\nTel.: <a href=\"tel:0038642809880\">+386 4 280 98 80<\/a><br \/>\n<a href=\"mailto:info@rodex-mechatronics.com\">info@rodex-mechatronics.com<\/a>[\/vc_column_text][vc_raw_html]JTNDZGl2JTIwY2xhc3MlM0QlMjJpa29uZSUyMGxva2FjaWphJTIyJTNFJTBBJTNDYSUyMGhyZWYlM0QlMjJodHRwcyUzQSUyRiUyRnd3dy5saW5rZWRpbi5jb20lMkZjb21wYW55JTJGcm9kZXgtbWVjaGF0cm9uaWNzJTJGJTIyJTIwdGFyZ2V0JTNEJTIyX2JsYW5rJTIyJTNFJTNDZGl2JTIwY2xhc3MlM0QlMjJpa29uYSUyMGlrb25hLWxpbmtlZGluJTIyJTNFJTNDJTJGZGl2JTNFJTNDJTJGYSUzRSUwQSUzQ2ElMjBocmVmJTNEJTIyaHR0cHMlM0ElMkYlMkZ3d3cuZmFjZWJvb2suY29tJTJGUm9kZXgtZG9vLTI1MTc5ODQ4MTYxNDU5MSUyRiUyMiUyMHRhcmdldCUzRCUyMl9ibGFuayUyMiUzRSUzQ2RpdiUyMGNsYXNzJTNEJTIyaWtvbmElMjBpa29uYS1mYWNlYm9vayUyMiUzRSUzQyUyRmRpdiUzRSUzQyUyRmElM0UlMEElM0MlMkZkaXYlM0U=[\/vc_raw_html][\/vc_column][\/vc_row][vc_row full_width=&#8220;stretch_row_content_no_spaces&#8220; equal_height=&#8220;yes&#8220; content_placement=&#8220;top&#8220; el_class=&#8220;lokacija-map-slika&#8220;][vc_column width=&#8220;1\/2&#8243;][vc_single_image image=&#8220;572&#8243; img_size=&#8220;full&#8220; alignment=&#8220;right&#8220;][\/vc_column][vc_column width=&#8220;1\/2&#8243; el_class=&#8220;lokacija-column&#8220;][vc_column_text]<iframe loading=\"lazy\" style=\"border: 0;\" src=\"https:\/\/www.google.com\/maps\/embed?pb=!1m14!1m8!1m3!1d2760.3104325930412!2d14.3516593!3d46.224171!3m2!1i1024!2i768!4f13.1!3m3!1m2!1s0x477ac8002cefeb35%3A0x556bc7707b4f7d0d!2sRodex%2C%20d.o.o.%2C%20proizvodno%20trgovsko%20podjetje%20-%20sistemski%20dobavitelj!5e0!3m2!1ssl!2ssi!4v1680679868130!5m2!1ssl!2ssi\" width=\"100%\" height=\"100%\" allowfullscreen=\"allowfullscreen\"><\/iframe>[\/vc_column_text][\/vc_column][\/vc_row]<\/p>\n","protected":false},"excerpt":{"rendered":"<p>[vc_row full_width=&#8220;stretch_row_content_no_spaces&#8220;][vc_column][vc_empty_space height=&#8220;50px&#8220; el_class=&#8220;blank-zemljevidi&#8220;][\/vc_column][\/vc_row][vc_row css=&#8220;.vc_custom_1684309505579{background-position: center !important;background-repeat: no-repeat !important;background-size: cover !important;}&#8220; el_class=&#8220;celoten-zemljevid-slo lokacija-prva-vrstica lokacija-karta-eu&#8220;][vc_column width=&#8220;1\/2&#8243;][vc_column_text el_class=&#8220;prvi-text&#8220;] Unsere Lage in Slowenien Rodex Mechatronics verf\u00fcgt \u00fcber einen zentralen Standort mitten im Herzen Europas. Wir befinden uns damit ganz in der N\u00e4he all unserer geografischen Schl\u00fcsselm\u00e4rkte und direkt am Fixpunkt der europ\u00e4ischen Verkehrswege.\u00a0 Zudem verf\u00fcgen wir \u00fcber die [&hellip;]<\/p>\n","protected":false},"author":1,"featured_media":0,"parent":1436,"menu_order":43,"comment_status":"closed","ping_status":"closed","template":"","meta":{"_acf_changed":false,"inline_featured_image":false,"footnotes":""},"class_list":["post-1163","page","type-page","status-publish","hentry"],"acf":[],"_links":{"self":[{"href":"https:\/\/rodex-mechatronics.com\/de\/wp-json\/wp\/v2\/pages\/1163","targetHints":{"allow":["GET"]}}],"collection":[{"href":"https:\/\/rodex-mechatronics.com\/de\/wp-json\/wp\/v2\/pages"}],"about":[{"href":"https:\/\/rodex-mechatronics.com\/de\/wp-json\/wp\/v2\/types\/page"}],"author":[{"embeddable":true,"href":"https:\/\/rodex-mechatronics.com\/de\/wp-json\/wp\/v2\/users\/1"}],"replies":[{"embeddable":true,"href":"https:\/\/rodex-mechatronics.com\/de\/wp-json\/wp\/v2\/comments?post=1163"}],"version-history":[{"count":13,"href":"https:\/\/rodex-mechatronics.com\/de\/wp-json\/wp\/v2\/pages\/1163\/revisions"}],"predecessor-version":[{"id":1582,"href":"https:\/\/rodex-mechatronics.com\/de\/wp-json\/wp\/v2\/pages\/1163\/revisions\/1582"}],"up":[{"embeddable":true,"href":"https:\/\/rodex-mechatronics.com\/de\/wp-json\/wp\/v2\/pages\/1436"}],"wp:attachment":[{"href":"https:\/\/rodex-mechatronics.com\/de\/wp-json\/wp\/v2\/media?parent=1163"}],"curies":[{"name":"wp","href":"https:\/\/api.w.org\/{rel}","templated":true}]}}