{"id":499,"date":"2023-04-03T07:40:13","date_gmt":"2023-04-03T07:40:13","guid":{"rendered":"https:\/\/rodex-mechatronics.com\/home\/"},"modified":"2023-07-19T15:34:13","modified_gmt":"2023-07-19T15:34:13","slug":"home","status":"publish","type":"page","link":"https:\/\/rodex-mechatronics.com\/de\/","title":{"rendered":"Startseite"},"content":{"rendered":"<p>[vc_row full_width=&#8220;stretch_row_content_no_spaces&#8220;][vc_column]<div class=\"custom-sh selected-item-carousel-items carousel-kompetence\"><h1 class=\"mobile-heading margin-b-zero mobile-only\">Competencies<\/h1><div class=\"carousel-wrapper\"><div class=\"slider-carousel slider-carousel-kompetence\"><div class=\"carousel-slide\"><a href=\"https:\/\/rodex-mechatronics.com\/de\/kompetenzen\/durchdachte-fertigungsloesungen\/\" title=\"Durchdachte Fertigungsl\u00f6sungen\" class=\"single-carousel-item\"><div class=\"single-carousel-item-bg\" style= \" background-image: url(https:\/\/rodex-mechatronics.com\/wp-content\/uploads\/2023\/04\/WEB-Rodex-166-430x430.jpg);\" ><\/div><div class=\"single-carousel-item-overlay\"><\/div><div class=\"single-carousel-item-inside\"><h2 class=\"single-carousel-title\">Durchdachte Fertigungsl\u00f6sungen<\/h2><div class=\"single-carousel-description\"><div class=\"single-carousel-border\"><\/div>Bei uns bekommen Sie eine vollumf\u00e4ngliche Produktkonzeptualisierung f\u00fcr Ihre Fertigung zugunsten einer idealen Produktentwicklung, um eine optimale Serienproduktion zu gew\u00e4hrleisten. <\/div><div class=\"single-carousel-readmore\">Mehr erfahren<\/div><\/div><\/a><\/div><div class=\"carousel-slide\"><a href=\"https:\/\/rodex-mechatronics.com\/de\/kompetenzen\/konstruktion-und-herstellung-von-werkzeugen\/\" title=\"Werkzeugskonzept- &#038; herstellung\" class=\"single-carousel-item\"><div class=\"single-carousel-item-bg\" style= \" background-image: url(https:\/\/rodex-mechatronics.com\/wp-content\/uploads\/2025\/03\/Rodex-tool-shop-1-1-430x430.jpg);\" ><\/div><div class=\"single-carousel-item-overlay\"><\/div><div class=\"single-carousel-item-inside\"><h2 class=\"single-carousel-title\">Werkzeugskonzept- &#038; herstellung<\/h2><div class=\"single-carousel-description\"><div class=\"single-carousel-border\"><\/div>Dank unserer fachkundigen Analyse und Beratung zu m\u00f6glichen Produktoptimierungen erhalten Sie das optimale Werkzeug f\u00fcr eine zuverl\u00e4ssige Serienproduktion. Qualit\u00e4tskontrollierter Werkzeugbau von Grund auf bis zur endg\u00fcltigen Freigabe. <\/div><div class=\"single-carousel-readmore\">Mehr erfahren<\/div><\/div><\/a><\/div><div class=\"carousel-slide\"><a href=\"https:\/\/rodex-mechatronics.com\/de\/kompetenzen\/kunststoff-spritzguss\/\" title=\"Kunststoff-Spritzguss\" class=\"single-carousel-item\"><div class=\"single-carousel-item-bg\" style= \" background-image: url(https:\/\/rodex-mechatronics.com\/wp-content\/uploads\/2025\/03\/Rodex-injection-moulding-430x430.jpg);\" ><\/div><div class=\"single-carousel-item-overlay\"><\/div><div class=\"single-carousel-item-inside\"><h2 class=\"single-carousel-title\">Kunststoff-Spritzguss<\/h2><div class=\"single-carousel-description\"><div class=\"single-carousel-border\"><\/div>Pr\u00e4zise Ausformung, Formflussanalyse, Prototyp-Herstellung und Spritzgussverfahren f\u00fcr eine optimale Serienproduktion. <\/div><div class=\"single-carousel-readmore\">Mehr erfahren<\/div><\/div><\/a><\/div><div class=\"carousel-slide\"><a href=\"https:\/\/rodex-mechatronics.com\/de\/kompetenzen\/montage\/\" title=\"Montage\" class=\"single-carousel-item\"><div class=\"single-carousel-item-bg\" style= \" background-image: url(https:\/\/rodex-mechatronics.com\/wp-content\/uploads\/2025\/03\/Rodex-assembly-430x430.jpg);\" ><\/div><div class=\"single-carousel-item-overlay\"><\/div><div class=\"single-carousel-item-inside\"><h2 class=\"single-carousel-title\">Montage<\/h2><div class=\"single-carousel-description\"><div class=\"single-carousel-border\"><\/div>Komplettl\u00f6sung mit einer gro\u00dfen Auswahl an verschiedenen Technologien, einschlie\u00dflich Prozessentwicklung und -optimierung, Komponentenproduktion, Beschaffung, Montage, Qualit\u00e4tssicherung und Auslieferung.<\/div><div class=\"single-carousel-readmore\">Mehr erfahren<\/div><\/div><\/a><\/div><div class=\"carousel-slide\"><a href=\"https:\/\/rodex-mechatronics.com\/de\/kompetenzen\/aktuatoren-und-spulenwicklungen\/\" title=\"Aktuatoren und Spulenwicklungen\" class=\"single-carousel-item\"><div class=\"single-carousel-item-bg\" style= \" background-image: url(https:\/\/rodex-mechatronics.com\/wp-content\/uploads\/2023\/04\/Kompetence_Solenoid-Coils_1-430x430.jpg);\" ><\/div><div class=\"single-carousel-item-overlay\"><\/div><div class=\"single-carousel-item-inside\"><h2 class=\"single-carousel-title\">Aktuatoren und Spulenwicklungen<\/h2><div class=\"single-carousel-description\"><div class=\"single-carousel-border\"><\/div>Beratung, Entwicklung und Herstellung von Spulen und Aktuatoren f\u00fcr jedes denkbare Konzept.<\/div><div class=\"single-carousel-readmore\">Mehr erfahren<\/div><\/div><\/a><\/div><\/div><\/div><\/div><script>\n  jQuery(document).ready(function () {\n  \n  var slickElcarokomp = jQuery('.slider-carousel-kompetence'); \n\nslickElcarokomp.slick({\n  centerMode: false,\n  centerPadding: '100px',\n  slidesToShow: 5,  \n  autoplay:true,\n  autoplaySpeed: 5000,\n  infinite: false,\n  arrows: false,\n  variableWidth: true,\n  pauseOnHover:true,\n  dots: false, \n  \n         responsive: [{\n          breakpoint: 2130,\n          settings: {\n            autoplay:true, \n            infinite: true,\n            arrows: true,\n            slidesToShow: 4   \n          }\n        \n        },\n        {\n          breakpoint: 767,\n          settings: {\n            autoplay:true, \n            infinite: true,\n            arrows: false,\n            slidesToShow: 1,\n            dots: true,\n            variableWidth: false\n          } \n        }]\n});\n\n});\n<\/script><style> .carousel-wrapper { max-width: 2130px; }<\/style>[\/vc_column][\/vc_row][vc_row][vc_column]<div class=\"custom-sh ikonanaslovsh\"><div class=\"ikonanaslov-inside\"><div class=\"ikonanaslov-single\"><img decoding=\"async\" src=\"https:\/\/rodex-mechatronics.com\/wp-content\/uploads\/2023\/04\/40-experience.svg\" \/><div class=\"ikonanaslov-naslov\">\u00dcber 40 Jahre Erfahrung<\/div><\/div><div class=\"ikonanaslov-single\"><img decoding=\"async\" src=\"https:\/\/rodex-mechatronics.com\/wp-content\/uploads\/2023\/04\/Expertise.svg\" \/><div class=\"ikonanaslov-naslov\">Hohe Pr\u00e4zision und Kompetenz<\/div><\/div><div class=\"ikonanaslov-single\"><img decoding=\"async\" src=\"https:\/\/rodex-mechatronics.com\/wp-content\/uploads\/2023\/04\/All-in-one.svg\" \/><div class=\"ikonanaslov-naslov\">Alles aus <br\/>einer Hand<\/div><\/div><div class=\"ikonanaslov-single\"><img decoding=\"async\" src=\"https:\/\/rodex-mechatronics.com\/wp-content\/uploads\/2023\/04\/Network.svg\" \/><div class=\"ikonanaslov-naslov\">Netzwerk von \u00fcber 300 Lieferanten<\/div><\/div><div class=\"ikonanaslov-single\"><img decoding=\"async\" src=\"https:\/\/rodex-mechatronics.com\/wp-content\/uploads\/2023\/04\/Full-product-assembly-1.png\" \/><div class=\"ikonanaslov-naslov\">Umfangreiche Maschinerie<\/div><\/div><div class=\"clear\"><\/div><\/div><\/div>[\/vc_column][\/vc_row][vc_row full_width=&#8220;stretch_row_content_no_spaces&#8220;][vc_column el_class=&#8220;center-1275&#8243;]<div class=\"custom-sh selected-item-wrapper selected-item-grid-industrije\"><div class=\"single-industrija-mobile-wrapper mobile-only\"><h1 class=\"single-industrija-mobile-title mobile-heading\">Industries<\/h1><div class=\"single-industrija-mobile-description\">Tap into our broad expertise, which comes from serving various fields and industries. With 40 years of experience in contract manufacturing solutions, your market, your business, and your production demands will be well understood.<\/div><\/div><div class=\"selected-item-grid-industrije-wrapper desktop-ind-grid\"><a href=\"https:\/\/rodex-mechatronics.com\/de\/branchen\/messtechnik\/\" title=\"Messtechnik\" class=\"single-industrija-grid-item\"><div class=\"single-industrija-grid-item-bg\" style= \" background-image: url(https:\/\/rodex-mechatronics.com\/wp-content\/uploads\/2023\/04\/Metering-430x430.jpg);\" ><\/div><div class=\"single-industrija-grid-item-overlay\"><\/div><div class=\"single-industrija-grid-item-inside\"><h2 class=\"single-industrija-grid-title\">Messtechnik<\/h2><div class=\"single-industrija-grid-description\"><div class=\"single-industrija-grid-border\"><\/div>Ihr Partner f\u00fcr die Fertigung von elektromechanischen Komponenten und Baugruppen f\u00fcr verschiedenste Ger\u00e4te aus dem Bereich der Messtechnik.<\/div><div class=\"single-industrija-grid-readmore\">Mehr erfahren<\/div><\/div><\/a><a href=\"https:\/\/rodex-mechatronics.com\/de\/branchen\/automobilindustrie\/\" title=\"Automobilindustrie\" class=\"single-industrija-grid-item\"><div class=\"single-industrija-grid-item-bg\" style= \" background-image: url(https:\/\/rodex-mechatronics.com\/wp-content\/uploads\/2023\/04\/Automotive-2-430x430.jpg);\" ><\/div><div class=\"single-industrija-grid-item-overlay\"><\/div><div class=\"single-industrija-grid-item-inside\"><h2 class=\"single-industrija-grid-title\">Automobilindustrie<\/h2><div class=\"single-industrija-grid-description\"><div class=\"single-industrija-grid-border\"><\/div>Entwicklung von Fertigungsprozessen und Herstellung von Teilen und Baugruppen, einschlie\u00dflich des Umformens unterschiedlicher Eins\u00e4tze f\u00fcr verschiedene Automobilprodukte. H\u00f6chste Qualit\u00e4t und p\u00fcnktliche Lieferung.<\/div><div class=\"single-industrija-grid-readmore\">Mehr erfahren<\/div><\/div><\/a><a href=\"https:\/\/rodex-mechatronics.com\/de\/branchen\/medizinische-geraete\/\" title=\"Medizinische Ger\u00e4te\" class=\"single-industrija-grid-item\"><div class=\"single-industrija-grid-item-bg\" style= \" background-image: url(https:\/\/rodex-mechatronics.com\/wp-content\/uploads\/2023\/04\/Industries_Medical_1-430x430.jpg);\" ><\/div><div class=\"single-industrija-grid-item-overlay\"><\/div><div class=\"single-industrija-grid-item-inside\"><h2 class=\"single-industrija-grid-title\">Medizinische Ger\u00e4te<\/h2><div class=\"single-industrija-grid-description\"><div class=\"single-industrija-grid-border\"><\/div>100% qualit\u00e4tskontrollierte Produktion von elektromechanischen und elektromagnetischen Komponenten, pr\u00e4zise gefertigten Baugruppen und Ger\u00e4ten f\u00fcr verschiedene Anwendungen in der medizinischen Industrie.<\/div><div class=\"single-industrija-grid-readmore\">Mehr erfahren<\/div><\/div><\/a><a href=\"https:\/\/rodex-mechatronics.com\/de\/branchen\/zahlungssysteme\/\" title=\"Zahlungssysteme\" class=\"single-industrija-grid-item\"><div class=\"single-industrija-grid-item-bg\" style= \" background-image: url(https:\/\/rodex-mechatronics.com\/wp-content\/uploads\/2023\/04\/blagajna-430x430.jpg);\" ><\/div><div class=\"single-industrija-grid-item-overlay\"><\/div><div class=\"single-industrija-grid-item-inside\"><h2 class=\"single-industrija-grid-title\">Zahlungssysteme<\/h2><div class=\"single-industrija-grid-description\"><div class=\"single-industrija-grid-border\"><\/div>Durch die Integration verschiedener Technologien validieren, z\u00e4hlen und sortieren die Produktl\u00f6sungen von Rodex die Chips f\u00fcr den Einzelhandel, Verkaufsautomaten, Parksysteme und Casinobedarf.  <\/div><div class=\"single-industrija-grid-readmore\">Mehr erfahren<\/div><\/div><\/a><a href=\"https:\/\/rodex-mechatronics.com\/de\/branchen\/e-mobilitaetsloesungen\/\" title=\"E-Mobilit\u00e4tsl\u00f6sungen\" class=\"single-industrija-grid-item\"><div class=\"single-industrija-grid-item-bg\" style= \" background-image: url(https:\/\/rodex-mechatronics.com\/wp-content\/uploads\/2023\/04\/Industries_E-mobility-2-430x430.jpg);\" ><\/div><div class=\"single-industrija-grid-item-overlay\"><\/div><div class=\"single-industrija-grid-item-inside\"><h2 class=\"single-industrija-grid-title\">E-Mobilit\u00e4tsl\u00f6sungen<\/h2><div class=\"single-industrija-grid-description\"><div class=\"single-industrija-grid-border\"><\/div>Herstellung von ma\u00dfgeschneiderten elektromagnetischen und elektromechanischen Komponenten und Baugruppen f\u00fcr intelligente E-Mobilit\u00e4tsl\u00f6sungen, angefangen von der Batterie-ECU bishin zu Ladestationen f\u00fcr Elektrofahrzeuge.<\/div><div class=\"single-industrija-grid-readmore\">Mehr erfahren<\/div><\/div><\/a><a href=\"https:\/\/rodex-mechatronics.com\/de\/branchen\/smart-home\/\" title=\"Smart-Home\" class=\"single-industrija-grid-item\"><div class=\"single-industrija-grid-item-bg\" style= \" background-image: url(https:\/\/rodex-mechatronics.com\/wp-content\/uploads\/2023\/04\/Electronics-430x430.jpg);\" ><\/div><div class=\"single-industrija-grid-item-overlay\"><\/div><div class=\"single-industrija-grid-item-inside\"><h2 class=\"single-industrija-grid-title\">Smart-Home<\/h2><div class=\"single-industrija-grid-description\"><div class=\"single-industrija-grid-border\"><\/div>Ihre Komplettl\u00f6sung f\u00fcr die Produktion von optimal zugeschnittenen elektromechanischen und elektromagnetischen Komponenten und Baugruppen f\u00fcr verschiedene Smart Home-Ger\u00e4te.<\/div><div class=\"single-industrija-grid-readmore\">Mehr erfahren<\/div><\/div><\/a><div class=\"clear\"><\/div><\/div><div class=\"selected-item-grid-industrije-wrapper mobile-ind-slider\"><div class=\"mobile-ind-slide\"><a href=\"https:\/\/rodex-mechatronics.com\/de\/branchen\/messtechnik\/\" title=\"Messtechnik\" class=\"single-industrija-grid-item\"><div class=\"single-industrija-grid-item-bg\" style= \" background-image: url(https:\/\/rodex-mechatronics.com\/wp-content\/uploads\/2023\/04\/Metering-430x430.jpg);\" ><\/div><div class=\"single-industrija-grid-item-overlay\"><\/div><div class=\"single-industrija-grid-item-inside\"><h2 class=\"single-industrija-grid-title\">Messtechnik<\/h2><div class=\"single-industrija-grid-description\"><div class=\"single-industrija-grid-border\"><\/div>Ihr Partner f\u00fcr die Fertigung von elektromechanischen Komponenten und Baugruppen f\u00fcr verschiedenste Ger\u00e4te aus dem Bereich der Messtechnik.<\/div><div class=\"single-industrija-grid-readmore\">Mehr erfahren<\/div><\/div><\/a><\/div><div class=\"mobile-ind-slide\"><a href=\"https:\/\/rodex-mechatronics.com\/de\/branchen\/automobilindustrie\/\" title=\"Automobilindustrie\" class=\"single-industrija-grid-item\"><div class=\"single-industrija-grid-item-bg\" style= \" background-image: url(https:\/\/rodex-mechatronics.com\/wp-content\/uploads\/2023\/04\/Automotive-2-430x430.jpg);\" ><\/div><div class=\"single-industrija-grid-item-overlay\"><\/div><div class=\"single-industrija-grid-item-inside\"><h2 class=\"single-industrija-grid-title\">Automobilindustrie<\/h2><div class=\"single-industrija-grid-description\"><div class=\"single-industrija-grid-border\"><\/div>Entwicklung von Fertigungsprozessen und Herstellung von Teilen und Baugruppen, einschlie\u00dflich des Umformens unterschiedlicher Eins\u00e4tze f\u00fcr verschiedene Automobilprodukte. H\u00f6chste Qualit\u00e4t und p\u00fcnktliche Lieferung.<\/div><div class=\"single-industrija-grid-readmore\">Mehr erfahren<\/div><\/div><\/a><\/div><div class=\"mobile-ind-slide\"><a href=\"https:\/\/rodex-mechatronics.com\/de\/branchen\/medizinische-geraete\/\" title=\"Medizinische Ger\u00e4te\" class=\"single-industrija-grid-item\"><div class=\"single-industrija-grid-item-bg\" style= \" background-image: url(https:\/\/rodex-mechatronics.com\/wp-content\/uploads\/2023\/04\/Industries_Medical_1-430x430.jpg);\" ><\/div><div class=\"single-industrija-grid-item-overlay\"><\/div><div class=\"single-industrija-grid-item-inside\"><h2 class=\"single-industrija-grid-title\">Medizinische Ger\u00e4te<\/h2><div class=\"single-industrija-grid-description\"><div class=\"single-industrija-grid-border\"><\/div>100% qualit\u00e4tskontrollierte Produktion von elektromechanischen und elektromagnetischen Komponenten, pr\u00e4zise gefertigten Baugruppen und Ger\u00e4ten f\u00fcr verschiedene Anwendungen in der medizinischen Industrie.<\/div><div class=\"single-industrija-grid-readmore\">Mehr erfahren<\/div><\/div><\/a><\/div><div class=\"mobile-ind-slide\"><a href=\"https:\/\/rodex-mechatronics.com\/de\/branchen\/zahlungssysteme\/\" title=\"Zahlungssysteme\" class=\"single-industrija-grid-item\"><div class=\"single-industrija-grid-item-bg\" style= \" background-image: url(https:\/\/rodex-mechatronics.com\/wp-content\/uploads\/2023\/04\/blagajna-430x430.jpg);\" ><\/div><div class=\"single-industrija-grid-item-overlay\"><\/div><div class=\"single-industrija-grid-item-inside\"><h2 class=\"single-industrija-grid-title\">Zahlungssysteme<\/h2><div class=\"single-industrija-grid-description\"><div class=\"single-industrija-grid-border\"><\/div>Durch die Integration verschiedener Technologien validieren, z\u00e4hlen und sortieren die Produktl\u00f6sungen von Rodex die Chips f\u00fcr den Einzelhandel, Verkaufsautomaten, Parksysteme und Casinobedarf.  <\/div><div class=\"single-industrija-grid-readmore\">Mehr erfahren<\/div><\/div><\/a><\/div><div class=\"mobile-ind-slide\"><a href=\"https:\/\/rodex-mechatronics.com\/de\/branchen\/e-mobilitaetsloesungen\/\" title=\"E-Mobilit\u00e4tsl\u00f6sungen\" class=\"single-industrija-grid-item\"><div class=\"single-industrija-grid-item-bg\" style= \" background-image: url(https:\/\/rodex-mechatronics.com\/wp-content\/uploads\/2023\/04\/Industries_E-mobility-2-430x430.jpg);\" ><\/div><div class=\"single-industrija-grid-item-overlay\"><\/div><div class=\"single-industrija-grid-item-inside\"><h2 class=\"single-industrija-grid-title\">E-Mobilit\u00e4tsl\u00f6sungen<\/h2><div class=\"single-industrija-grid-description\"><div class=\"single-industrija-grid-border\"><\/div>Herstellung von ma\u00dfgeschneiderten elektromagnetischen und elektromechanischen Komponenten und Baugruppen f\u00fcr intelligente E-Mobilit\u00e4tsl\u00f6sungen, angefangen von der Batterie-ECU bishin zu Ladestationen f\u00fcr Elektrofahrzeuge.<\/div><div class=\"single-industrija-grid-readmore\">Mehr erfahren<\/div><\/div><\/a><\/div><div class=\"mobile-ind-slide\"><a href=\"https:\/\/rodex-mechatronics.com\/de\/branchen\/smart-home\/\" title=\"Smart-Home\" class=\"single-industrija-grid-item\"><div class=\"single-industrija-grid-item-bg\" style= \" background-image: url(https:\/\/rodex-mechatronics.com\/wp-content\/uploads\/2023\/04\/Electronics-430x430.jpg);\" ><\/div><div class=\"single-industrija-grid-item-overlay\"><\/div><div class=\"single-industrija-grid-item-inside\"><h2 class=\"single-industrija-grid-title\">Smart-Home<\/h2><div class=\"single-industrija-grid-description\"><div class=\"single-industrija-grid-border\"><\/div>Ihre Komplettl\u00f6sung f\u00fcr die Produktion von optimal zugeschnittenen elektromechanischen und elektromagnetischen Komponenten und Baugruppen f\u00fcr verschiedene Smart Home-Ger\u00e4te.<\/div><div class=\"single-industrija-grid-readmore\">Mehr erfahren<\/div><\/div><\/a><\/div><\/div><\/div>[\/vc_column][\/vc_row][vc_row css=&#8220;.vc_custom_1684302555500{background-position: center !important;background-repeat: no-repeat !important;background-size: cover !important;}&#8220; el_class=&#8220;celoten-zemljevid-slo home-zemljevid&#8220;][vc_column width=&#8220;1\/2&#8243;][vc_column_text el_class=&#8220;prvi-text&#8220;]<\/p>\n<h2>Bed\u00fcrfnis- und ortsnah<\/h2>\n<p><span style=\"font-weight: 400;\">Rodex Mechatronics befindet sich am Schnittpunkt der europ\u00e4ischen Verkehrsadern. Unsere geostrategische Lage verbindet uns perfekt mit allen Standorten des Kontinents. Dies erm\u00f6glicht eine einfache Integration in Lieferketten, schnelle Auslieferung, hohe Effizienz, niedrige Kosten und geringere Co2-Emissionen.<\/span>[\/vc_column_text][vc_column_text el_class=&#8220;drugi-text&#8220;]<\/p>\n<h2>Achtsamer Fokus auf Ihr Gesch\u00e4ft und unseren Planeten<\/h2>\n<p>Dank dem ganzheitlichen Ansatz tr\u00e4gt Rodex Mechatronics in hohem Ma\u00dfe dazu bei, die Kohlenstoffemissionen zu reduzieren und umweltvertr\u00e4gliche Produkte zu entwickeln. Als Global Player sind wir uns unserer Verantwortung in den Bereichen Qualit\u00e4t, Gesch\u00e4ftsethik, Ressourcenmanagement, Umweltschutz, soziale Auswirkungen, Gesundheit und Arbeitssicherheit voll bewusst.[\/vc_column_text][\/vc_column][vc_column width=&#8220;1\/2&#8243; el_class=&#8220;home-maps-small-screen&#8220;][vc_single_image image=&#8220;289&#8243; img_size=&#8220;full&#8220; alignment=&#8220;right&#8220;][\/vc_column][\/vc_row][vc_row][vc_column]<div class=\"templatera_shortcode\"><div class=\"vc_row wpb_row vc_row-fluid\"><div class=\"wpb_column vc_column_container vc_col-sm-12\"><div class=\"vc_column-inner\"><div class=\"wpb_wrapper\"><div class=\"custom-sh contactsupport-sh\"><div class=\"contactsupportsh-col1\"><img decoding=\"async\" src=\"https:\/\/rodex-mechatronics.com\/wp-content\/uploads\/2023\/09\/KZI0734-Edit-scaled.jpg\" \/><\/div><div class=\"contactsupportsh-col2\"><h2 class=\"contactsupportsh-title\">Kontaktaufnahme &amp; Kundendienst<\/h2><div class=\"contactsupportsh-opis\">Haben Sie Fragen? Ben\u00f6tigen Sie einen Partner f\u00fcr Ihr n\u00e4chstes Projekt? Wir begleiten Sie zuverl\u00e4ssig bei jedem Schritt auf Ihrem Weg.<\/div><\/div><div class=\"contactsupportsh-col3\"><div class=\"contactsupportsh-info info-tel\"><a href=\"tel:+38642809880\">+386 4 280 98 80<\/a><\/div><div class=\"contactsupportsh-info info-email\"><a href=\"mailto:info@rodex-mechatronics.com\">info@rodex-mechatronics.com<\/a><\/div><\/div><div class=\"clear\"><\/div><\/div><\/div><\/div><\/div><\/div><\/div>[\/vc_column][\/vc_row]<\/p>\n","protected":false},"excerpt":{"rendered":"CompetenciesDurchdachte Fertigungsl\u00f6sungenBei uns bekommen Sie eine vollumf\u00e4ngliche Produktkonzeptualisierung f\u00fcr Ihre Fertigung zugunsten einer idealen Produktentwicklung, um eine optimale Serienproduktion zu gew\u00e4hrleisten. Mehr erfahrenWerkzeugskonzept- &#038; herstellungDank unserer fachkundigen Analyse und Beratung zu m\u00f6glichen Produktoptimierungen erhalten Sie das optimale Werkzeug f\u00fcr eine zuverl\u00e4ssige Serienproduktion. Qualit\u00e4tskontrollierter Werkzeugbau von Grund auf bis zur endg\u00fcltigen Freigabe. Mehr erfahrenKunststoff-SpritzgussPr\u00e4zise Ausformung, Formflussanalyse, [...]","protected":false},"author":1,"featured_media":0,"parent":0,"menu_order":39,"comment_status":"closed","ping_status":"closed","template":"template-home.php","meta":{"_acf_changed":false,"inline_featured_image":false,"footnotes":""},"class_list":["post-499","page","type-page","status-publish","hentry"],"acf":[],"_links":{"self":[{"href":"https:\/\/rodex-mechatronics.com\/de\/wp-json\/wp\/v2\/pages\/499","targetHints":{"allow":["GET"]}}],"collection":[{"href":"https:\/\/rodex-mechatronics.com\/de\/wp-json\/wp\/v2\/pages"}],"about":[{"href":"https:\/\/rodex-mechatronics.com\/de\/wp-json\/wp\/v2\/types\/page"}],"author":[{"embeddable":true,"href":"https:\/\/rodex-mechatronics.com\/de\/wp-json\/wp\/v2\/users\/1"}],"replies":[{"embeddable":true,"href":"https:\/\/rodex-mechatronics.com\/de\/wp-json\/wp\/v2\/comments?post=499"}],"version-history":[{"count":22,"href":"https:\/\/rodex-mechatronics.com\/de\/wp-json\/wp\/v2\/pages\/499\/revisions"}],"predecessor-version":[{"id":1605,"href":"https:\/\/rodex-mechatronics.com\/de\/wp-json\/wp\/v2\/pages\/499\/revisions\/1605"}],"wp:attachment":[{"href":"https:\/\/rodex-mechatronics.com\/de\/wp-json\/wp\/v2\/media?parent=499"}],"curies":[{"name":"wp","href":"https:\/\/api.w.org\/{rel}","templated":true}]}}