{"id":1029,"date":"2023-06-28T05:39:18","date_gmt":"2023-06-28T05:39:18","guid":{"rendered":"https:\/\/rodex-mechatronics.com\/?page_id=1029"},"modified":"2025-12-09T13:20:59","modified_gmt":"2025-12-09T13:20:59","slug":"o-nas","status":"publish","type":"page","link":"https:\/\/rodex-mechatronics.com\/sl\/kontakt\/o-nas\/","title":{"rendered":"O nas"},"content":{"rendered":"<p>[vc_row equal_height=&#8221;yes&#8221; content_placement=&#8221;middle&#8221; el_class=&#8221;row-slika-z-opisom&#8221;][vc_column width=&#8221;1\/2&#8243; el_class=&#8221;levi-box-text&#8221;][vc_column_text]<\/p>\n<h2>Majhni za\u010detki, odli\u010dni rezultati<\/h2>\n<p>Od preproste delavnice za navijanje tuljav in orodjarne do podjetja s 75+ strokovnjaki, ki ponuja popolno proizvodno podporo razli\u010dnim industrijam. Rodex Mechatronics je zrasel z neprekinjenim osredoto\u010danjem na zadovoljstvo strank, kakovost izdelkov, prilagodljivost in hitro izvedbo. Stranke nam \u017ee ve\u010d desetletij zaupajo zaradi na\u0161e podjetni\u0161ke miselnosti, timskega dela ter na\u0161ega vedno ve\u010djega strokovnega znanja in kompetenc. Kot podjetje s celovito storitvijo nas prepoznavajo nekatera najve\u010dja podjetja. Ohranjamo hitrost in prilagodljivost, ki krasita manj\u0161a in agilna podjetja.[\/vc_column_text][\/vc_column][vc_column width=&#8221;1\/2&#8243; el_class=&#8221;desni-box-slika&#8221;][vc_single_image image=&#8221;569&#8243; img_size=&#8221;full&#8221; alignment=&#8221;center&#8221; onclick=&#8221;link_image&#8221;][\/vc_column][\/vc_row][vc_row equal_height=&#8221;yes&#8221; content_placement=&#8221;middle&#8221; el_class=&#8221;row-slika-z-opisom&#8221;][vc_column width=&#8221;1\/2&#8243; el_class=&#8221;levi-box-slika&#8221;][vc_single_image image=&#8221;1017&#8243; img_size=&#8221;full&#8221; alignment=&#8221;center&#8221; onclick=&#8221;link_image&#8221;][\/vc_column][vc_column width=&#8221;1\/2&#8243; el_class=&#8221;desni-box-text&#8221;][vc_column_text]<\/p>\n<h2>Potrebe strank so vedno na prvem mestu<\/h2>\n<p>Na\u0161e poslanstvo je biti izvrsten partner za pogodbeno proizvodnjo za podjetja v Evropi in svetu. Prizadevamo si zagotoviti prilagodljive in zanesljive storitve, ki dajejo prednost zadovoljstvu strank in zagotavljanju izjemne vrednosti. Na\u0161e hitre in zanesljive proizvodne zmogljivosti zagotavljajo pravo\u010dasno dobavo in najbolj\u0161e razmerje med ceno in izvedbo. Naj bomo va\u0161 proizvodni partner, da se boste lahko osredoto\u010dili na svojo osnovno dejavnost.[\/vc_column_text][\/vc_column][\/vc_row][vc_row full_width=&#8221;stretch_row_content_no_spaces&#8221;][vc_column]<div class=\"custom-sh citatsh\"><div class=\"citat-inside\"><h2 class=\"citat-content\">Kultura, usmerjena v rast, in vrhunski strokovnjaki s pozitivnim pristopom, ki so pripravljeni narediti \u0161e ve\u010d.<\/h2><\/div><\/div>[\/vc_column][\/vc_row][vc_row equal_height=&#8221;yes&#8221; content_placement=&#8221;middle&#8221; el_class=&#8221;row-slika-z-opisom&#8221;][vc_column width=&#8221;1\/2&#8243; el_class=&#8221;levi-box-text&#8221;][vc_column_text]<\/p>\n<h2>Svojo obljubo izpolnjujemo<\/h2>\n<p>Na\u0161a vizija pri Rodex Mechatronics je dramati\u010dno spremeniti pogodbeno proizvodno industrijo. S partnerstvom in sodelovanjem \u017eelimo biti glavni partner za podjetja, ki i\u0161\u010dejo najbolj zapletene, visokokakovostne in zahtevne elektromehanske in elektromagnetne izdelke, od koncepta izdelka do dostave. Zavezani smo zagotavljanju celovitih storitev, ki presegajo razvijajo\u010de se potrebe na\u0161ih strank. Z osredoto\u010denostjo na inovacije, prilagodljivost, zadovoljstvo strank in u\u010dinkovitost smo odlo\u010deni, da bomo spremenili proizvodni prostor na na\u010din, ki spo\u0161tuje in daje prednost dejavnikom trajnostnega razvoja ESG.[\/vc_column_text][\/vc_column][vc_column width=&#8221;1\/2&#8243; el_class=&#8221;desni-box-slika&#8221;][vc_single_image image=&#8221;2428&#8243; img_size=&#8221;full&#8221; alignment=&#8221;center&#8221; onclick=&#8221;link_image&#8221;][\/vc_column][\/vc_row][vc_row equal_height=&#8221;yes&#8221; content_placement=&#8221;middle&#8221; el_class=&#8221;row-slika-z-opisom&#8221;][vc_column width=&#8221;1\/2&#8243; el_class=&#8221;levi-box-slika&#8221;][vc_single_image image=&#8221;429&#8243; img_size=&#8221;full&#8221; alignment=&#8221;center&#8221;][\/vc_column][vc_column width=&#8221;1\/2&#8243; el_class=&#8221;desni-box-text&#8221;][vc_column_text]<\/p>\n<h2>Kakovost je vgrajena v na\u0161 DNK<\/h2>\n<p>\u017de ve\u010d kot 15 let smo pogodbeni proizvajalec, skladen s standardom ISO 9001. To poudarja na\u0161o zavezanost kakovosti in izpolnjevanju zahtev na\u0161ih strank. Poleg tega smo v na\u0161e procese uvedli pristope IATF 16949, da zagotovimo popoln nadzor kakovosti, na\u010drtovanje in sledljivost na\u0161ega dela za avtomobilsko industrijo.<\/p>\n<p>Delovanje v skladu z dolo\u010dbami in normativnimi zahtevami, kot so evropska uredba o kemikalijah Reach, EU RoHS in direktiva UL, so na\u0161a vsakodnevna rutina. Ob upo\u0161tevanju dejavnikov trajnostnega razvoja ESG (okolje, dru\u017eba, upravljanje) smo zavezani k transparentnosti in uporabi okolju prijaznih materialov.[\/vc_column_text][\/vc_column][\/vc_row][vc_row equal_height=&#8221;yes&#8221; content_placement=&#8221;middle&#8221; el_class=&#8221;row-slika-z-opisom&#8221;][vc_column width=&#8221;1\/2&#8243; el_class=&#8221;levi-box-text&#8221;][vc_column_text]<\/p>\n<h2>Delujemo kot eno<\/h2>\n<p>Vsaka stranka dobi eno kontaktno osebo za posamezno fazo celotnega procesa. Ekipa ve\u010d kot 110-ih strokovnjakov, ki jih zdru\u017euje en sam cilj ustvarjanja visokokakovostnih celovitih re\u0161itev za stranke po vsem svetu, je tisto, kar vas pri\u010dakuje pri Rodex Mechatronics. Navdu\u0161eni smo nad timskim delom. Inovativna miselnost, proaktiven pristop in prilagodljiva miselnost nam omogo\u010dajo, da si nenehno postavljamo nove izzive in izpolnjujemo svoje zaveze.[\/vc_column_text][\/vc_column][vc_column width=&#8221;1\/2&#8243; el_class=&#8221;desni-box-slika&#8221;][vc_single_image image=&#8221;561&#8243; img_size=&#8221;full&#8221; alignment=&#8221;center&#8221; onclick=&#8221;link_image&#8221;][\/vc_column][\/vc_row]<\/p>\n","protected":false},"excerpt":{"rendered":"<p>[vc_row equal_height=&#8221;yes&#8221; content_placement=&#8221;middle&#8221; el_class=&#8221;row-slika-z-opisom&#8221;][vc_column width=&#8221;1\/2&#8243; el_class=&#8221;levi-box-text&#8221;][vc_column_text] Majhni za\u010detki, odli\u010dni rezultati Od preproste delavnice za navijanje tuljav in orodjarne do podjetja s 75+ strokovnjaki, ki ponuja popolno proizvodno podporo razli\u010dnim industrijam. Rodex Mechatronics je zrasel z neprekinjenim osredoto\u010danjem na zadovoljstvo strank, kakovost izdelkov, prilagodljivost in hitro izvedbo. Stranke nam \u017ee ve\u010d desetletij zaupajo zaradi na\u0161e podjetni\u0161ke [&hellip;]<\/p>\n","protected":false},"author":1,"featured_media":0,"parent":1286,"menu_order":31,"comment_status":"closed","ping_status":"closed","template":"","meta":{"_acf_changed":false,"inline_featured_image":false,"footnotes":""},"class_list":["post-1029","page","type-page","status-publish","hentry"],"acf":[],"_links":{"self":[{"href":"https:\/\/rodex-mechatronics.com\/sl\/wp-json\/wp\/v2\/pages\/1029","targetHints":{"allow":["GET"]}}],"collection":[{"href":"https:\/\/rodex-mechatronics.com\/sl\/wp-json\/wp\/v2\/pages"}],"about":[{"href":"https:\/\/rodex-mechatronics.com\/sl\/wp-json\/wp\/v2\/types\/page"}],"author":[{"embeddable":true,"href":"https:\/\/rodex-mechatronics.com\/sl\/wp-json\/wp\/v2\/users\/1"}],"replies":[{"embeddable":true,"href":"https:\/\/rodex-mechatronics.com\/sl\/wp-json\/wp\/v2\/comments?post=1029"}],"version-history":[{"count":11,"href":"https:\/\/rodex-mechatronics.com\/sl\/wp-json\/wp\/v2\/pages\/1029\/revisions"}],"predecessor-version":[{"id":2805,"href":"https:\/\/rodex-mechatronics.com\/sl\/wp-json\/wp\/v2\/pages\/1029\/revisions\/2805"}],"up":[{"embeddable":true,"href":"https:\/\/rodex-mechatronics.com\/sl\/wp-json\/wp\/v2\/pages\/1286"}],"wp:attachment":[{"href":"https:\/\/rodex-mechatronics.com\/sl\/wp-json\/wp\/v2\/media?parent=1029"}],"curies":[{"name":"wp","href":"https:\/\/api.w.org\/{rel}","templated":true}]}}