{"id":1039,"date":"2023-04-03T07:15:33","date_gmt":"2023-04-03T07:15:33","guid":{"rendered":"https:\/\/rodex-mechatronics.com\/location\/"},"modified":"2023-07-04T06:56:51","modified_gmt":"2023-07-04T06:56:51","slug":"lokacija","status":"publish","type":"page","link":"https:\/\/rodex-mechatronics.com\/sl\/kontakt\/lokacija\/","title":{"rendered":"Lokacija"},"content":{"rendered":"<p>[vc_row full_width=&#8221;stretch_row_content_no_spaces&#8221;][vc_column][vc_empty_space height=&#8221;50px&#8221; el_class=&#8221;blank-zemljevidi&#8221;][\/vc_column][\/vc_row][vc_row css=&#8221;.vc_custom_1684309505579{background-position: center !important;background-repeat: no-repeat !important;background-size: cover !important;}&#8221; el_class=&#8221;celoten-zemljevid-slo lokacija-prva-vrstica lokacija-karta-eu&#8221;][vc_column width=&#8221;1\/2&#8243;][vc_column_text el_class=&#8221;prvi-text&#8221;]<\/p>\n<h2>S sede\u017eem v Sloveniji<\/h2>\n<p>Rodex Mechatronics ima geostrate\u0161ko lokacijo v osr\u010dju Evrope, blizu vseh na\u0161ih klju\u010dnih geografskih trgov. Le\u017eimo na sti\u010di\u0161\u010du evropskih prometnih koridorjev in imamo najkraj\u0161o pomorsko povezavo med srednjo\/vzhodno Evropo, Sredozemljem in Daljnim vzhodom.<\/p>\n<p>Z le 5 kilometri do glavnega letali\u0161\u010da in 100 kilometri do Luke Koper, najpomembnej\u0161ega kontejnerskega in avtomobilskega pristani\u0161\u010da v regiji, nam na\u0161a edinstvena lega omogo\u010da dostop do glavnih oskrbovalnih poti. Omogo\u010da nam, da zmanj\u0161amo na\u0161 oglji\u010dni odtis in izdelke dostavimo pravo\u010dasno \u2013 v samo 24 urah po vsej Evropi.[\/vc_column_text][\/vc_column][vc_column width=&#8221;1\/2&#8243; el_class=&#8221;lokacija-karta-eu-mobile&#8221;][vc_single_image image=&#8221;1503&#8243; img_size=&#8221;full&#8221; alignment=&#8221;right&#8221;][\/vc_column][\/vc_row][vc_row][vc_column width=&#8221;1\/2&#8243;][vc_single_image image=&#8221;1518&#8243; img_size=&#8221;full&#8221; alignment=&#8221;center&#8221;][\/vc_column][vc_column width=&#8221;1\/2&#8243; el_class=&#8221;lokacija-desni-stolpec&#8221;][vc_column_text]<\/p>\n<h2>Visit us<\/h2>\n<p><strong>Rodex d.o.o.<\/strong><br \/>\n<a href=\"https:\/\/goo.gl\/maps\/f9Zw8zfYemFbRkKd9\" target=\"_blank\" rel=\"noopener\">Ljubljanska 24a<br \/>\n4000 Kranj | Slovenia \u2013 EU<\/a><br \/>\nTel.: <a href=\"tel:0038642809880\">+386 4 280 98 80<\/a><br \/>\n<a href=\"mailto:info@rodex-mechatronics.com\">info@rodex-mechatronics.com<\/a>[\/vc_column_text][vc_raw_html]JTNDZGl2JTIwY2xhc3MlM0QlMjJpa29uZSUyMGxva2FjaWphJTIyJTNFJTBBJTNDYSUyMGhyZWYlM0QlMjJodHRwcyUzQSUyRiUyRnd3dy5saW5rZWRpbi5jb20lMkZjb21wYW55JTJGcm9kZXgtbWVjaGF0cm9uaWNzJTJGJTIyJTIwdGFyZ2V0JTNEJTIyX2JsYW5rJTIyJTNFJTNDZGl2JTIwY2xhc3MlM0QlMjJpa29uYSUyMGlrb25hLWxpbmtlZGluJTIyJTNFJTNDJTJGZGl2JTNFJTNDJTJGYSUzRSUwQSUzQ2ElMjBocmVmJTNEJTIyaHR0cHMlM0ElMkYlMkZ3d3cuZmFjZWJvb2suY29tJTJGUm9kZXgtZG9vLTI1MTc5ODQ4MTYxNDU5MSUyRiUyMiUyMHRhcmdldCUzRCUyMl9ibGFuayUyMiUzRSUzQ2RpdiUyMGNsYXNzJTNEJTIyaWtvbmElMjBpa29uYS1mYWNlYm9vayUyMiUzRSUzQyUyRmRpdiUzRSUzQyUyRmElM0UlMEElM0MlMkZkaXYlM0U=[\/vc_raw_html][\/vc_column][\/vc_row][vc_row full_width=&#8221;stretch_row_content_no_spaces&#8221; equal_height=&#8221;yes&#8221; content_placement=&#8221;top&#8221; el_class=&#8221;lokacija-map-slika&#8221;][vc_column width=&#8221;1\/2&#8243;][vc_single_image image=&#8221;573&#8243; img_size=&#8221;full&#8221; alignment=&#8221;right&#8221;][\/vc_column][vc_column width=&#8221;1\/2&#8243; el_class=&#8221;lokacija-column&#8221;][vc_column_text]<iframe loading=\"lazy\" style=\"border: 0;\" src=\"https:\/\/www.google.com\/maps\/embed?pb=!1m14!1m8!1m3!1d2760.3104325930412!2d14.3516593!3d46.224171!3m2!1i1024!2i768!4f13.1!3m3!1m2!1s0x477ac8002cefeb35%3A0x556bc7707b4f7d0d!2sRodex%2C%20d.o.o.%2C%20proizvodno%20trgovsko%20podjetje%20-%20sistemski%20dobavitelj!5e0!3m2!1ssl!2ssi!4v1680679868130!5m2!1ssl!2ssi\" width=\"100%\" height=\"100%\" allowfullscreen=\"allowfullscreen\"><\/iframe>[\/vc_column_text][\/vc_column][\/vc_row]<\/p>\n","protected":false},"excerpt":{"rendered":"<p>[vc_row full_width=&#8221;stretch_row_content_no_spaces&#8221;][vc_column][vc_empty_space height=&#8221;50px&#8221; el_class=&#8221;blank-zemljevidi&#8221;][\/vc_column][\/vc_row][vc_row css=&#8221;.vc_custom_1684309505579{background-position: center !important;background-repeat: no-repeat !important;background-size: cover !important;}&#8221; el_class=&#8221;celoten-zemljevid-slo lokacija-prva-vrstica lokacija-karta-eu&#8221;][vc_column width=&#8221;1\/2&#8243;][vc_column_text el_class=&#8221;prvi-text&#8221;] S sede\u017eem v Sloveniji Rodex Mechatronics ima geostrate\u0161ko lokacijo v osr\u010dju Evrope, blizu vseh na\u0161ih klju\u010dnih geografskih trgov. Le\u017eimo na sti\u010di\u0161\u010du evropskih prometnih koridorjev in imamo najkraj\u0161o pomorsko povezavo med srednjo\/vzhodno Evropo, Sredozemljem in Daljnim vzhodom. Z le 5 [&hellip;]<\/p>\n","protected":false},"author":1,"featured_media":0,"parent":1286,"menu_order":56,"comment_status":"closed","ping_status":"closed","template":"","meta":{"_acf_changed":false,"inline_featured_image":false,"footnotes":""},"class_list":["post-1039","page","type-page","status-publish","hentry"],"acf":[],"_links":{"self":[{"href":"https:\/\/rodex-mechatronics.com\/sl\/wp-json\/wp\/v2\/pages\/1039","targetHints":{"allow":["GET"]}}],"collection":[{"href":"https:\/\/rodex-mechatronics.com\/sl\/wp-json\/wp\/v2\/pages"}],"about":[{"href":"https:\/\/rodex-mechatronics.com\/sl\/wp-json\/wp\/v2\/types\/page"}],"author":[{"embeddable":true,"href":"https:\/\/rodex-mechatronics.com\/sl\/wp-json\/wp\/v2\/users\/1"}],"replies":[{"embeddable":true,"href":"https:\/\/rodex-mechatronics.com\/sl\/wp-json\/wp\/v2\/comments?post=1039"}],"version-history":[{"count":14,"href":"https:\/\/rodex-mechatronics.com\/sl\/wp-json\/wp\/v2\/pages\/1039\/revisions"}],"predecessor-version":[{"id":1584,"href":"https:\/\/rodex-mechatronics.com\/sl\/wp-json\/wp\/v2\/pages\/1039\/revisions\/1584"}],"up":[{"embeddable":true,"href":"https:\/\/rodex-mechatronics.com\/sl\/wp-json\/wp\/v2\/pages\/1286"}],"wp:attachment":[{"href":"https:\/\/rodex-mechatronics.com\/sl\/wp-json\/wp\/v2\/media?parent=1039"}],"curies":[{"name":"wp","href":"https:\/\/api.w.org\/{rel}","templated":true}]}}