{"id":1073,"date":"2023-04-03T07:23:10","date_gmt":"2023-04-03T07:23:10","guid":{"rendered":"https:\/\/rodex-mechatronics.com\/our-technology\/"},"modified":"2023-06-28T06:08:48","modified_gmt":"2023-06-28T06:08:48","slug":"nasa-tehnologija","status":"publish","type":"page","link":"https:\/\/rodex-mechatronics.com\/sl\/nas-pristop\/nasa-tehnologija\/","title":{"rendered":"Na\u0161a tehnologija"},"content":{"rendered":"<p>[vc_row full_width=&#8221;stretch_row_content_no_spaces&#8221;][vc_column]<div class=\"center-sirsi filter-tech\"><div class=\"tehnologije active\" data-filter=\"tehnologije\" >Tehnologije<\/div><div class=\"nacrtovanje-in-proizvodnja-orodij\" data-filter=\"nacrtovanje-in-proizvodnja-orodij\" >Na\u010drtovanje in proizvodnja orodij<\/div><div class=\"merjenje\" data-filter=\"merjenje\" >Merjenje<\/div><div class=\"brizganje-plastike\" data-filter=\"brizganje-plastike\" >Brizganje plastike<\/div><div class=\"montaza-in-navijanje\" data-filter=\"montaza-in-navijanje\" >Monta\u017ea in navijanje<\/div><\/div><div class=\"center-sirsi filter-tech-sel\"><select class=\"filter-tech-select\"><option value=\"tehnologije\" class=\"active\">Tehnologije<\/option><option value=\"nacrtovanje-in-proizvodnja-orodij\" >Na\u010drtovanje in proizvodnja orodij<\/option><option value=\"merjenje\" >Merjenje<\/option><option value=\"brizganje-plastike\" >Brizganje plastike<\/option><option value=\"montaza-in-navijanje\" >Monta\u017ea in navijanje<\/option><\/select><\/div><div class=\"boxes-tech\"><div class=\"tehnologije\" data-tech=\"tehnologije\" ><p>[vc_row el_class=&#8221;tech-content-table&#8221;][vc_column][vc_column_text]<\/p>\n<h2>Tehnologije<\/h2>\n<p>[\/vc_column_text]<div class=\"custom-sh tabelash\"><table cellspacing=\"0\" class=\"table-2317\"><tr><th><\/th><\/tr><tr><td>2D\/3D na\u010drtovanje orodja s Creo (CAD)<br \/><\/td><\/tr>\n<tr><td>Programiranje z Mastercam (CAM)<br \/><\/td><\/tr>\n<tr><td>Merjenje izdelkov in komponent orodja s ``SCAN`` tehnologijo (natan\u010dnost do 0,005 mm)<br \/><\/td><\/tr>\n<tr><td>WEDM \u017ei\u010dna erozija (mo\u017enost obdelave z \u017eico premera 0,1 mm)<br \/><\/td><\/tr>\n<tr><td>Potopna erozija EDM (z uporabo grafitnih, bakrenih in volframovih elektrod, ve\u010dosna erozija)<br \/><\/td><\/tr>\n<tr><td>5-osno fino rezkanje<br \/><\/td><\/tr>\n<tr><td>Rezkanje grafitnih elektrod<br \/><\/td><\/tr>\n<tr><td>Zrcalno poliranje povr\u0161in oblikovalskih delov<\/td><\/tr><\/table><\/div>[\/vc_column][\/vc_row][vc_row el_class=&#8221;tech-content-table&#8221;][vc_column]<div class=\"custom-sh tabelash\"><table cellspacing=\"0\" class=\"table-1461\"><tr><th><\/th><\/tr><tr><td>Klasi\u010dno brizganje plastike (predelava termoplasti\u010dnih materialov)<br \/><\/td><\/tr>\n<tr><td>Brizganje izdelkov z te\u017eo od 0,1 do 500 g<br \/><\/td><\/tr>\n<tr><td>Razpon zapiralne sile strojev od 28 do 160 ton<br \/><\/td><\/tr>\n<tr><td>Brizganje razli\u010dnih vlo\u017ekov v orodju (pu\u0161e, matice, osi itd.)<br \/><\/td><\/tr>\n<tr><td>2K tehnologija brizganja plastike<br \/><\/td><\/tr>\n<tr><td>Obbrizgavanje kovinskih vlo\u017ekov in navitij tuljav<\/td><\/tr><\/table><\/div>[\/vc_column][\/vc_row][vc_row el_class=&#8221;tech-content-table&#8221;][vc_column]<div class=\"custom-sh tabelash\"><table cellspacing=\"0\" class=\"table-6147\"><tr><th><\/th><\/tr><tr><td>2D\/3D konstrukcija priprav, naprav in strojev (Solidworks)<br \/><\/td><\/tr>\n<tr><td>Navijanje (1-12 vretenski navijalni stroji), premer \u017eice od 0,04 do 1 mm<br \/><\/td><\/tr>\n<tr><td>Polavtomatsko spajkanje<br \/><\/td><\/tr>\n<tr><td>Ro\u010dno spajkanje v spajkalni kopeli<br \/><\/td><\/tr>\n<tr><td>Ro\u010dno spajkanje s spajkalnikom (z in brez podajanja kositra)<br \/><\/td><\/tr>\n<tr><td>Vstavljanje pinov<br \/><\/td><\/tr>\n<tr><td>Ovijanje (povijanje) tuljav z izolirnim trakom<br \/><\/td><\/tr>\n<tr><td>Elektri\u010dno vija\u010denje do 5,5 Nm<br \/><\/td><\/tr>\n<tr><td>Lepljenje z razli\u010dnimi vrstami lepila (vklju\u010dno z UV strjevanjem)<br \/><\/td><\/tr>\n<tr><td>Lakiranje tuljav<br \/><\/td><\/tr>\n<tr><td>Elektri\u010dna in dimenzijska kontrola komponent in podsestavov<br \/><\/td><\/tr>\n<tr><td>Ultrazvo\u010dno varjenje<br \/><\/td><\/tr>\n<tr><td>Zakovi\u010denje<br \/><\/td><\/tr>\n<tr><td>Toplotno kovi\u010denje\/varjenje<br \/><\/td><\/tr>\n<tr><td>Rezkanje plastike (majhna dodelava plasti\u010dnih kosov)<br \/><\/td><\/tr>\n<tr><td>Ro\u010dna monta\u017ea, ro\u010dna in avtomatska kontrola ter pakiranje (\u010de je zahtevano tudi v ESD conah)<br \/><\/td><\/tr>\n<tr><td>Tampotisk<br \/><\/td><\/tr>\n<tr><td>Nadzor procesa<br \/><\/td><\/tr>\n<tr><td>EOL kontrola<\/td><\/tr><\/table><\/div>[\/vc_column][\/vc_row][vc_row full_width=&#8221;stretch_row_content_no_spaces&#8221;][vc_column]<div class=\"custom-sh centerslidersh\"><div class=\"centerslider-wrapper\"><div class=\"slider-tech\"><div class=\"slide-tech\"><img decoding=\"async\" src=\"https:\/\/rodex-mechatronics.com\/wp-content\/uploads\/2023\/04\/5-osni-CNC-stroj-4-690x400.jpg\" \/><\/div><div class=\"slide-tech\"><img decoding=\"async\" src=\"https:\/\/rodex-mechatronics.com\/wp-content\/uploads\/2023\/04\/brizganje-plasitke-12-690x400.jpg\" \/><\/div><div class=\"slide-tech\"><img decoding=\"async\" src=\"https:\/\/rodex-mechatronics.com\/wp-content\/uploads\/2023\/04\/CAD-CAM-modeli-4-1-690x400.png\" \/><\/div><div class=\"slide-tech\"><img decoding=\"async\" src=\"https:\/\/rodex-mechatronics.com\/wp-content\/uploads\/2023\/04\/CNC-obdelava-na-5-osnem-CNC-stroju-2-690x400.jpg\" \/><\/div><div class=\"slide-tech\"><img decoding=\"async\" src=\"https:\/\/rodex-mechatronics.com\/wp-content\/uploads\/2023\/04\/Copy-of-CAD-CAM-modeli-5-690x400.jpg\" \/><\/div><div class=\"slide-tech\"><img decoding=\"async\" src=\"https:\/\/rodex-mechatronics.com\/wp-content\/uploads\/2023\/04\/merilna-naprava-Dea-3-690x400.jpg\" \/><\/div><div class=\"slide-tech\"><img decoding=\"async\" src=\"https:\/\/rodex-mechatronics.com\/wp-content\/uploads\/2023\/04\/merilna-naprava-GOM-1-690x400.jpg\" \/><\/div><div class=\"slide-tech\"><img decoding=\"async\" src=\"https:\/\/rodex-mechatronics.com\/wp-content\/uploads\/2023\/04\/montaza-assembly-12-1-690x400.jpg\" \/><\/div><div class=\"slide-tech\"><img decoding=\"async\" src=\"https:\/\/rodex-mechatronics.com\/wp-content\/uploads\/2023\/04\/navijanje-1-690x400.jpg\" \/><\/div><div class=\"slide-tech\"><img decoding=\"async\" src=\"https:\/\/rodex-mechatronics.com\/wp-content\/uploads\/2023\/04\/orodjarna-2-690x400.jpg\" \/><\/div><div class=\"slide-tech\"><img decoding=\"async\" src=\"https:\/\/rodex-mechatronics.com\/wp-content\/uploads\/2023\/04\/stroj-za-briganje-plastike-2-690x400.jpg\" \/><\/div><div class=\"slide-tech\"><img decoding=\"async\" src=\"https:\/\/rodex-mechatronics.com\/wp-content\/uploads\/2023\/04\/merilna-naprava-Dea-5-1-690x400.jpg\" \/><\/div><div class=\"slide-tech\"><img decoding=\"async\" src=\"https:\/\/rodex-mechatronics.com\/wp-content\/uploads\/2023\/04\/celovit-produkt-42-690x400.jpg\" \/><\/div><\/div><div class=\"pagination-tech\"><\/div><\/div><\/div>[\/vc_column][\/vc_row]<\/p>\n<\/div><div style=\"display: none;\" class=\"nacrtovanje-in-proizvodnja-orodij\" data-tech=\"nacrtovanje-in-proizvodnja-orodij\" ><p>[vc_row el_class=&#8221;tech-content-table&#8221;][vc_column][vc_column_text]<\/p>\n<h2>Na\u010drtovanje in proizvodnja orodij<\/h2>\n<p>[\/vc_column_text]<div class=\"custom-sh tabelash\"><table cellspacing=\"0\" class=\"table-3906\"><tr><th>CNC rezkalni stroji<\/th><\/tr><tr><td>HERMLE C400 U 5-osni rezkalni stroj<br \/><\/td><\/tr>\n<tr><td>INGERSOLL Speed Hawk 650<br \/><\/td><\/tr>\n<tr><td>SPINNER VC-1150<\/td><\/tr><\/table><\/div><div class=\"custom-sh tabelash\"><table cellspacing=\"0\" class=\"table-801\"><tr><th>\u017di\u010dna in potopna erozija<\/th><\/tr><tr><td>SODICK AG60L<br \/><\/td><\/tr>\n<tr><td>SODICK wire ALC 600G<br \/><\/td><\/tr>\n<tr><td>MITSUBISHI EA-8<br \/><\/td><\/tr>\n<tr><td>MITSUBISHI wire FA-20<br \/><\/td><\/tr>\n<tr><td>OCEAN OCT-3525<\/td><\/tr><\/table><\/div>[\/vc_column][\/vc_row][vc_row el_class=&#8221;tech-content-table&#8221;][vc_column]<div class=\"custom-sh tabelash\"><table cellspacing=\"0\" class=\"table-7470\"><tr><th>Povr\u0161insko bru\u0161enje<\/th><\/tr><tr><td>JUNG JF-520<br \/><\/td><\/tr>\n<tr><td>OKAMOTO ACC-106CA<br \/><\/td><\/tr>\n<tr><td>MASTERGRIND 3060AHD<\/td><\/tr><\/table><\/div><div class=\"custom-sh tabelash\"><table cellspacing=\"0\" class=\"table-4648\"><tr><th>Klasi\u010dni obdelovalni stroji<\/th><\/tr><tr><td>PRVOMAJSKA ALG-200 GHM<br \/><\/td><\/tr>\n<tr><td>PRVOMAJSKA ALG-100 GHM<br \/><\/td><\/tr>\n<tr><td>PRVOMAJSKA TG-125NP<br \/><\/td><\/tr>\n<tr><td>2-komorni peskalni stroj JOKE<br \/><\/td><\/tr>\n<tr><td>Nadzorna in merilna oprema<\/td><\/tr><\/table><\/div><div class=\"custom-sh tabelash\"><table cellspacing=\"0\" class=\"table-6227\"><tr><th>Dodatki<\/th><\/tr><tr><td>3,2 tonski mostni \u017eerjav<\/td><\/tr><\/table><\/div>[\/vc_column][\/vc_row][vc_row full_width=&#8221;stretch_row_content_no_spaces&#8221;][vc_column]<div class=\"custom-sh centerslidersh\"><div class=\"centerslider-wrapper\"><div class=\"slider-tech\"><div class=\"slide-tech\"><img decoding=\"async\" src=\"https:\/\/rodex-mechatronics.com\/wp-content\/uploads\/2023\/04\/5-osni-CNC-stroj-4-690x400.jpg\" \/><\/div><div class=\"slide-tech\"><img decoding=\"async\" src=\"https:\/\/rodex-mechatronics.com\/wp-content\/uploads\/2023\/04\/brizganje-plasitke-12-690x400.jpg\" \/><\/div><div class=\"slide-tech\"><img decoding=\"async\" src=\"https:\/\/rodex-mechatronics.com\/wp-content\/uploads\/2023\/04\/CAD-CAM-modeli-4-1-690x400.png\" \/><\/div><div class=\"slide-tech\"><img decoding=\"async\" src=\"https:\/\/rodex-mechatronics.com\/wp-content\/uploads\/2023\/04\/CNC-obdelava-na-5-osnem-CNC-stroju-2-690x400.jpg\" \/><\/div><div class=\"slide-tech\"><img decoding=\"async\" src=\"https:\/\/rodex-mechatronics.com\/wp-content\/uploads\/2023\/04\/Copy-of-CAD-CAM-modeli-5-690x400.jpg\" \/><\/div><div class=\"slide-tech\"><img decoding=\"async\" src=\"https:\/\/rodex-mechatronics.com\/wp-content\/uploads\/2023\/04\/merilna-naprava-Dea-3-690x400.jpg\" \/><\/div><div class=\"slide-tech\"><img decoding=\"async\" src=\"https:\/\/rodex-mechatronics.com\/wp-content\/uploads\/2023\/04\/merilna-naprava-GOM-1-690x400.jpg\" \/><\/div><div class=\"slide-tech\"><img decoding=\"async\" src=\"https:\/\/rodex-mechatronics.com\/wp-content\/uploads\/2023\/04\/montaza-assembly-12-1-690x400.jpg\" \/><\/div><div class=\"slide-tech\"><img decoding=\"async\" src=\"https:\/\/rodex-mechatronics.com\/wp-content\/uploads\/2023\/04\/navijanje-1-690x400.jpg\" \/><\/div><div class=\"slide-tech\"><img decoding=\"async\" src=\"https:\/\/rodex-mechatronics.com\/wp-content\/uploads\/2023\/04\/orodjarna-2-690x400.jpg\" \/><\/div><div class=\"slide-tech\"><img decoding=\"async\" src=\"https:\/\/rodex-mechatronics.com\/wp-content\/uploads\/2023\/04\/stroj-za-briganje-plastike-2-690x400.jpg\" \/><\/div><div class=\"slide-tech\"><img decoding=\"async\" src=\"https:\/\/rodex-mechatronics.com\/wp-content\/uploads\/2023\/04\/celovit-produkt-42-690x400.jpg\" \/><\/div><div class=\"slide-tech\"><img decoding=\"async\" src=\"https:\/\/rodex-mechatronics.com\/wp-content\/uploads\/2023\/04\/merilna-naprava-Dea-5-1-690x400.jpg\" \/><\/div><\/div><div class=\"pagination-tech\"><\/div><\/div><\/div>[\/vc_column][\/vc_row]<\/p>\n<\/div><div style=\"display: none;\" class=\"merjenje\" data-tech=\"merjenje\" ><p>[vc_row el_class=&#8221;tech-content-table&#8221;][vc_column][vc_column_text]<\/p>\n<h2>Merjenje<\/h2>\n<p>[\/vc_column_text]<div class=\"custom-sh tabelash\"><table cellspacing=\"0\" class=\"table-8032\"><tr><th><\/th><\/tr><tr><td>Stroj za 3D skeniranje Atos GOM<br \/><\/td><\/tr>\n<tr><td>3D koordinatni merilni stroj DEA Hexagon 7.5.7 Performance<br \/><\/td><\/tr>\n<tr><td>Profilni projektor HAUSER (meritve dol\u017ein in kotov)<br \/><\/td><\/tr>\n<tr><td>Mitutoyo mikroskop MF, natan\u010dnost merjenja: (2,2+0,02L) \u03bcm<br \/><\/td><\/tr>\n<tr><td>Digitalne merilne ure Mitutoyo<br \/><\/td><\/tr>\n<tr><td>Digitalni mikrometer Mitutoyo za meritve do 25 mm, z natan\u010dnostjo 0,001 mm<\/td><\/tr><\/table><\/div>[\/vc_column][\/vc_row][vc_row full_width=&#8221;stretch_row_content_no_spaces&#8221;][vc_column]<div class=\"custom-sh centerslidersh\"><div class=\"centerslider-wrapper\"><div class=\"slider-tech\"><div class=\"slide-tech\"><img decoding=\"async\" src=\"https:\/\/rodex-mechatronics.com\/wp-content\/uploads\/2023\/04\/5-osni-CNC-stroj-4-690x400.jpg\" \/><\/div><div class=\"slide-tech\"><img decoding=\"async\" src=\"https:\/\/rodex-mechatronics.com\/wp-content\/uploads\/2023\/04\/brizganje-plasitke-12-690x400.jpg\" \/><\/div><div class=\"slide-tech\"><img decoding=\"async\" src=\"https:\/\/rodex-mechatronics.com\/wp-content\/uploads\/2023\/04\/CAD-CAM-modeli-4-1-690x400.png\" \/><\/div><div class=\"slide-tech\"><img decoding=\"async\" src=\"https:\/\/rodex-mechatronics.com\/wp-content\/uploads\/2023\/04\/CNC-obdelava-na-5-osnem-CNC-stroju-2-690x400.jpg\" \/><\/div><div class=\"slide-tech\"><img decoding=\"async\" src=\"https:\/\/rodex-mechatronics.com\/wp-content\/uploads\/2023\/04\/Copy-of-CAD-CAM-modeli-5-690x400.jpg\" \/><\/div><div class=\"slide-tech\"><img decoding=\"async\" src=\"https:\/\/rodex-mechatronics.com\/wp-content\/uploads\/2023\/04\/merilna-naprava-Dea-3-690x400.jpg\" \/><\/div><div class=\"slide-tech\"><img decoding=\"async\" src=\"https:\/\/rodex-mechatronics.com\/wp-content\/uploads\/2023\/04\/merilna-naprava-GOM-1-690x400.jpg\" \/><\/div><div class=\"slide-tech\"><img decoding=\"async\" src=\"https:\/\/rodex-mechatronics.com\/wp-content\/uploads\/2023\/04\/montaza-assembly-12-1-690x400.jpg\" \/><\/div><div class=\"slide-tech\"><img decoding=\"async\" src=\"https:\/\/rodex-mechatronics.com\/wp-content\/uploads\/2023\/04\/navijanje-1-690x400.jpg\" \/><\/div><div class=\"slide-tech\"><img decoding=\"async\" src=\"https:\/\/rodex-mechatronics.com\/wp-content\/uploads\/2023\/04\/orodjarna-2-690x400.jpg\" \/><\/div><div class=\"slide-tech\"><img decoding=\"async\" src=\"https:\/\/rodex-mechatronics.com\/wp-content\/uploads\/2023\/04\/stroj-za-briganje-plastike-2-690x400.jpg\" \/><\/div><div class=\"slide-tech\"><img decoding=\"async\" src=\"https:\/\/rodex-mechatronics.com\/wp-content\/uploads\/2023\/04\/celovit-produkt-42-690x400.jpg\" \/><\/div><div class=\"slide-tech\"><img decoding=\"async\" src=\"https:\/\/rodex-mechatronics.com\/wp-content\/uploads\/2023\/04\/merilna-naprava-Dea-5-1-690x400.jpg\" \/><\/div><\/div><div class=\"pagination-tech\"><\/div><\/div><\/div>[\/vc_column][\/vc_row]<\/p>\n<\/div><div style=\"display: none;\" class=\"brizganje-plastike\" data-tech=\"brizganje-plastike\" ><p>[vc_row el_class=&#8221;tech-content-table&#8221;][vc_column][vc_column_text]<\/p>\n<h2>Brizganje plastike<\/h2>\n<p>[\/vc_column_text]<div class=\"custom-sh tabelash\"><table cellspacing=\"0\" class=\"table-8459\"><tr><th><\/th><\/tr><tr><td>Engel Victory 120 \/ premer pol\u017ea 35 mm<br \/><\/td><\/tr>\n<tr><td>Engel Victory 50 \/ premer pol\u017ea 25 mm<br \/><\/td><\/tr>\n<tr><td>Engel Victory 28 \/ premer pol\u017ea 15 mm<br \/><\/td><\/tr>\n<tr><td>Krauss Maffei CX 35\/SP 55 \/ premer pol\u017ea 15 mm<br \/><\/td><\/tr>\n<tr><td>Krauss Maffei CX 50\/SP 180 \/ premer pol\u017eaa 30 mm<br \/><\/td><\/tr>\n<tr><td>Krauss Maffei CX 80\/SP 180 \/ premer pol\u017ea 35 mm<br \/><\/td><\/tr>\n<tr><td>Krauss Maffei CX 130\/SP 380 \/ premer pol\u017ea 40 mm<br \/><\/td><\/tr>\n<tr><td>Krauss Maffei CX 160\/SP 750 \/ premer pol\u017ea 50 mm<br \/><\/td><\/tr>\n<tr><td>Krauss Maffei CX 35\/SP 100 \/ premer pol\u017ea 25 mm<\/td><\/tr><\/table><\/div>[vc_column_text]<\/p>\n<p style=\"text-align: center;\">Vsi stroji so, glede na potrebe proizvodnega procesa opremljeni z dodatno opremo, kot so manipulatorji ali roboti.<\/p>\n<p>[\/vc_column_text][\/vc_column][\/vc_row][vc_row full_width=&#8221;stretch_row_content_no_spaces&#8221;][vc_column]<div class=\"custom-sh centerslidersh\"><div class=\"centerslider-wrapper\"><div class=\"slider-tech\"><div class=\"slide-tech\"><img decoding=\"async\" src=\"https:\/\/rodex-mechatronics.com\/wp-content\/uploads\/2023\/04\/5-osni-CNC-stroj-4-690x400.jpg\" \/><\/div><div class=\"slide-tech\"><img decoding=\"async\" src=\"https:\/\/rodex-mechatronics.com\/wp-content\/uploads\/2023\/04\/brizganje-plasitke-12-690x400.jpg\" \/><\/div><div class=\"slide-tech\"><img decoding=\"async\" src=\"https:\/\/rodex-mechatronics.com\/wp-content\/uploads\/2023\/04\/CAD-CAM-modeli-4-1-690x400.png\" \/><\/div><div class=\"slide-tech\"><img decoding=\"async\" src=\"https:\/\/rodex-mechatronics.com\/wp-content\/uploads\/2023\/04\/CNC-obdelava-na-5-osnem-CNC-stroju-2-690x400.jpg\" \/><\/div><div class=\"slide-tech\"><img decoding=\"async\" src=\"https:\/\/rodex-mechatronics.com\/wp-content\/uploads\/2023\/04\/Copy-of-CAD-CAM-modeli-5-690x400.jpg\" \/><\/div><div class=\"slide-tech\"><img decoding=\"async\" src=\"https:\/\/rodex-mechatronics.com\/wp-content\/uploads\/2023\/04\/merilna-naprava-Dea-3-690x400.jpg\" \/><\/div><div class=\"slide-tech\"><img decoding=\"async\" src=\"https:\/\/rodex-mechatronics.com\/wp-content\/uploads\/2023\/04\/merilna-naprava-GOM-1-690x400.jpg\" \/><\/div><div class=\"slide-tech\"><img decoding=\"async\" src=\"https:\/\/rodex-mechatronics.com\/wp-content\/uploads\/2023\/04\/montaza-assembly-12-1-690x400.jpg\" \/><\/div><div class=\"slide-tech\"><img decoding=\"async\" src=\"https:\/\/rodex-mechatronics.com\/wp-content\/uploads\/2023\/04\/navijanje-1-690x400.jpg\" \/><\/div><div class=\"slide-tech\"><img decoding=\"async\" src=\"https:\/\/rodex-mechatronics.com\/wp-content\/uploads\/2023\/04\/orodjarna-2-690x400.jpg\" \/><\/div><div class=\"slide-tech\"><img decoding=\"async\" src=\"https:\/\/rodex-mechatronics.com\/wp-content\/uploads\/2023\/04\/stroj-za-briganje-plastike-2-690x400.jpg\" \/><\/div><div class=\"slide-tech\"><img decoding=\"async\" src=\"https:\/\/rodex-mechatronics.com\/wp-content\/uploads\/2023\/04\/celovit-produkt-42-690x400.jpg\" \/><\/div><div class=\"slide-tech\"><img decoding=\"async\" src=\"https:\/\/rodex-mechatronics.com\/wp-content\/uploads\/2023\/04\/merilna-naprava-Dea-5-1-690x400.jpg\" \/><\/div><\/div><div class=\"pagination-tech\"><\/div><\/div><\/div>[\/vc_column][\/vc_row]<\/p>\n<\/div><div style=\"display: none;\" class=\"montaza-in-navijanje\" data-tech=\"montaza-in-navijanje\" ><p>[vc_row el_class=&#8221;tech-content-table&#8221;][vc_column][vc_column_text]<\/p>\n<h2>Monta\u017ea in navijanje<\/h2>\n<p>[\/vc_column_text]<div class=\"custom-sh tabelash\"><table cellspacing=\"0\" class=\"table-4747\"><tr><th><\/th><\/tr><tr><td>1-12 vretenski stroji za navijanje tuljav (premer \u017eice od 0,035 do 1 mm)<br \/><\/td><\/tr>\n<tr><td>Spajkalni stroji<br \/><\/td><\/tr>\n<tr><td>Naprave za avtomatsko vstavljanje kontaktov<br \/><\/td><\/tr>\n<tr><td>Namenske naprave za monta\u017eo<br \/><\/td><\/tr>\n<tr><td>Kontrolne naprave za kontrolo elektri\u010dnih veli\u010din<br \/><\/td><\/tr>\n<tr><td>Priprave za kovi\u010denje<br \/><\/td><\/tr>\n<tr><td>Priprave za polavtomatsko banda\u017eiranje<br \/><\/td><\/tr>\n<tr><td>Elektri\u010dni vija\u010dniki<br \/><\/td><\/tr>\n<tr><td>Naprave za lepljenje z UV ali Loctite lepilom<br \/><\/td><\/tr>\n<tr><td>Naprave za ultrazvo\u010dno varjenje<br \/><\/td><\/tr>\n<tr><td>Naprave za termi\u010dno kovi\u010denje<br \/><\/td><\/tr>\n<tr><td>Rezkalni stroj za rezkanje plasti\u010dnih delov (obdelava plasti\u010dnih kosov)<br \/><\/td><\/tr>\n<tr><td>Ro\u010dna monta\u017ea, ro\u010dna in elektri\u010dna kontrola ter pakiranje v ESD coni<br \/><\/td><\/tr>\n<tr><td>Tampotisk<\/td><\/tr><\/table><\/div>[\/vc_column][\/vc_row][vc_row full_width=&#8221;stretch_row_content_no_spaces&#8221;][vc_column]<div class=\"custom-sh centerslidersh\"><div class=\"centerslider-wrapper\"><div class=\"slider-tech\"><div class=\"slide-tech\"><img decoding=\"async\" src=\"https:\/\/rodex-mechatronics.com\/wp-content\/uploads\/2023\/04\/5-osni-CNC-stroj-4-690x400.jpg\" \/><\/div><div class=\"slide-tech\"><img decoding=\"async\" src=\"https:\/\/rodex-mechatronics.com\/wp-content\/uploads\/2023\/04\/brizganje-plasitke-12-690x400.jpg\" \/><\/div><div class=\"slide-tech\"><img decoding=\"async\" src=\"https:\/\/rodex-mechatronics.com\/wp-content\/uploads\/2023\/04\/CAD-CAM-modeli-4-1-690x400.png\" \/><\/div><div class=\"slide-tech\"><img decoding=\"async\" src=\"https:\/\/rodex-mechatronics.com\/wp-content\/uploads\/2023\/04\/CNC-obdelava-na-5-osnem-CNC-stroju-2-690x400.jpg\" \/><\/div><div class=\"slide-tech\"><img decoding=\"async\" src=\"https:\/\/rodex-mechatronics.com\/wp-content\/uploads\/2023\/04\/Copy-of-CAD-CAM-modeli-5-690x400.jpg\" \/><\/div><div class=\"slide-tech\"><img decoding=\"async\" src=\"https:\/\/rodex-mechatronics.com\/wp-content\/uploads\/2023\/04\/merilna-naprava-Dea-3-690x400.jpg\" \/><\/div><div class=\"slide-tech\"><img decoding=\"async\" src=\"https:\/\/rodex-mechatronics.com\/wp-content\/uploads\/2023\/04\/merilna-naprava-GOM-1-690x400.jpg\" \/><\/div><div class=\"slide-tech\"><img decoding=\"async\" src=\"https:\/\/rodex-mechatronics.com\/wp-content\/uploads\/2023\/04\/montaza-assembly-12-1-690x400.jpg\" \/><\/div><div class=\"slide-tech\"><img decoding=\"async\" src=\"https:\/\/rodex-mechatronics.com\/wp-content\/uploads\/2023\/04\/navijanje-1-690x400.jpg\" \/><\/div><div class=\"slide-tech\"><img decoding=\"async\" src=\"https:\/\/rodex-mechatronics.com\/wp-content\/uploads\/2023\/04\/orodjarna-2-690x400.jpg\" \/><\/div><div class=\"slide-tech\"><img decoding=\"async\" src=\"https:\/\/rodex-mechatronics.com\/wp-content\/uploads\/2023\/04\/stroj-za-briganje-plastike-2-690x400.jpg\" \/><\/div><div class=\"slide-tech\"><img decoding=\"async\" src=\"https:\/\/rodex-mechatronics.com\/wp-content\/uploads\/2023\/04\/celovit-produkt-42-690x400.jpg\" \/><\/div><div class=\"slide-tech\"><img decoding=\"async\" src=\"https:\/\/rodex-mechatronics.com\/wp-content\/uploads\/2023\/04\/merilna-naprava-Dea-5-1-690x400.jpg\" \/><\/div><\/div><div class=\"pagination-tech\"><\/div><\/div><\/div>[\/vc_column][\/vc_row]<\/p>\n<\/div><\/div>[\/vc_column][\/vc_row]<\/p>\n","protected":false},"excerpt":{"rendered":"<p>[vc_row full_width=&#8221;stretch_row_content_no_spaces&#8221;][vc_column][\/vc_column][\/vc_row]<\/p>\n","protected":false},"author":1,"featured_media":0,"parent":1279,"menu_order":34,"comment_status":"closed","ping_status":"closed","template":"","meta":{"_acf_changed":false,"inline_featured_image":false,"footnotes":""},"class_list":["post-1073","page","type-page","status-publish","hentry"],"acf":[],"_links":{"self":[{"href":"https:\/\/rodex-mechatronics.com\/sl\/wp-json\/wp\/v2\/pages\/1073","targetHints":{"allow":["GET"]}}],"collection":[{"href":"https:\/\/rodex-mechatronics.com\/sl\/wp-json\/wp\/v2\/pages"}],"about":[{"href":"https:\/\/rodex-mechatronics.com\/sl\/wp-json\/wp\/v2\/types\/page"}],"author":[{"embeddable":true,"href":"https:\/\/rodex-mechatronics.com\/sl\/wp-json\/wp\/v2\/users\/1"}],"replies":[{"embeddable":true,"href":"https:\/\/rodex-mechatronics.com\/sl\/wp-json\/wp\/v2\/comments?post=1073"}],"version-history":[{"count":4,"href":"https:\/\/rodex-mechatronics.com\/sl\/wp-json\/wp\/v2\/pages\/1073\/revisions"}],"predecessor-version":[{"id":1077,"href":"https:\/\/rodex-mechatronics.com\/sl\/wp-json\/wp\/v2\/pages\/1073\/revisions\/1077"}],"up":[{"embeddable":true,"href":"https:\/\/rodex-mechatronics.com\/sl\/wp-json\/wp\/v2\/pages\/1279"}],"wp:attachment":[{"href":"https:\/\/rodex-mechatronics.com\/sl\/wp-json\/wp\/v2\/media?parent=1073"}],"curies":[{"name":"wp","href":"https:\/\/api.w.org\/{rel}","templated":true}]}}