{"id":1093,"date":"2023-04-03T07:22:55","date_gmt":"2023-04-03T07:22:55","guid":{"rendered":"https:\/\/rodex-mechatronics.com\/start-production-in-europe\/"},"modified":"2025-06-19T13:10:16","modified_gmt":"2025-06-19T13:10:16","slug":"selitev-proizvodnje-v-evropo","status":"publish","type":"page","link":"https:\/\/rodex-mechatronics.com\/sl\/nas-pristop\/selitev-proizvodnje-v-evropo\/","title":{"rendered":"Selitev proizvodnje v Evropo"},"content":{"rendered":"<p>[vc_row full_width=&#8221;stretch_row_content_no_spaces&#8221; el_class=&#8221;eu-flag-row brez-top-margina&#8221;][vc_column][vc_single_image image=&#8221;1503&#8243; img_size=&#8221;full&#8221; alignment=&#8221;right&#8221; el_class=&#8221;eu-ikona-moving-1&#8243;][\/vc_column][\/vc_row][vc_row full_width=&#8221;stretch_row_content_no_spaces&#8221;][vc_column][vc_empty_space height=&#8221;50px&#8221; el_class=&#8221;blank-zemljevidi&#8221;][\/vc_column][\/vc_row][vc_row full_width=&#8221;stretch_row&#8221; el_class=&#8221;celoten-zemljevid-slo moving-map&#8221;][vc_column width=&#8221;1\/2&#8243; el_class=&#8221;levo-pobarvan-bg&#8221;][vc_column_text]<\/p>\n<h2>Ali je \u010das za vrnitev proizvodnje nazaj v Evropo?<br \/>\nNaj vam pomagamo.<\/h2>\n<p>Zavedamo se, da je izbira pogodbenega proizvajalca in dobaviteljev te\u017eka naloga. Zato bomo kratki in jedrnati.<\/p>\n<ul>\n<li>Svojo proizvodnjo postavite na kri\u017ei\u0161\u010de evropskih prometnih koridorjev. Slovenija vam ponuja neposreden dostop do vseh lokacij na celini. Izkoristite tudi najkraj\u0161o pomorsko povezavo med srednjo\/vzhodno Evropo, Sredozemljem in Daljnim vzhodom.<\/li>\n<li>Sodelujte z enim od vodilnih evropskih pogodbenih proizvajalcev in pridobite dostop do 40 let izku\u0161enj in ekipe ve\u010d kot 110 strokovnjakov s klju\u010dnih tehnolo\u0161kih podro\u010dij.<\/li>\n<li>Izkoristite stalen vir visokokakovostnih komponent in materialov po dostopnih cenah, ki jih zagotavlja na\u0161a zanesljiva mre\u017ea ve\u010d kot 300 dobaviteljev, predvsem iz bli\u017enjih regij.<\/li>\n<li>U\u017eivajte v popolni podpori pod eno streho, od \u201cdesign for manufacturing\u201d in izdelave orodij, do proizvodnje komponent in sestavljanja kon\u010dnega izdelka. Na\u0161a re\u0161itev vse na enem mestu vam zagotavlja u\u010dinkovit prehod na serijsko proizvodnjo.<\/li>\n<li>100% zagotovilo kakovosti. V Rodex Mechatronics se dr\u017eimo najvi\u0161jih funkcionalnih, varnostnih in kakovostnih standardov. Namesto vas skrbimo za preverjanje kakovosti, testiranje, skladnost dokumentacije z zahtevami, pakiranje, ozna\u010devanje in druge poproizvodne storitve.<\/li>\n<\/ul>\n<p>[\/vc_column_text][\/vc_column][vc_column width=&#8221;1\/2&#8243; el_class=&#8221;map-moving-eu-row&#8221;][vc_single_image image=&#8221;1503&#8243; img_size=&#8221;full&#8221; alignment=&#8221;right&#8221; el_class=&#8221;eu-ikona-moving&#8221;][\/vc_column][\/vc_row][vc_row equal_height=&#8221;yes&#8221; content_placement=&#8221;middle&#8221; el_class=&#8221;row-slika-z-opisom&#8221;][vc_column width=&#8221;1\/2&#8243; el_class=&#8221;levi-box-slika&#8221;][vc_single_image image=&#8221;2563&#8243; img_size=&#8221;full&#8221; alignment=&#8221;center&#8221;][\/vc_column][vc_column width=&#8221;1\/2&#8243; el_class=&#8221;desni-box-text&#8221;][vc_column_text]<\/p>\n<h2>Na\u0161 pristop vse na enem mestu koristi vsem. Planetu, ljudjem in poslovanju.<\/h2>\n<p>Zmanj\u0161ajte svoj oglji\u010dni odtis v celotni proizvodno storitveni verigi. Na\u0161a geostrate\u0161ka lokacija in celovita lastna proizvodnja omogo\u010data znatno zni\u017eanje okolju \u0161kodljivih emisij ogljika v primerjavi z do sedaj tipi\u010dnimi projekti.<\/p>\n<p>V primerjavi z velikokrat geografsko razpr\u0161eno proizvodnjo, na\u0161a re\u0161itev vse na enem mestu ponuja ve\u010d kot le koristi za okolje. Prihrani dragocen \u010das in denar, hkrati pa zagotavlja bolj\u0161o odzivnost, hitre prilagoditve in manj zapletov.[\/vc_column_text][\/vc_column][\/vc_row][vc_row full_width=&#8221;stretch_row_content_no_spaces&#8221;][vc_column]<div class=\"custom-sh citatsh\"><div class=\"citat-inside\"><h2 class=\"citat-content\">Tipi\u010den primer selitve va\u0161e \u010dezmorske proizvodnje k nam pomeni 6,13 ton zmanj\u0161anja emisij ogljika.<\/h2><\/div><\/div>[\/vc_column][\/vc_row][vc_row el_class=&#8221;equivalent-vsebina&#8221;][vc_column][vc_column_text]<strong>To predstavlja<\/strong>[\/vc_column_text][vc_column_text el_class=&#8221;equivalent1&#8243;]1.533 prevozov domov-slu\u017eba-domov z avtomobilom v enem mesecu[\/vc_column_text][vc_column_text el_class=&#8221;equivalent2&#8243;]Letno porabo energije v 2\u20134 gospodinjstvih[\/vc_column_text][vc_column_text el_class=&#8221;equivalent3&#8243;]745.671 polnjenj pametnega telefona[\/vc_column_text][vc_column_text el_class=&#8221;equivalent4&#8243;]Zasaditev 255 dreves v enem letu[\/vc_column_text][\/vc_column][\/vc_row]<\/p>\n","protected":false},"excerpt":{"rendered":"<p>[vc_row full_width=&#8221;stretch_row_content_no_spaces&#8221; el_class=&#8221;eu-flag-row brez-top-margina&#8221;][vc_column][vc_single_image image=&#8221;1503&#8243; img_size=&#8221;full&#8221; alignment=&#8221;right&#8221; el_class=&#8221;eu-ikona-moving-1&#8243;][\/vc_column][\/vc_row][vc_row full_width=&#8221;stretch_row_content_no_spaces&#8221;][vc_column][vc_empty_space height=&#8221;50px&#8221; el_class=&#8221;blank-zemljevidi&#8221;][\/vc_column][\/vc_row][vc_row full_width=&#8221;stretch_row&#8221; el_class=&#8221;celoten-zemljevid-slo moving-map&#8221;][vc_column width=&#8221;1\/2&#8243; el_class=&#8221;levo-pobarvan-bg&#8221;][vc_column_text] Ali je \u010das za vrnitev proizvodnje nazaj v Evropo? Naj vam pomagamo. Zavedamo se, da je izbira pogodbenega proizvajalca in dobaviteljev te\u017eka naloga. Zato bomo kratki in jedrnati. Svojo proizvodnjo postavite na kri\u017ei\u0161\u010de evropskih prometnih koridorjev. Slovenija vam ponuja [&hellip;]<\/p>\n","protected":false},"author":1,"featured_media":0,"parent":1279,"menu_order":50,"comment_status":"closed","ping_status":"closed","template":"","meta":{"_acf_changed":false,"inline_featured_image":false,"footnotes":""},"class_list":["post-1093","page","type-page","status-publish","hentry"],"acf":[],"_links":{"self":[{"href":"https:\/\/rodex-mechatronics.com\/sl\/wp-json\/wp\/v2\/pages\/1093","targetHints":{"allow":["GET"]}}],"collection":[{"href":"https:\/\/rodex-mechatronics.com\/sl\/wp-json\/wp\/v2\/pages"}],"about":[{"href":"https:\/\/rodex-mechatronics.com\/sl\/wp-json\/wp\/v2\/types\/page"}],"author":[{"embeddable":true,"href":"https:\/\/rodex-mechatronics.com\/sl\/wp-json\/wp\/v2\/users\/1"}],"replies":[{"embeddable":true,"href":"https:\/\/rodex-mechatronics.com\/sl\/wp-json\/wp\/v2\/comments?post=1093"}],"version-history":[{"count":9,"href":"https:\/\/rodex-mechatronics.com\/sl\/wp-json\/wp\/v2\/pages\/1093\/revisions"}],"predecessor-version":[{"id":2566,"href":"https:\/\/rodex-mechatronics.com\/sl\/wp-json\/wp\/v2\/pages\/1093\/revisions\/2566"}],"up":[{"embeddable":true,"href":"https:\/\/rodex-mechatronics.com\/sl\/wp-json\/wp\/v2\/pages\/1279"}],"wp:attachment":[{"href":"https:\/\/rodex-mechatronics.com\/sl\/wp-json\/wp\/v2\/media?parent=1093"}],"curies":[{"name":"wp","href":"https:\/\/api.w.org\/{rel}","templated":true}]}}