{"id":1100,"date":"2023-04-03T07:22:38","date_gmt":"2023-04-03T07:22:38","guid":{"rendered":"https:\/\/rodex-mechatronics.com\/quality-assurance-compliance\/"},"modified":"2025-06-19T13:04:07","modified_gmt":"2025-06-19T13:04:07","slug":"zagotavljanje-kakovosti-in-skladnost","status":"publish","type":"page","link":"https:\/\/rodex-mechatronics.com\/sl\/nas-pristop\/zagotavljanje-kakovosti-in-skladnost\/","title":{"rendered":"Zagotavljanje kakovosti in skladnost"},"content":{"rendered":"<p>[vc_row equal_height=&#8221;yes&#8221; content_placement=&#8221;middle&#8221; el_class=&#8221;row-slika-z-opisom&#8221;][vc_column width=&#8221;1\/2&#8243; el_class=&#8221;levi-box-text&#8221;][vc_column_text]<\/p>\n<h2>Nadzor kakovosti in standardi<\/h2>\n<p>\u017de ve\u010d kot 15 let smo pogodbeni proizvajalec, ki zagotavlja skladnost s standardom ISO 9001. To poudarja na\u0161o zavezanost kakovosti in izpolnjevanju zahtev na\u0161ih strank.<\/p>\n<p>Uvedli smo tudi temeljna na\u010dela IATF 16949, da zagotovimo popoln nadzor kakovosti, na\u010drtovanje in sledljivost na\u0161ega dela in izdelkov namenjenih avtomobilski industriji.<\/p>\n<p>Skladnost z mednarodnimi standardi in dobrimi poslovnimi praksami dokazuje, da izpolnjujemo najvi\u0161je zahteve panog, v katerih nastopamo. Zagotavljamo nemoteno uvedbo serijske proizvodnje, hitro uvedbo izdelkov na trg, popolno skladnost z zakonodajo ter skladnost z zahtevami presoj in pregledov.[\/vc_column_text][\/vc_column][vc_column width=&#8221;1\/2&#8243; el_class=&#8221;desni-box-slika&#8221;][vc_single_image image=&#8221;2551&#8243; img_size=&#8221;full&#8221; alignment=&#8221;center&#8221;][\/vc_column][\/vc_row][vc_row][vc_column width=&#8221;1\/2&#8243;]<div class=\"custom-sh tabelash\"><table cellspacing=\"0\" class=\"table-9138\"><tr><th>Kontrolni postopki<\/th><\/tr><tr><td>Merjenje prvih kosov in poro\u010dila o meritvah<br \/><\/td><\/tr>\n<tr><td>Ustrezna vhodna kontrola<br \/><\/td><\/tr>\n<tr><td>Vmesna procesna kontrola<br \/><\/td><\/tr>\n<tr><td>Kontrola procesnih parametrov<br \/><\/td><\/tr>\n<tr><td>100% kon\u010dna kontrola izdelkov<br \/><\/td><\/tr>\n<tr><td>Statisti\u010dno spremljanje rezultatov<\/td><\/tr><\/table><\/div>[\/vc_column][vc_column width=&#8221;1\/2&#8243;]<div class=\"custom-sh tabelash\"><table cellspacing=\"0\" class=\"table-1172\"><tr><th>Oprema<\/th><\/tr><tr><td>3D skeniranje s pomo\u010djo Atos GOM<br \/><\/td><\/tr>\n<tr><td>3D koordinatni merilni stroj DEA Hexagon 7.5.7 Performance<br \/><\/td><\/tr>\n<tr><td>Profilni projektor HAUSER (meritve dol\u017ein in kotov)<br \/><\/td><\/tr>\n<tr><td>Mitutoyo mikroskop MF, natan\u010dnost merjenja: (2,2+0,02L) \u03bcm<br \/><\/td><\/tr>\n<tr><td>Digitalne merilne ure Mitutoyo<br \/><\/td><\/tr>\n<tr><td>Digitalni mikrometer Mitutoyo za meritve do 25 mm, z natan\u010dnostjo 0,001 mm<\/td><\/tr><\/table><\/div>[\/vc_column][\/vc_row][vc_row equal_height=&#8221;yes&#8221; content_placement=&#8221;middle&#8221; el_class=&#8221;row-slika-z-opisom&#8221;][vc_column width=&#8221;1\/2&#8243; el_class=&#8221;levi-box-text&#8221;][vc_column_text]<\/p>\n<h2>Skladnost<\/h2>\n<p>Z na\u0161o pomo\u010djo ostanite skladni z zahtevanimi dolo\u010dbami in zahtevami, kot so evropska uredba o kemikalijah Reach, EU RoHS in direktiva UL. Z na\u0161imi procesi zagotavljamo sledljivost in vam prihranimo potrebo po razvoju tega znanja in izku\u0161enj ter zmogljivosti znotraj va\u0161e ekipe. Na\u0161i dobavitelji morajo zagotoviti certifikate materialov za dobavljene komponente, kar vam prihrani va\u0161e administrativne napore.<\/p>\n<p>V Rodex Mechatronics upo\u0161tevamo dejavnike ESG (okolje, dru\u017eba, upravljanje) in smo zavezani preglednosti poslovanja. Delamo korake k uporabi okolju prijaznih materialov in zmanj\u0161evanju odpadkov, kar posledi\u010dno pomeni ni\u017eje stro\u0161ke in pozitiven vpliv na okolje.[\/vc_column_text][\/vc_column][vc_column width=&#8221;1\/2&#8243; el_class=&#8221;desni-box-slika&#8221;][vc_single_image image=&#8221;834&#8243; img_size=&#8221;full&#8221; alignment=&#8221;center&#8221;][\/vc_column][\/vc_row][vc_row equal_height=&#8221;yes&#8221; content_placement=&#8221;middle&#8221; el_class=&#8221;row-slika-z-opisom&#8221;][vc_column width=&#8221;1\/2&#8243; el_class=&#8221;levi-box-slika&#8221;][vc_single_image image=&#8221;837&#8243; img_size=&#8221;full&#8221; alignment=&#8221;center&#8221;][\/vc_column][vc_column width=&#8221;1\/2&#8243; el_class=&#8221;desni-box-text&#8221;][vc_column_text]<\/p>\n<h2>Validacija<\/h2>\n<p>Izdelki, ki izhajajo iz na\u0161ih proizvodnih procesov, so testirani v skladu z zahtevanimi predpisi. Z uveljavljenimi postopki potrjevanja je na\u0161e poslovanje varno in pripomore k \u010dim kraj\u0161i uvedbi va\u0161ega izdelka na trg.<\/p>\n<p>Prehod na serijsko proizvodnjo je u\u010dinkovit. Na\u0161i oddelki tesno sodelujejo pri analizi in obvladovanju mo\u017enih tveganj s pomo\u010djo orodij, kot so FMEA, postopkov v skladu z na\u010deli ISO 31000 itd., ter izvajajo ukrepe za obvladovanje kriti\u010dnih to\u010dk in prepre\u010devanje morebitnih napak.<\/p>\n<p>Ve\u010dino testov in vzor\u010denja opravimo interno, pri \u010demer omogo\u010dimo neoviran dostop do podatkov. Na\u0161 strog nadzor kakovosti na vseh ravneh, od internih procesov do dobavnih verig, zagotavlja stabilno in zanesljivo proizvodnjo.[\/vc_column_text][\/vc_column][\/vc_row][vc_row el_class=&#8221;pdf-certifikat&#8221;][vc_column][vc_column_text]<\/p>\n<h2 style=\"text-align: center;\">Certifikati in nagrade<\/h2>\n<p>[\/vc_column_text][vc_row_inner][vc_column_inner el_class=&#8221;vsi-certifikati&#8221;][vc_single_image image=&#8221;908&#8243; img_size=&#8221;full&#8221; alignment=&#8221;center&#8221; onclick=&#8221;custom_link&#8221; img_link_target=&#8221;_blank&#8221; link=&#8221;https:\/\/rodex-mechatronics.com\/wp-content\/uploads\/2023\/06\/Bisnode-ENG.pdf&#8221; el_class=&#8221;certifikati&#8221;][vc_single_image image=&#8221;905&#8243; img_size=&#8221;full&#8221; alignment=&#8221;center&#8221; onclick=&#8221;custom_link&#8221; img_link_target=&#8221;_blank&#8221; link=&#8221;https:\/\/rodex-mechatronics.com\/wp-content\/uploads\/2024\/01\/27186ms_slo.pdf&#8221; el_class=&#8221;certifikati&#8221;][vc_single_image image=&#8221;1870&#8243; img_size=&#8221;full&#8221; alignment=&#8221;center&#8221; onclick=&#8221;custom_link&#8221; img_link_target=&#8221;_blank&#8221; link=&#8221;https:\/\/rodex-mechatronics.com\/wp-content\/uploads\/2024\/01\/printable.pdf&#8221; el_class=&#8221;certifikati&#8221;][\/vc_column_inner][\/vc_row_inner][\/vc_column][\/vc_row]<\/p>\n","protected":false},"excerpt":{"rendered":"<p>[vc_row equal_height=&#8221;yes&#8221; content_placement=&#8221;middle&#8221; el_class=&#8221;row-slika-z-opisom&#8221;][vc_column width=&#8221;1\/2&#8243; el_class=&#8221;levi-box-text&#8221;][vc_column_text] Nadzor kakovosti in standardi \u017de ve\u010d kot 15 let smo pogodbeni proizvajalec, ki zagotavlja skladnost s standardom ISO 9001. To poudarja na\u0161o zavezanost kakovosti in izpolnjevanju zahtev na\u0161ih strank. Uvedli smo tudi temeljna na\u010dela IATF 16949, da zagotovimo popoln nadzor kakovosti, na\u010drtovanje in sledljivost na\u0161ega dela in izdelkov namenjenih [&hellip;]<\/p>\n","protected":false},"author":1,"featured_media":0,"parent":1279,"menu_order":59,"comment_status":"closed","ping_status":"closed","template":"","meta":{"_acf_changed":false,"inline_featured_image":false,"footnotes":""},"class_list":["post-1100","page","type-page","status-publish","hentry"],"acf":[],"_links":{"self":[{"href":"https:\/\/rodex-mechatronics.com\/sl\/wp-json\/wp\/v2\/pages\/1100","targetHints":{"allow":["GET"]}}],"collection":[{"href":"https:\/\/rodex-mechatronics.com\/sl\/wp-json\/wp\/v2\/pages"}],"about":[{"href":"https:\/\/rodex-mechatronics.com\/sl\/wp-json\/wp\/v2\/types\/page"}],"author":[{"embeddable":true,"href":"https:\/\/rodex-mechatronics.com\/sl\/wp-json\/wp\/v2\/users\/1"}],"replies":[{"embeddable":true,"href":"https:\/\/rodex-mechatronics.com\/sl\/wp-json\/wp\/v2\/comments?post=1100"}],"version-history":[{"count":9,"href":"https:\/\/rodex-mechatronics.com\/sl\/wp-json\/wp\/v2\/pages\/1100\/revisions"}],"predecessor-version":[{"id":2554,"href":"https:\/\/rodex-mechatronics.com\/sl\/wp-json\/wp\/v2\/pages\/1100\/revisions\/2554"}],"up":[{"embeddable":true,"href":"https:\/\/rodex-mechatronics.com\/sl\/wp-json\/wp\/v2\/pages\/1279"}],"wp:attachment":[{"href":"https:\/\/rodex-mechatronics.com\/sl\/wp-json\/wp\/v2\/media?parent=1100"}],"curies":[{"name":"wp","href":"https:\/\/api.w.org\/{rel}","templated":true}]}}