{"id":1108,"date":"2023-04-03T07:22:22","date_gmt":"2023-04-03T07:22:22","guid":{"rendered":"https:\/\/rodex-mechatronics.com\/all-in-one-solution\/"},"modified":"2025-12-09T13:23:14","modified_gmt":"2025-12-09T13:23:14","slug":"resitev-vse-na-enem-mestu","status":"publish","type":"page","link":"https:\/\/rodex-mechatronics.com\/sl\/nas-pristop\/resitev-vse-na-enem-mestu\/","title":{"rendered":"Re\u0161itev vse na enem mestu"},"content":{"rendered":"<p>[vc_row full_width=&#8221;stretch_row_content_no_spaces&#8221; el_class=&#8221;kara-ozadje2&#8243;][vc_column][vc_single_image image=&#8221;325&#8243; img_size=&#8221;full&#8221; alignment=&#8221;right&#8221;][\/vc_column][\/vc_row][vc_row full_width=&#8221;stretch_row_content_no_spaces&#8221; el_class=&#8221;pristop-row&#8221;][vc_column][vc_empty_space height=&#8221;50px&#8221;]<div class=\"custom-sh pristopsh\"><div class=\"pristop-bg-right\"><\/div><div class=\"center-sirsi\"><div class=\"pristop-pagination-wrapper\"><div class=\"pristop-pagination-wrapper-inner\"><div class=\"pristop-center-kroga-naslov\">Rodex pristop<\/div><div class=\"pristop-center-krog-zunanji\"><div class=\"pristop-center-krog-notranji\"><\/div><\/div><div class=\"swiper-pagination-pristop\"><\/div><\/div><\/div><div class=\"pristop-slider-wrapper\"><div class=\"swiper-container-pristop\"><div class=\"swiper-wrapper\"> <div class=\"swiper-slide\"> <div class=\"pristop-slide-inside\"> <h3 class=\"pristop-title\">\u201eDesign for Manufacturing\u201c<\/h3> <div class=\"pristop-categories\">OD IDEJE DO SERIJSKE DOBAVE | PROIZVODNI PROCES | PROTOTIPIRANJE | PROIZVODNJA<\/div> <div class=\"pristop-content\">Optimizirajte zasnovo va\u0161ega izdelka, da zagotovite nemoten prehod na serijsko proizvodnjo. U\u017eivajte v na\u0161i popolni podpori pri nudenju storitve \u201edesign for manufacturing\u201d, tako za proizvodnjo component kot monta\u017eo. Na\u0161a re\u0161itev \u201cVse na enem mestu\u201d zmanj\u0161uje mo\u017enost pojava te\u017eav v serisjki proizvodnji, zni\u017euje stro\u0161ke izdelave, zagotavlja vi\u0161je stopnje ustreznosti izdelkov in skraj\u0161a dobavni rok.<\/div><\/div><\/div> <div class=\"swiper-slide\"> <div class=\"pristop-slide-inside\"> <h3 class=\"pristop-title\">Izdelava orodij<\/h3> <div class=\"pristop-categories\">NA\u010cRTOVANJE ORODJA | IZDELAVA ORODJA<\/div> <div class=\"pristop-content\">Svetovanje, na\u010drtovanje in izdelava kompleksnih visokokakovostnih orodij za brizganje plastike in orodij za tla\u010dno litje. S potrebnim znanjem in sodobno opremo zagotovimo u\u010dinkovito izdelavo, predvidimo potencialna tveganja, zni\u017eamo proizvodne stro\u0161ke in poskrbimo za visoko kakovost.<\/div><\/div><\/div> <div class=\"swiper-slide\"> <div class=\"pristop-slide-inside\"> <h3 class=\"pristop-title\">Proizvodnja sestavnih delov & upravljanje dobavne verige<\/h3> <div class=\"pristop-categories\">PLASTI\u010cNI DELI | SOLENOIDI AKTUATORJI IN NAVITJA | UPRAVLJANJE DOBAVNE VERIGE<\/div> <div class=\"pristop-content\">Lastna proizvodnja sestavnih delov ter nabava ostalih potrebnih materialov in komponent preko na\u0161e mre\u017ee dobaviteljev. Vsaka zasnova procesa in izdelava orodja za brizganje plstike je predhodno tehnolo\u0161ko pregledana. Na\u0161a proizvodnja zagotavlja orodja za brizganje plastike po meri.<\/div><\/div><\/div> <div class=\"swiper-slide\"> <div class=\"pristop-slide-inside\"> <h3 class=\"pristop-title\">Natan\u010dna monta\u017ea<\/h3> <div class=\"pristop-categories\">MONTA\u017dA ELEKTROMEHANSKIH, ELEKTROMAGNETNIH IN MEHATRONSKIH SKLOPOV<\/div> <div class=\"pristop-content\">Izkoristite na\u0161o hitro in najkakovostnej\u0161o lastno monta\u017eo serijskih izdelkov. Va\u0161e ob\u010dutljive elektronske komponente so za\u0161\u010ditene v namenskih ESD proizvodnih obmo\u010djih, medtem ko vam na\u0161i strokovnjaki pomagajo razviti najbolj optimalno tehnologijo serijske proizvodnje.<\/div><\/div><\/div> <div class=\"swiper-slide\"> <div class=\"pristop-slide-inside\"> <h3 class=\"pristop-title\">Pakiranje in dostava<\/h3> <div class=\"pristop-categories\">LOGISTI\u010cNA PODPORA<\/div> <div class=\"pristop-content\">Prihranite \u010das in sredstva z na\u0161o logisti\u010dno ekipo. Zaupajte nam nabavo materialov in komponent ter dostavo kon\u010dnih izdelkov po celem svetu.<\/div><\/div><\/div> <div class=\"swiper-slide\"> <div class=\"pristop-slide-inside\"> <h3 class=\"pristop-title\">ISO nadzor kakovosti<\/h3> <div class=\"pristop-categories\">ZAGOTAVLJANJE KAKOVOSTI | MERITVE IN TESTIRANJA<\/div> <div class=\"pristop-content\">Z izvajanjem nadzora kakovosti po standardih ISO v vsaki fazi projekta in proizvodnje zagotavljamo ustrezne postopke kontrole kakovosti in meritve z naprednimi merilnimi orodji. To med drugim vklju\u010duje tudi 3D merilna orodja, 3D lasersko skeniranje in statisti\u010dno kontrolo procesov. Stalne kalibracije, analize merilnih sistemov in nadzor kakovosti proizvodnih procesov so vsakodnevna rutina.<\/div><\/div><\/div><\/div><\/div><\/div><div class=\"clear\"><\/div><\/div><\/div><script>\n    \n    jQuery(document).ready(function () {\n    var naslovijs = [\"\\u201eDesign for Manufacturing\\u201c\",\"Izdelava orodij\",\"Proizvodnja sestavnih delov & upravljanje dobavne verige\",\"Natan\\u010dna monta\\u017ea\",\"Pakiranje in dostava\",\"ISO nadzor kakovosti\"];\n        \n     \n    var swiperPristop = new Swiper('.swiper-container-pristop', {\n      slidesPerView: 1,\n        effect: 'fade',\n        dots: 'true',\n      fadeEffect: { crossFade: true },\n      pagination: {\n        el: '.swiper-pagination-pristop',\n        clickable: true,\n        renderBullet: function (index, className) { \n          return '<div class=\"' + className + ' '+ className + (index + 1) +' \"><div class=\"pagi-text pagi-text'+(index + 1)+'\"><span class=\"slide-tect\">'+(naslovijs[index])+'<\/span><\/div><span class=\"pagi-number pagi-number'+(index + 1)+'\">' + (index + 1) + '<\/span><\/div>';\n        },\n      },\n    });\n    \n    jQuery('.pristop-pagination-wrapper .swiper-pagination-bullet').hover(function() {\n      jQuery( this ).trigger( 'click' );\n   });\n     \n    \n     });\n    \n    <\/script>[\/vc_column][\/vc_row][vc_row equal_height=&#8221;yes&#8221; content_placement=&#8221;middle&#8221; el_class=&#8221;row-slika-z-opisom&#8221;][vc_column width=&#8221;1\/2&#8243; el_class=&#8221;levi-box-text&#8221;][vc_column_text]<\/p>\n<h2>\u00bbVse na enem mestu\u00ab za vse va\u0161e potrebe.<\/h2>\n<p>Popolnoma prilagojen, popolnoma optimiziran TCO. S 40-letnimi izku\u0161njami in ve\u010d kot 75 strokovnjaki s klju\u010dnih tehnolo\u0161kih podro\u010dij razumemo va\u0161 trg, va\u0161e poslovanje in va\u0161e proizvodne zahteve.<\/p>\n<p>Prilagojene re\u0161itve izven okvirjev. Proizvodni proces na\u010drtujemo od koncepta do serijske proizvodnje komponente ali kon\u010dnega izdelka in zagotavljamo popoln nadzor. To nam omogo\u010da, da zmanj\u0161amo potencialna tveganja pred proizvodnjo, se hitro prilagajamo spremembam in hitro re\u0161ujemo probleme. Prilagodljivost je sinonim za Rodex Mechatronics.<\/p>\n<p>Pri nas se agilnost sre\u010duje z visoko strokovnostjo. To pomeni, da zagotavljamo kakovost celotne proizvodnje in zmanj\u0161amo nepredvidene stro\u0161ke, preden nastanejo.[\/vc_column_text][\/vc_column][vc_column width=&#8221;1\/2&#8243; el_class=&#8221;desni-box-slika&#8221;][vc_single_image image=&#8221;1005&#8243; img_size=&#8221;full&#8221; alignment=&#8221;center&#8221;][\/vc_column][\/vc_row][vc_row equal_height=&#8221;yes&#8221; content_placement=&#8221;middle&#8221; el_class=&#8221;row-slika-z-opisom&#8221;][vc_column width=&#8221;1\/2&#8243; el_class=&#8221;levi-box-slika&#8221;][vc_single_image image=&#8221;2544&#8243; img_size=&#8221;full&#8221; alignment=&#8221;center&#8221;][\/vc_column][vc_column width=&#8221;1\/2&#8243; el_class=&#8221;desni-box-text&#8221;][vc_column_text]<\/p>\n<h2>Napredno in proaktivno.<\/h2>\n<p>Da bi dosegli \u0161e kraj\u0161i \u010das uvajanja izdelka na trg, v Rodex Mechatronics vlagamo v ve\u010d projektov digitalizacije. Posledi\u010dno smo \u0161e bolj prilagodljivi, odzivni, kar omogo\u010da hitrej\u0161e odlo\u010danje. Uvajamo principe industrije 4.0 in nadgrajujemo poslovanje s pomo\u010djo umetne inteligence in robotike. Sprejemamo potrebne ukrepe za prilagoditev na\u0161ega proizvodnega procesa va\u0161im potrebam, zato smo poznani po prilagodljivosti po va\u0161i meri.[\/vc_column_text][\/vc_column][\/vc_row][vc_row el_class=&#8221;row-slika-z-opisom&#8221;][vc_column width=&#8221;1\/2&#8243; el_class=&#8221;levi-box-text&#8221;][vc_column_text]<\/p>\n<h2>Skrbimo za logistiko in dobavo.<\/h2>\n<p>Upravljanje dobavne verige predstavlja izziv mnogim podjetjem. Nestanovitne zahteve trga, geopoliti\u010dne spremembe, kompleksni izdelki \u2013 vse to so vzroki, da je potreba po agilni dobavni verigi ve\u010dja kot kadarkoli. Da bi ubla\u017eili vsa tveganja, na\u0161a razvejan dobaviteljska mre\u017ea z ve\u010d kot 300 dobavitelji zagotavlja, da lahko pod optimalnimi pogoji nabavljamo visokokakovostne dele za proizvodnjo. Hitro prilagajanje novim zahtevam v kontroliranem procesu zagotavlja najkraj\u0161i mo\u017eni preto\u010dni \u010das.<\/p>\n<p>Na\u0161i dobavitelji so na\u0161i partnerji. Vsak je podvr\u017een temeljitemu kvalifikacijskemu procesu, kjer neposredno na terenu doka\u017ee svojo kakovost, tehnolo\u0161ko znanje in zanesljivost. V skladu s smernicami trajnosti ESG (okolje, dru\u017eba, upravljanje) se zavezujemo predvsem k partnerstvu z lokalnimi dobavitelji. S tem zni\u017eujemo tudi oglji\u010dni odtis.[\/vc_column_text][\/vc_column][vc_column width=&#8221;1\/2&#8243; el_class=&#8221;desni-box-slika&#8221;]<div class=\"custom-sh tabelash\"><table cellspacing=\"0\" class=\"table-9102\"><tr><th>Kaj kupujemo<\/th><\/tr><tr><td>Tehni\u010dni polimeri\/granulati<br \/><\/td><\/tr>\n<tr><td>Kakovostna orodna jekla<br \/><\/td><\/tr>\n<tr><td>Standardni orodni deli in materiali<br \/><\/td><\/tr>\n<tr><td>Storitve orodjarstva<br \/><\/td><\/tr>\n<tr><td>Kovinski izdelki po naro\u010dilu - stru\u017eeni in \u0161tancani<br \/><\/td><\/tr>\n<tr><td>Kabli in kabelski snopi<br \/><\/td><\/tr>\n<tr><td>Vzmeti<br \/><\/td><\/tr>\n<tr><td>Elektronski sklopi (tiskana vezja)<br \/><\/td><\/tr>\n<tr><td>Lakirane bakrene \u017eice za navijanje tuljav<br \/><\/td><\/tr>\n<tr><td>Izolacijske materiale<br \/><\/td><\/tr>\n<tr><td>Vijake<\/td><\/tr><\/table><\/div>[\/vc_column][\/vc_row][vc_row full_width=&#8221;stretch_row_content_no_spaces&#8221;][vc_column]<div class=\"custom-sh citatsh\"><div class=\"citat-inside\"><h2 class=\"citat-content\">Nadzorujemo dobavitelje, nabavo materiala in preverjanje kakovosti, s \u010dimer va\u0161emu nabavnemu oddelku prihranimo 75 % \u010dasa.<\/h2><\/div><\/div>[\/vc_column][\/vc_row][vc_row equal_height=&#8221;yes&#8221; content_placement=&#8221;middle&#8221; el_class=&#8221;row-slika-z-opisom&#8221;][vc_column width=&#8221;1\/2&#8243; el_class=&#8221;levi-box-text&#8221;][vc_column_text]<\/p>\n<h2>Vi\u0161ja kakovost, ni\u017eji transportni stro\u0161ki.<\/h2>\n<p>Ker se nahajamo v osr\u010dju Evrope, smo blizu vas in va\u0161ih potreb. Imamo dober vpogled v distribucijske mre\u017ee ponudnikov logisti\u010dnih storitev. To vam daje jamstvo najbolj optimalne transportne poti in, da bo va\u0161 kon\u010dni izdelek dostavljen na va\u0161 \u017eeljeni cilj v Evropi v manj kot 24 urah.[\/vc_column_text][\/vc_column][vc_column width=&#8221;1\/2&#8243; el_class=&#8221;desni-box-slika&#8221;][vc_single_image image=&#8221;569&#8243; img_size=&#8221;full&#8221; alignment=&#8221;center&#8221;][\/vc_column][\/vc_row][vc_row el_class=&#8221;row-with-accordion&#8221;][vc_column][vc_column_text]<\/p>\n<h2>Na\u0161a podpora je vedno tu.<\/h2>\n<p>Stabilni procesi od razvoja do serijske proizvodnje so tisto, kar dobite. Da bi va\u0161i izdelki pri\u0161li na trg v najkraj\u0161em mo\u017enem \u010dasu, optimiziramo proizvodni proces s podporo na vseh ravneh.[\/vc_column_text][vc_tta_accordion shape=&#8221;square&#8221; color=&#8221;white&#8221; c_position=&#8221;right&#8221; active_section=&#8221;1&#8243; no_fill=&#8221;true&#8221;][vc_tta_section title=&#8221;Optimizacija izdelkov&#8221; tab_id=&#8221;1680692860206-ab9ff000-6caf&#8221;][vc_column_text]Pri \u00bbdesign for manufacturing\u00ab na\u0161i tehni\u010dni strokovnjaki pregledajo zasnovo izdelka in dolo\u010dijo najbolj preprosto in u\u010dinkovito proizvodno metodo. Stranke so potrdile, da je tesno sodelovanje z nami najbolj\u0161i na\u010din za doseganje odli\u010dnega razmerja med ceno in zmogljivostjo.[\/vc_column_text][\/vc_tta_section][vc_tta_section title=&#8221;Izdelava orodij in brizganje plastike&#8221; tab_id=&#8221;1680692843210-9f6c2b91-1d26&#8243;][vc_column_text]Zagotovite si visokokakovostno orodje z dolgo \u017eivljenjsko dobo po ni\u017eji ceni. Na\u0161i strokovnjaki so tukaj, da vam pomagajo na\u010drtovati va\u0161e orodje, ki ga seveda tudi izdelamo.[\/vc_column_text][\/vc_tta_section][vc_tta_section title=&#8221;Monta\u017ea&#8221; tab_id=&#8221;1680693133945-6d752174-98e4&#8243;][vc_column_text]Izkoristite optimalen proces monta\u017ee. Na\u0161a ekipa pomaga izbrati najprimernej\u0161e metode in tehnologije s kon\u010dnim ciljem skraj\u0161ati trajanje va\u0161ega projekta in zagotavljati kratke cikle serijske proizvodnje.[\/vc_column_text][\/vc_tta_section][vc_tta_section title=&#8221;Merjenje&#8221; tab_id=&#8221;1680692843223-39d125f5-b6e0&#8243;][vc_column_text]Brez te\u017eav nadaljujte s serijsko proizvodnjo. Svetujemo najoptimalnej\u0161e metode merjenja in preverjanja za serijsko proizvodnjo.[\/vc_column_text][\/vc_tta_section][vc_tta_section title=&#8221;Skladnost&#8221; tab_id=&#8221;1680692891087-00aa258b-0876&#8243;][vc_column_text]Zagotavljanje skladnosti va\u0161ega izdelka z zahtevami in specifikacijami va\u0161e industrije, od preverjanja kakovosti in podatkovnih poro\u010dil do upravljanja dokumentacije. Va\u0161 \u010das uvajanja izdelka na trg bo kraj\u0161i, saj dobite vso podporo, ki izbolj\u0161uje stabilnost novega ali obstoje\u010dega izdelka.[\/vc_column_text][\/vc_tta_section][\/vc_tta_accordion][\/vc_column][\/vc_row][vc_row][vc_column]<div class=\"templatera_shortcode\"><div class=\"vc_row wpb_row vc_row-fluid\"><div class=\"wpb_column vc_column_container vc_col-sm-12\"><div class=\"vc_column-inner\"><div class=\"wpb_wrapper\"><div class=\"custom-sh contactsupport-sh\"><div class=\"contactsupportsh-col1\"><img decoding=\"async\" src=\"https:\/\/rodex-mechatronics.com\/wp-content\/uploads\/2023\/09\/KZI0734-Edit-scaled.jpg\" \/><\/div><div class=\"contactsupportsh-col2\"><h2 class=\"contactsupportsh-title\">Kontakt in podpora<\/h2><div class=\"contactsupportsh-opis\">Kak\u0161no vpra\u0161anje? Potrebujete partnerja za va\u0161 naslednji projekt? Tukaj smo, da vas podpiramo na vsakem koraku.<\/div><\/div><div class=\"contactsupportsh-col3\"><div class=\"contactsupportsh-info info-tel\"><a href=\"tel:+38642809880\">+386 4 280 98 80<\/a><\/div><div class=\"contactsupportsh-info info-email\"><a href=\"mailto:info@rodex-mechatronics.com\">info@rodex-mechatronics.com<\/a><\/div><\/div><div class=\"clear\"><\/div><\/div><\/div><\/div><\/div><\/div><\/div>[\/vc_column][\/vc_row]<\/p>\n","protected":false},"excerpt":{"rendered":"Rodex pristop \u201eDesign for Manufacturing\u201c OD IDEJE DO SERIJSKE DOBAVE | PROIZVODNI PROCES | PROTOTIPIRANJE | PROIZVODNJA Optimizirajte zasnovo va\u0161ega izdelka, da zagotovite nemoten prehod na serijsko proizvodnjo. U\u017eivajte v na\u0161i popolni podpori pri nudenju storitve \u201edesign for manufacturing\u201d, tako za proizvodnjo component kot monta\u017eo. Na\u0161a re\u0161itev \u201cVse na enem mestu\u201d zmanj\u0161uje mo\u017enost pojava te\u017eav [...]","protected":false},"author":1,"featured_media":0,"parent":1279,"menu_order":29,"comment_status":"closed","ping_status":"closed","template":"","meta":{"_acf_changed":false,"inline_featured_image":false,"footnotes":""},"class_list":["post-1108","page","type-page","status-publish","hentry"],"acf":[],"_links":{"self":[{"href":"https:\/\/rodex-mechatronics.com\/sl\/wp-json\/wp\/v2\/pages\/1108","targetHints":{"allow":["GET"]}}],"collection":[{"href":"https:\/\/rodex-mechatronics.com\/sl\/wp-json\/wp\/v2\/pages"}],"about":[{"href":"https:\/\/rodex-mechatronics.com\/sl\/wp-json\/wp\/v2\/types\/page"}],"author":[{"embeddable":true,"href":"https:\/\/rodex-mechatronics.com\/sl\/wp-json\/wp\/v2\/users\/1"}],"replies":[{"embeddable":true,"href":"https:\/\/rodex-mechatronics.com\/sl\/wp-json\/wp\/v2\/comments?post=1108"}],"version-history":[{"count":16,"href":"https:\/\/rodex-mechatronics.com\/sl\/wp-json\/wp\/v2\/pages\/1108\/revisions"}],"predecessor-version":[{"id":2807,"href":"https:\/\/rodex-mechatronics.com\/sl\/wp-json\/wp\/v2\/pages\/1108\/revisions\/2807"}],"up":[{"embeddable":true,"href":"https:\/\/rodex-mechatronics.com\/sl\/wp-json\/wp\/v2\/pages\/1279"}],"wp:attachment":[{"href":"https:\/\/rodex-mechatronics.com\/sl\/wp-json\/wp\/v2\/media?parent=1108"}],"curies":[{"name":"wp","href":"https:\/\/api.w.org\/{rel}","templated":true}]}}