{"id":1676,"date":"2023-08-29T10:47:50","date_gmt":"2023-08-29T10:47:50","guid":{"rendered":"https:\/\/rodex-mechatronics.com\/?page_id=1676"},"modified":"2023-08-29T13:48:51","modified_gmt":"2023-08-29T13:48:51","slug":"spirit-stktp","status":"publish","type":"page","link":"https:\/\/rodex-mechatronics.com\/sl\/nas-pristop\/spirit-stktp\/","title":{"rendered":"SPIRIT Slovenija &#8211; STKTP"},"content":{"rendered":"<p>[vc_row equal_height=&#8221;yes&#8221; content_placement=&#8221;middle&#8221; el_class=&#8221;row-slika-z-opisom&#8221;][vc_column el_class=&#8221;levi-box-text&#8221;][vc_column_text]<strong>Podpora zagonskim, mikro, malim in srednjim podjetjem pri strate\u0161ki trajnostni in kro\u017eni transformaciji poslovanja<\/strong><\/p>\n<p>Program Akademije trajnostne in kro\u017ene transformacije<\/p>\n<p><em>Trajanje programa: 03\/2023 &#8211; 08\/2023<\/em><\/p>\n<p><strong>Rodex Mechatronics na temeljih 40-letnega poslovanja ustvarja pogoje za prehod v sodobno, trajnostno in kro\u017eno poslovanje. <\/strong><\/p>\n<p><strong>Pri nastanku Trajnostne in kro\u017ene poslovne strategije 2023-2027 je v delovni skupini sodelovalo 18 zaposlenih, pri drugih aktivnostih v procesu pa celoten kolektiv, ve\u010d kot 90 zaposlenih. <\/strong><\/p>\n<p><strong>S pomo\u010djo delavnic smo dolo\u010dili razvojne cilje in strate\u0161ke aktivnosti za dosego teh ciljev. Cilji poudarjajo ne le pomembne vidike trajnostne preobrazbe procesov in kro\u017eno zasnovanih izdelkov, ampak tudi ambicije poslovne uspe\u0161nosti, ki smelo zre v nove, hitro rasto\u010de panoge.<\/strong><\/p>\n<p>\u00bbNalo\u017ebo sofinancira Financira Evropska unija &#8211; NextGenerationEU\u00ab<\/p>\n<p>CELOTNI PRORA\u010cUN PROGRAMA<br \/>\n#pomo\u010d po shemi\u00a0<em>de minimis<br \/>\n<\/em>34.777,00 \u20ac<\/p>\n<p>EU-FINANCIRANJE<br \/>\n34.770,00 \u20ac<\/p>\n<p>Ve\u010d informacij na\u00a0<a href=\"http:\/\/www.noo.gov.si\/\">www.noo.gov.si<\/a>\u00a0in\u00a0<a href=\"http:\/\/www.evropskasredstva.si\/\">www.evropskasredstva.si<\/a>[\/vc_column_text][\/vc_column][\/vc_row][vc_row][vc_column][vc_single_image image=&#8221;1677&#8243; img_size=&#8221;400&#215;100&#8243;][\/vc_column][\/vc_row][vc_row][vc_column][vc_single_image image=&#8221;1683&#8243; img_size=&#8221;400&#215;100&#8243;][\/vc_column][\/vc_row][vc_row][vc_column][vc_single_image image=&#8221;1680&#8243; img_size=&#8221;400&#215;100&#8243;][\/vc_column][\/vc_row][vc_row][vc_column][vc_single_image image=&#8221;1686&#8243; img_size=&#8221;400&#215;100&#8243;][\/vc_column][\/vc_row][vc_row][vc_column][vc_single_image image=&#8221;1689&#8243; img_size=&#8221;400&#215;100&#8243;][\/vc_column][\/vc_row]<\/p>\n","protected":false},"excerpt":{"rendered":"<p>[vc_row equal_height=&#8221;yes&#8221; content_placement=&#8221;middle&#8221; el_class=&#8221;row-slika-z-opisom&#8221;][vc_column el_class=&#8221;levi-box-text&#8221;][vc_column_text]Podpora zagonskim, mikro, malim in srednjim podjetjem pri strate\u0161ki trajnostni in kro\u017eni transformaciji poslovanja Program Akademije trajnostne in kro\u017ene transformacije Trajanje programa: 03\/2023 &#8211; 08\/2023 Rodex Mechatronics na temeljih 40-letnega poslovanja ustvarja pogoje za prehod v sodobno, trajnostno in kro\u017eno poslovanje. Pri nastanku Trajnostne in kro\u017ene poslovne strategije 2023-2027 je v [&hellip;]<\/p>\n","protected":false},"author":6,"featured_media":0,"parent":1279,"menu_order":38,"comment_status":"closed","ping_status":"closed","template":"","meta":{"_acf_changed":false,"inline_featured_image":false,"footnotes":""},"class_list":["post-1676","page","type-page","status-publish","hentry"],"acf":[],"_links":{"self":[{"href":"https:\/\/rodex-mechatronics.com\/sl\/wp-json\/wp\/v2\/pages\/1676","targetHints":{"allow":["GET"]}}],"collection":[{"href":"https:\/\/rodex-mechatronics.com\/sl\/wp-json\/wp\/v2\/pages"}],"about":[{"href":"https:\/\/rodex-mechatronics.com\/sl\/wp-json\/wp\/v2\/types\/page"}],"author":[{"embeddable":true,"href":"https:\/\/rodex-mechatronics.com\/sl\/wp-json\/wp\/v2\/users\/6"}],"replies":[{"embeddable":true,"href":"https:\/\/rodex-mechatronics.com\/sl\/wp-json\/wp\/v2\/comments?post=1676"}],"version-history":[{"count":8,"href":"https:\/\/rodex-mechatronics.com\/sl\/wp-json\/wp\/v2\/pages\/1676\/revisions"}],"predecessor-version":[{"id":1702,"href":"https:\/\/rodex-mechatronics.com\/sl\/wp-json\/wp\/v2\/pages\/1676\/revisions\/1702"}],"up":[{"embeddable":true,"href":"https:\/\/rodex-mechatronics.com\/sl\/wp-json\/wp\/v2\/pages\/1279"}],"wp:attachment":[{"href":"https:\/\/rodex-mechatronics.com\/sl\/wp-json\/wp\/v2\/media?parent=1676"}],"curies":[{"name":"wp","href":"https:\/\/api.w.org\/{rel}","templated":true}]}}