{"id":1938,"date":"2025-03-11T08:57:04","date_gmt":"2025-03-11T08:57:04","guid":{"rendered":"https:\/\/rodex-mechatronics.com\/?page_id=1938"},"modified":"2026-03-03T08:50:50","modified_gmt":"2026-03-03T08:50:50","slug":"operater-za-brizganje-plastike","status":"publish","type":"page","link":"https:\/\/rodex-mechatronics.com\/sl\/operater-za-brizganje-plastike\/","title":{"rendered":"Operater za brizganje plastike"},"content":{"rendered":"<p>[vc_row][vc_column][vc_column_text]<\/p>\n<p style=\"text-align: center;\"><strong>Postani del uspe\u0161ne zgodbe in sodeluj pri ustvarjanju prihodnosti <\/strong><\/p>\n<p style=\"text-align: center;\"><strong>na delovnem mestu:<\/strong><\/p>\n<p><strong>\u00a0<\/strong><\/p>\n<h1 style=\"text-align: center;\"><strong>OPERATER ZA BRIZGANJE PLASTIKE (m\/\u017e)<\/strong><\/h1>\n<p><strong>\u00a0<\/strong><\/p>\n<p><strong>Tvoje odgovornosti bodo:<\/strong><\/p>\n<p><strong>\u00a0<\/strong><\/p>\n<ul>\n<li>pripravljanje strojev, perifernih enot in materiala za brizganje<\/li>\n<li>izvajanje nadzora procesa brizganja<\/li>\n<li>menjava orodij<\/li>\n<li>izvajanje procesne kontrole, enostavnej\u0161ih meritev in izdelava zapisov meritev<\/li>\n<li>zagotavljanje \u010disto\u010de, reda in urejenosti delovnega okolja<\/li>\n<li>vodenje in vzdr\u017eevanje potrebnih evidenc, zapisov ter poro\u010dil<\/li>\n<li>izvajanje drugih del po navodilih nadrejenega, ki so v skladu s strokovno usposobljenostjo in so sestavni del delovnega procesa<\/li>\n<\/ul>\n<p><strong>\u00a0<\/strong><\/p>\n<p><strong>Pri\u010dakujemo, da ima\u0161:<\/strong><\/p>\n<p>&nbsp;<\/p>\n<ul>\n<li>vsaj IV. stopnjo tehni\u010dne smeri<\/li>\n<li>za\u017eeleno obvladovanje upravljanja strojev za brizganje plastike, ni pa pogoj<\/li>\n<li>samoiniciativnost, natan\u010dnost, zanesljivost, odgovornost in pozitivnost<\/li>\n<\/ul>\n<p>&nbsp;<\/p>\n<p><strong>Nudimo:<\/strong><\/p>\n<p><strong>\u00a0<\/strong><\/p>\n<p>Delovni pogoji<\/p>\n<p><strong>\u00a0<\/strong><\/p>\n<ul>\n<li>dolgoro\u010dno sodelovanje in zaposlitev za nedolo\u010den \u010das s 6 mese\u010dno poskusno dobo<\/li>\n<li>dvoizmensko delo<\/li>\n<li>sistemati\u010dno uvajanje v delo<\/li>\n<li>delo v prijetnem in urejenem okolju<\/li>\n<li>delo v mladem in rasto\u010dem kolektivu<\/li>\n<li>organizirano prehrano v restavraciji<\/li>\n<li>brezpla\u010dno parkiri\u0161\u010de pred podjetjem<\/li>\n<\/ul>\n<p>&nbsp;<\/p>\n<p>Osebni in strokovni razvoj ter inovativno okolje<\/p>\n<p>&nbsp;<\/p>\n<ul>\n<li>mo\u017enost pridobivanja novega znanja na izobra\u017eevanjih in strokovnih usposabljanjih<\/li>\n<li>interna izmenjava znanja<\/li>\n<li>interna knji\u017enica strokovnih in drugih uporabnih vsebin<\/li>\n<li>spodbujanje inovativnosti<\/li>\n<\/ul>\n<p>&nbsp;<\/p>\n<p>Finan\u010dni paket<\/p>\n<p><strong>\u00a0<\/strong><\/p>\n<ul>\n<li>zanesljiv delodajalec<\/li>\n<li>stimulativno nagrajevanje<\/li>\n<li>nagrajevanje koristnih predlogov in izbolj\u0161av<\/li>\n<li>najvi\u0161je nadomestilo za prehrano<\/li>\n<li>nagrada za priporo\u010dilo novih sodelavcev<\/li>\n<\/ul>\n<p>&nbsp;<\/p>\n<p>Zdravje in dobro po\u010dutje zaposlenih<\/p>\n<p>&nbsp;<\/p>\n<ul>\n<li>skrb za varno delovno okolje<\/li>\n<li>skrb za zdravje na delovnem mestu<\/li>\n<li>skrb za dobro po\u010dutje zaposlenih (sadje na delovnem mestu, neformalna interna dru\u017eenja kot npr. Rodex piknik, novoletna zabava,\u2026)<\/li>\n<\/ul>\n<p>&nbsp;<\/p>\n<p>Prijavo z \u017eivljenjepisom po\u0161ljite na elektronski naslov <a href=\"mailto:kadri@rodex-mechatronics.com\"><strong>kadri@rodex-mechatronics.com.<\/strong><\/a><\/p>\n<p>Ve\u010d o podjetju si lahko preberete na spletni strani <a href=\"http:\/\/www.rodex-mechatronics.com\"><strong>www.rodex-mechatronics.com<\/strong><\/a><strong>.<\/strong><\/p>\n<p>Rodex Mechatronics d.o.o. se je iz obrtne delavnice razvil v sodobno tehnolo\u0161ko dru\u017einsko podjetje s 110 zaposlenimi. Krasi nas 40 let izku\u0161enj in uspe\u0161nih sodelovanj s slovenskimi in tujimi podjetji. Zahteve in potrebe trga so nas vodile v proizvodnjo razli\u010dnih elektromehanskih in elektronskih aparatov prete\u017eno na podro\u010dju avtomatskih pla\u010dilnih terminalov, s katerimi se vsak izmed nas vsakodnevno sre\u010duje.<\/p>\n<p>Smo eden izmed vodilnih evropskih proizvajalcev integralnih mehatronskih komponent za razli\u010dne industrije, s fokusom na panogah rasti. Svojim partnerjem ponujamo celovit pristop k proizvodnji, od zasnove do dostave.<\/p>\n<p>Na\u0161e ciljne skupine so srednje velika in velika podjetja, ki razvijajo ali proizvajajo kompleksnej\u0161e produkte in potrebujejo celostno podporo za serijsko proizvodnjo. S svojim odli\u010dnim delom in Rodex pristopom smo postali dolgoleten partner in sistemski dobavitelj znanim evropskim podjetjem.[\/vc_column_text][\/vc_column][\/vc_row][vc_row][vc_column][\/vc_column][\/vc_row]<\/p>\n","protected":false},"excerpt":{"rendered":"<p>[vc_row][vc_column][vc_column_text] Postani del uspe\u0161ne zgodbe in sodeluj pri ustvarjanju prihodnosti na delovnem mestu: \u00a0 OPERATER ZA BRIZGANJE PLASTIKE (m\/\u017e) \u00a0 Tvoje odgovornosti bodo: \u00a0 pripravljanje strojev, perifernih enot in materiala za brizganje izvajanje nadzora procesa brizganja menjava orodij izvajanje procesne kontrole, enostavnej\u0161ih meritev in izdelava zapisov meritev zagotavljanje \u010disto\u010de, reda in urejenosti delovnega okolja vodenje [&hellip;]<\/p>\n","protected":false},"author":5,"featured_media":0,"parent":0,"menu_order":16,"comment_status":"closed","ping_status":"closed","template":"","meta":{"_acf_changed":false,"inline_featured_image":false,"footnotes":""},"class_list":["post-1938","page","type-page","status-publish","hentry"],"acf":[],"_links":{"self":[{"href":"https:\/\/rodex-mechatronics.com\/sl\/wp-json\/wp\/v2\/pages\/1938","targetHints":{"allow":["GET"]}}],"collection":[{"href":"https:\/\/rodex-mechatronics.com\/sl\/wp-json\/wp\/v2\/pages"}],"about":[{"href":"https:\/\/rodex-mechatronics.com\/sl\/wp-json\/wp\/v2\/types\/page"}],"author":[{"embeddable":true,"href":"https:\/\/rodex-mechatronics.com\/sl\/wp-json\/wp\/v2\/users\/5"}],"replies":[{"embeddable":true,"href":"https:\/\/rodex-mechatronics.com\/sl\/wp-json\/wp\/v2\/comments?post=1938"}],"version-history":[{"count":3,"href":"https:\/\/rodex-mechatronics.com\/sl\/wp-json\/wp\/v2\/pages\/1938\/revisions"}],"predecessor-version":[{"id":2600,"href":"https:\/\/rodex-mechatronics.com\/sl\/wp-json\/wp\/v2\/pages\/1938\/revisions\/2600"}],"wp:attachment":[{"href":"https:\/\/rodex-mechatronics.com\/sl\/wp-json\/wp\/v2\/media?parent=1938"}],"curies":[{"name":"wp","href":"https:\/\/api.w.org\/{rel}","templated":true}]}}