{"id":2082,"date":"2024-10-24T11:47:59","date_gmt":"2024-10-24T11:47:59","guid":{"rendered":"https:\/\/rodex-mechatronics.com\/?page_id=2082"},"modified":"2024-11-25T17:13:44","modified_gmt":"2024-11-25T17:13:44","slug":"razvoj","status":"publish","type":"page","link":"https:\/\/rodex-mechatronics.com\/sl\/razvoj\/","title":{"rendered":"Razvoj"},"content":{"rendered":"<p>[vc_row equal_height=&#8221;yes&#8221; content_placement=&#8221;middle&#8221; el_class=&#8221;brez-margina row-slika-z-opisom&#8221;][vc_column el_class=&#8221;levi-box-text&#8221;][vc_column_text el_class=&#8221;razvoj-prvo&#8221;]Zagotavljamo celovito podporo pri razvoju izdelkov, prilagojenih specifi\u010dnim zahtevam kupca, z namenom iskanja optimalne re\u0161itve za va\u0161o aplikacijo. Na\u0161 pristop temelji na:[\/vc_column_text][\/vc_column][\/vc_row][vc_row content_placement=&#8221;top&#8221; el_class=&#8221;row-slika-z-opisom&#8221;][vc_column width=&#8221;1\/2&#8243; el_class=&#8221;levi-box-text&#8221;][vc_column_text el_class=&#8221;razvoj-prvo&#8221;]<strong>&#8211; Svetovanje pri razvoju izdelka:<\/strong> Skupaj z vami razvijamo re\u0161itev, ki je natan\u010dno prilagojena va\u0161im potrebam in uporabi.<br \/>\n<strong><a href=\"https:\/\/rodex-mechatronics.com\/sl\/kompetence\/design-for-manufacturing-slo\/\" target=\"_blank\" rel=\"noopener\">&#8211; Tehni\u010dno svetovanje in DFM (Design for Manufacturing):<\/a><\/strong> Pomagamo pri izbolj\u0161avah izdelka, da dose\u017eemo maksimalno tehnolo\u0161ko in proizvodno u\u010dinkovitost.<br \/>\n<strong>&#8211; Pregled materialov:<\/strong> <span class=\"sc-gUhVhA NqZtb improvePaddingFirst improvePaddingLast\">Z na\u0161im znanjem in izku\u0161njami pridobite strokovno pomo\u010d za<\/span>\u00a0podrobno analizo in svetovanje pri izbiri ustreznih materialov za va\u0161 izdelek.<br \/>\n<strong>&#8211; Izdelava prototipa, nulti kos in mala serija:<\/strong> <span class=\"sc-gUhVhA NqZtb improvePaddingFirst improvePaddingLast\">Podpremo vas s<\/span> hitrimi in kakovostnimi re\u0161itvami za izdelavo prototipov in majhnih serij izdelkov.<br \/>\n<strong>&#8211; Razvoj testnih priprav in postopkov: <\/strong><span lang=\"SL\">Glede na zahteve va\u0161ega izdelka pripravimo specifi\u010dne postopke in priprave za testiranje prototipa in preverjanje ustreznosti serijske proizvodnje.<br \/>\n<\/span><strong>&#8211; Izbor klju\u010dnih dobaviteljev: <\/strong>S podporo \u0161iroke baze zanesljivih dobaviteljev materialov in sestavnih delov po konkuren\u010dnih cenah pridobite dostop do varne in u\u010dinkovite dobaviteljske verige.<br \/>\n<strong>&#8211; Priprava za serijsko proizvodnjo: <\/strong><span lang=\"SL\">Va\u0161 izdelek bomo s pomo\u010djo preverjenih in zanesljivih postopkov proizvajali na najbolj u\u010dinkovit na\u010din. <\/span>[\/vc_column_text][\/vc_column][vc_column width=&#8221;1\/2&#8243;][vc_single_image image=&#8221;2135&#8243; img_size=&#8221;full&#8221; alignment=&#8221;center&#8221; onclick=&#8221;link_image&#8221;][\/vc_column][\/vc_row][vc_row equal_height=&#8221;yes&#8221; content_placement=&#8221;middle&#8221; el_class=&#8221;row-slika-z-opisom&#8221;][vc_column width=&#8221;1\/2&#8243; el_class=&#8221;levi-box-text&#8221;][vc_single_image image=&#8221;2123&#8243; img_size=&#8221;full&#8221; alignment=&#8221;center&#8221; onclick=&#8221;link_image&#8221;][\/vc_column][vc_column width=&#8221;1\/2&#8243; el_class=&#8221;desni-box-slika&#8221;][vc_column_text]<\/p>\n<h2>Razvojne storitve<\/h2>\n<p>Poleg sodelovanja pri razvoju izdelkov nudimo \u0161e strokovno svetovanje in izvedbo na naslednjih podro\u010djih:<br \/>\n<strong>&#8211; 3D tisk:<\/strong> Svetovanje in izvedba projektov s pomo\u010djo napredne 3D tiskalne tehnologije.<br \/>\n<strong>&#8211; Elektronika (hardware \/ HW):<\/strong> Razvoj elektronskih komponent in vezij za va\u0161e izdelke.<br \/>\n<strong>&#8211; Razvoj programske opreme (software \/ SW):<\/strong> Razvoj naprednih re\u0161itev programske opreme, prilagojene va\u0161im potrebam.[\/vc_column_text][\/vc_column][\/vc_row][vc_row full_width=&#8221;stretch_row_content_no_spaces&#8221;][vc_column]<div class=\"custom-sh citatsh\"><div class=\"citat-inside\"><h2 class=\"citat-content\">Na\u0161a ekipa se osredoto\u010da na razvoj inovativnih mehatronskih re\u0161itev, ki pripomorejo k izbolj\u0161anju u\u010dinkovitosti in zni\u017eanju stro\u0161kov delovanja va\u0161ih sistemov. Z zdru\u017eevanjem mehanike, elektronike in ra\u010dunalni\u0161kega nadzora ustvarjamo pametne re\u0161itve, prilagojene va\u0161im potrebam.<\/h2><\/div><\/div>[\/vc_column][\/vc_row][vc_row equal_height=&#8221;yes&#8221; content_placement=&#8221;middle&#8221; el_class=&#8221;row-slika-z-opisom&#8221;][vc_column width=&#8221;1\/2&#8243; el_class=&#8221;levi-box-slika&#8221;][vc_column_text]<\/p>\n<h2>Zavezanost trajnostnemu razvoju<\/h2>\n<p>Zavedamo se pomembnosti varovanja okolja, zato smo predani razvoju tehnologij, ki zmanj\u0161ujejo negativne vplive na okolje. Na\u0161a zaveza vklju\u010duje:<br \/>\n<strong>&#8211; Recikla\u017eni procesi in re\u0161itve:<\/strong> Z uvajanjem recikla\u017enih procesov in re\u0161itev pomagamo pri zmanj\u0161evanju odpadkov ter optimizaciji uporabe virov.<br \/>\n<strong>&#8211; Razvoj okolju prijaznih tehnologij in materialov:<\/strong> Uporabljamo napredne materiale in tehnologije, ki zmanj\u0161ujejo oglji\u010dni odtis in so prijazni do okolja.[\/vc_column_text][\/vc_column][vc_column width=&#8221;1\/2&#8243; el_class=&#8221;desni-box-text&#8221;][vc_single_image image=&#8221;2127&#8243; img_size=&#8221;full&#8221; alignment=&#8221;center&#8221; onclick=&#8221;link_image&#8221;][\/vc_column][\/vc_row][vc_row equal_height=&#8221;yes&#8221; content_placement=&#8221;middle&#8221; el_class=&#8221;row-slika-z-opisom&#8221;][vc_column width=&#8221;1\/2&#8243; el_class=&#8221;levi-box-text&#8221;][vc_single_image image=&#8221;2163&#8243; img_size=&#8221;full&#8221; alignment=&#8221;center&#8221; onclick=&#8221;link_image&#8221;][\/vc_column][vc_column width=&#8221;1\/2&#8243; el_class=&#8221;desni-box-slika&#8221;][vc_column_text]<\/p>\n<h2>Certifikacije in standardi<\/h2>\n<p>Pri razvoju novih izdelkov strogo <strong>sledimo mednarodnim certifikatom in standardom<\/strong>, ki zagotavljajo kakovost in skladnost z varnostnimi ter okoljskimi zahtevami. Zavezani smo k zagotavljanju najvi\u0161jih standardov na podro\u010dju razvoja tehnologij.[\/vc_column_text][\/vc_column][\/vc_row][vc_row equal_height=&#8221;yes&#8221; content_placement=&#8221;middle&#8221; el_class=&#8221;row-slika-z-opisom&#8221;][vc_column width=&#8221;1\/2&#8243; el_class=&#8221;levi-box-slika&#8221;][vc_column_text]<\/p>\n<h2>Sodelovanje z globalnimi partnerji<\/h2>\n<p><strong>Tesno sodelujemo s klju\u010dnimi globalnimi partnerji na podro\u010dju <\/strong><b><span lang=\"SL\">re\u0161itev za njihove izdelke<\/span><\/b><strong>.<\/strong> Ta partnerstva nam omogo\u010dajo dostop do najsodobnej\u0161ih tehnologij in najbolj\u0161ih praks, kar dodatno prispeva k napredku na\u0161ih re\u0161itev.<\/p>\n<p>V fazi razvoja se povezujemo tudi z zunanjimi partnerji. Skupaj z nekaterimi smo ustanovili tudi neformalen grozd in tako \u0161e pove\u010dali stopnjo integracije razli\u010dnih tehnologij na enem mestu.[\/vc_column_text][\/vc_column][vc_column width=&#8221;1\/2&#8243; el_class=&#8221;desni-box-text&#8221;][vc_single_image image=&#8221;2170&#8243; img_size=&#8221;full&#8221; alignment=&#8221;center&#8221;][\/vc_column][\/vc_row][vc_row equal_height=&#8221;yes&#8221; content_placement=&#8221;middle&#8221; el_class=&#8221;row-slika-z-opisom&#8221;][vc_column width=&#8221;1\/2&#8243; el_class=&#8221;levi-box-text&#8221;][vc_single_image image=&#8221;2096&#8243; img_size=&#8221;full&#8221; alignment=&#8221;center&#8221; onclick=&#8221;link_image&#8221;][\/vc_column][vc_column width=&#8221;1\/2&#8243; el_class=&#8221;desni-box-slika&#8221;][vc_column_text]<\/p>\n<h2>Izbolj\u0161ave na podlagi povratnih informacij<\/h2>\n<p><strong>Nenehno izbolj\u0161ujemo svoje re\u0161itve na podlagi neposrednih povratnih informacij na\u0161ih strank.<\/strong> Z aktivnim vklju\u010devanjem uporabni\u0161kih izku\u0161enj zagotavljamo, da na\u0161e tehnologije izpolnjujejo realne potrebe in pri\u010dakovanja uporabnikov.[\/vc_column_text][\/vc_column][\/vc_row][vc_row equal_height=&#8221;yes&#8221; content_placement=&#8221;middle&#8221; el_class=&#8221;row-slika-z-opisom&#8221;][vc_column el_class=&#8221;levi-box-text&#8221;][vc_column_text el_class=&#8221;razvoj-prvo&#8221;]<\/p>\n<h2>Prilagojene re\u0161itve za razli\u010dne industrije<\/h2>\n<p>Na\u0161e re\u0161itve so prilagojene zahtevam industrijskih sektorjev in aplikacij, kamor so vgrajeni na\u0161i izdelki. S tem zagotavljamo zanesljivo, robustno delovanje in u\u010dinkovito integracijo v obstoje\u010de procese.<\/p>\n<p><strong>Napredne re\u0161itve za <a href=\"https:\/\/rodex-mechatronics.com\/sl\/industrije\/placilni-sistemi\/\" target=\"_blank\" rel=\"noopener\">sisteme za procesiranje gotovine<\/a> z visoko stopnjo varnosti<\/strong> v vseh fazah obdelave gotovine, od sprejema in preverjanja do sortiranja, shranjevanja in izpla\u010dila. Varnost je klju\u010dna na vseh ravneh, zato stalno izbolj\u0161ujemo procese za \u010dim ve\u010djo zanesljivost.<\/p>\n<p><strong>Komponente in podsestavi za <a href=\"https:\/\/rodex-mechatronics.com\/sl\/industrije\/avtomobilizem\/\" target=\"_blank\" rel=\"noopener\">avtomobilsko industrijo<\/a> z visoko stopnjo robustnosti in avtomatizacije<\/strong>, ki zagotavljajo visoko kakovost, vzdr\u017eljivost in optimalno prilagajanje zahtevanim standardom.<\/p>\n<p><strong>Re\u0161itve za <a href=\"https:\/\/rodex-mechatronics.com\/sl\/industrije\/medicinske-naprave\/\" target=\"_blank\" rel=\"noopener\">medicino<\/a> s poudarkom na plasti\u010dnih komponentah, aktuatorjih in senzorjih.<\/strong> Na\u0161e re\u0161itve so zasnovane z visoko stopnjo varnosti in zanesljivosti, kar zagotavlja optimalno delovanje v zahtevnih medicinskih okoljih.<\/p>\n<p><strong>Izdelki in sistemi za podro\u010dje <a href=\"https:\/\/rodex-mechatronics.com\/sl\/industrije\/resitve-za-e-mobilnost\/\" target=\"_blank\" rel=\"noopener\">e-mobilnosti<\/a>,<\/strong> ki vklju\u010dujejo visokokakovostne <strong>EMC filtre, transformatorje, sisteme za brez\u017ei\u010dno polnjenje ter napredne plasti\u010dne komponente in podsestave.<\/strong> Velik poudarek dajemo energetski u\u010dinkovitosti, zanesljivosti in prilagajanju specifi\u010dnim zahtevam. Na\u0161e re\u0161itve podpirajo trajnostni razvoj in optimalno delovanje e-mobilnih sistemov.<\/p>\n<p><strong>Podsestavi in sestavi za <a href=\"https:\/\/rodex-mechatronics.com\/sl\/industrije\/pametni-dom\/\" target=\"_blank\" rel=\"noopener\">pameten dom<\/a>,<\/strong> ki vklju\u010dujejo <strong>napredne senzorje, solenoide, aktuatorje, podsestave in sestave.<\/strong> Ti izdelki omogo\u010dajo avtomatizacijo, energetsko u\u010dinkovitost in izbolj\u0161ano uporabni\u0161ko izku\u0161njo, s poudarkom na zanesljivosti in integraciji s sodobnimi pametnimi sistemi.<\/p>\n<p><strong>Re\u0161itve za <a href=\"https:\/\/rodex-mechatronics.com\/sl\/industrije\/tehnologija-merjenja\/\" target=\"_blank\" rel=\"noopener\">merilno tehniko<\/a>,<\/strong> ki vklju\u010dujejo <strong>napredne senzorje, solenoide, aktuatorje, plasti\u010dne komponente ter podsestave in sestave.<\/strong> Izdelki proizvedeni v Rodex Mechatornics zagotavljajo izjemno natan\u010dnost, zanesljivost in robustnost, prilagojeno visokim industrijskim standardom za natan\u010dno merjenje in analizo.[\/vc_column_text][vc_single_image image=&#8221;2156&#8243; img_size=&#8221;full&#8221; alignment=&#8221;center&#8221; onclick=&#8221;link_image&#8221;][vc_column_text el_class=&#8221;razvoj-prvo&#8221;]<strong><a href=\"https:\/\/rodex-mechatronics.com\/sl\/kontakt\/ekipa\/\">Kontaktirajte nas<\/a><\/strong> za ve\u010d informacij o tem, kako lahko na\u0161 prispevek k razvoju izbolj\u0161a u\u010dinkovitost va\u0161ega izdelka in va\u0161ih procesov ter pripomore k trajnostnemu razvoju.[\/vc_column_text][\/vc_column][\/vc_row]<\/p>\n","protected":false},"excerpt":{"rendered":"<p>[vc_row equal_height=&#8221;yes&#8221; content_placement=&#8221;middle&#8221; el_class=&#8221;brez-margina row-slika-z-opisom&#8221;][vc_column el_class=&#8221;levi-box-text&#8221;][vc_column_text el_class=&#8221;razvoj-prvo&#8221;]Zagotavljamo celovito podporo pri razvoju izdelkov, prilagojenih specifi\u010dnim zahtevam kupca, z namenom iskanja optimalne re\u0161itve za va\u0161o aplikacijo. Na\u0161 pristop temelji na:[\/vc_column_text][\/vc_column][\/vc_row][vc_row content_placement=&#8221;top&#8221; el_class=&#8221;row-slika-z-opisom&#8221;][vc_column width=&#8221;1\/2&#8243; el_class=&#8221;levi-box-text&#8221;][vc_column_text el_class=&#8221;razvoj-prvo&#8221;]&#8211; Svetovanje pri razvoju izdelka: Skupaj z vami razvijamo re\u0161itev, ki je natan\u010dno prilagojena va\u0161im potrebam in uporabi. &#8211; Tehni\u010dno svetovanje in DFM [&hellip;]<\/p>\n","protected":false},"author":1,"featured_media":0,"parent":0,"menu_order":24,"comment_status":"closed","ping_status":"closed","template":"","meta":{"_acf_changed":false,"inline_featured_image":false,"footnotes":""},"class_list":["post-2082","page","type-page","status-publish","hentry"],"acf":[],"_links":{"self":[{"href":"https:\/\/rodex-mechatronics.com\/sl\/wp-json\/wp\/v2\/pages\/2082","targetHints":{"allow":["GET"]}}],"collection":[{"href":"https:\/\/rodex-mechatronics.com\/sl\/wp-json\/wp\/v2\/pages"}],"about":[{"href":"https:\/\/rodex-mechatronics.com\/sl\/wp-json\/wp\/v2\/types\/page"}],"author":[{"embeddable":true,"href":"https:\/\/rodex-mechatronics.com\/sl\/wp-json\/wp\/v2\/users\/1"}],"replies":[{"embeddable":true,"href":"https:\/\/rodex-mechatronics.com\/sl\/wp-json\/wp\/v2\/comments?post=2082"}],"version-history":[{"count":43,"href":"https:\/\/rodex-mechatronics.com\/sl\/wp-json\/wp\/v2\/pages\/2082\/revisions"}],"predecessor-version":[{"id":2173,"href":"https:\/\/rodex-mechatronics.com\/sl\/wp-json\/wp\/v2\/pages\/2082\/revisions\/2173"}],"wp:attachment":[{"href":"https:\/\/rodex-mechatronics.com\/sl\/wp-json\/wp\/v2\/media?parent=2082"}],"curies":[{"name":"wp","href":"https:\/\/api.w.org\/{rel}","templated":true}]}}