{"id":2189,"date":"2024-12-09T15:50:11","date_gmt":"2024-12-09T15:50:11","guid":{"rendered":"https:\/\/rodex-mechatronics.com\/?page_id=2189"},"modified":"2026-04-20T11:27:50","modified_gmt":"2026-04-20T11:27:50","slug":"zaposlitev-in-kariera","status":"publish","type":"page","link":"https:\/\/rodex-mechatronics.com\/sl\/kontakt\/zaposlitev-in-kariera\/","title":{"rendered":"Zaposlitev in kariera"},"content":{"rendered":"<p>[vc_row][vc_column][vc_column_text]<\/p>\n<h2>Prosta delovna mesta<\/h2>\n<p>[\/vc_column_text]<div class=\"custom-sh naslovzlinkomsh\"><a  class=\"naslov-link-single\" target=\"_blank\" href=\"https:\/\/rodex-mechatronics.com\/sl\/administratirvni-koordinator\/\">\u27a1 ADMINISTRATIVNI KOORDINATOR<\/a><\/div><div class=\"custom-sh naslovzlinkomsh\"><a  class=\"naslov-link-single\" target=\"_blank\" href=\"https:\/\/rodex-mechatronics.com\/sl\/operater-za-brizganje-plastike\/\">\u27a1 OPERATER ZA BRIZGANJE PLASTIKE<\/a><\/div>[vc_empty_space height=&#8221;60px&#8221;][vc_empty_space height=&#8221;60px&#8221;][\/vc_column][\/vc_row][vc_row][vc_column width=&#8221;1\/2&#8243;][vc_column_text]<\/p>\n<h2>Vedno smo odprti za strokovnjake iz razli\u010dnih podro\u010dij:<\/h2>\n<p>[\/vc_column_text][vc_column_text]<\/p>\n<ul>\n<li>Strojni\u0161tvo<\/li>\n<li>Mehatronika<\/li>\n<li>Elektronika<\/li>\n<li>Orodjarstvo<\/li>\n<li>Predelava plasti\u010dnih mas<\/li>\n<li>Razvoja procesa proizvodnje<\/li>\n<\/ul>\n<p>[\/vc_column_text][vc_column_text]S prakso, vajeni\u0161tvom, \u0161tudentskim delom in \u0161tipendijami mladim olaj\u0161amo prehod iz u\u010dilnice v delovno okolje.<\/p>\n<p><b>Stopite v stik z nami: <\/b><a href=\"mailto:kadri@rodex-mechatronics.com\">kadri@rodex-mechatronics.com<\/a>[\/vc_column_text][\/vc_column][vc_column width=&#8221;1\/2&#8243;]<div class=\"custom-sh tabelash\"><table cellspacing=\"0\" class=\"table-6044\"><tr><th>VREDNOTE, KI JIH V RODEX MECHATRONICS \u017dIVIMO IN NEGUJEMO<\/th><\/tr><tr><td>Spo\u0161tovanje<br \/><\/td><\/tr>\n<tr><td>Vedo\u017eeljnost<br \/><\/td><\/tr>\n<tr><td>Inovativnost<br \/><\/td><\/tr>\n<tr><td>Iskrenost<br \/><\/td><\/tr>\n<tr><td>Zaupanje<br \/><\/td><\/tr>\n<tr><td>Sodelovanje in timski duh<\/td><\/tr><\/table><\/div>[\/vc_column][\/vc_row][vc_row][vc_column width=&#8221;1\/2&#8243;][vc_column_text]<\/p>\n<h2>ZAKAJ SE ZAPOSLITI V RODEX MECHATRONICS?<\/h2>\n<p>[\/vc_column_text][vc_column_text]Na\u0161i zaposleni so glavni razlog, da smo \u017ee ve\u010d kot 40 let na uspe\u0161ni poti. Navdu\u0161eni smo nad tehnologijo, cenimo inovativni duh in dobro sodelovanje \u2013 vsak dan in z velikim uspehom. \u010ce tudi vi \u010dutite tako, se prijavite zdaj in postanite del ekipe Rodex Mechatronics.[\/vc_column_text][vc_column_text]<\/p>\n<h2>NA\u0160E PREDNOSTI SO DOBER RAZLOG, DA SE NAM PRIDRU\u017dITE<\/h2>\n<p>[\/vc_column_text][vc_column_text]\u010ce se boste pridru\u017eili na\u0161i ekipi, boste razvijali nove izdelke in re\u0161itve ter ustvarjali kompleksne sisteme, izdelke in procese. Pri nas ne boste dvignili le svojo kariero na visoko strokovno raven, ampak boste ugotovili tudi, da je uspeh mo\u017een le, \u010de vsi z zavzetostjo sodelujemo. Veselimo se, da boste s svojo edinstveno osebnostjo, z va\u0161imi izku\u0161njami in va\u0161im znanjem pripomogli k \u0161e ve\u010dji uspe\u0161nosti podjetja.[\/vc_column_text][\/vc_column][vc_column width=&#8221;1\/2&#8243;][vc_single_image image=&#8221;1550&#8243; img_size=&#8221;full&#8221;][\/vc_column][\/vc_row]<\/p>\n","protected":false},"excerpt":{"rendered":"<p>[vc_row][vc_column][vc_column_text] Prosta delovna mesta [\/vc_column_text][vc_empty_space height=&#8221;60px&#8221;][vc_empty_space height=&#8221;60px&#8221;][\/vc_column][\/vc_row][vc_row][vc_column width=&#8221;1\/2&#8243;][vc_column_text] Vedno smo odprti za strokovnjake iz razli\u010dnih podro\u010dij: [\/vc_column_text][vc_column_text] Strojni\u0161tvo Mehatronika Elektronika Orodjarstvo Predelava plasti\u010dnih mas Razvoja procesa proizvodnje [\/vc_column_text][vc_column_text]S prakso, vajeni\u0161tvom, \u0161tudentskim delom in \u0161tipendijami mladim olaj\u0161amo prehod iz u\u010dilnice v delovno okolje. Stopite v stik z nami: kadri@rodex-mechatronics.com[\/vc_column_text][\/vc_column][vc_column width=&#8221;1\/2&#8243;][\/vc_column][\/vc_row][vc_row][vc_column width=&#8221;1\/2&#8243;][vc_column_text] ZAKAJ SE ZAPOSLITI V RODEX [&hellip;]<\/p>\n","protected":false},"author":1,"featured_media":0,"parent":1286,"menu_order":54,"comment_status":"closed","ping_status":"closed","template":"","meta":{"_acf_changed":false,"inline_featured_image":false,"footnotes":""},"class_list":["post-2189","page","type-page","status-publish","hentry"],"acf":[],"_links":{"self":[{"href":"https:\/\/rodex-mechatronics.com\/sl\/wp-json\/wp\/v2\/pages\/2189","targetHints":{"allow":["GET"]}}],"collection":[{"href":"https:\/\/rodex-mechatronics.com\/sl\/wp-json\/wp\/v2\/pages"}],"about":[{"href":"https:\/\/rodex-mechatronics.com\/sl\/wp-json\/wp\/v2\/types\/page"}],"author":[{"embeddable":true,"href":"https:\/\/rodex-mechatronics.com\/sl\/wp-json\/wp\/v2\/users\/1"}],"replies":[{"embeddable":true,"href":"https:\/\/rodex-mechatronics.com\/sl\/wp-json\/wp\/v2\/comments?post=2189"}],"version-history":[{"count":69,"href":"https:\/\/rodex-mechatronics.com\/sl\/wp-json\/wp\/v2\/pages\/2189\/revisions"}],"predecessor-version":[{"id":2878,"href":"https:\/\/rodex-mechatronics.com\/sl\/wp-json\/wp\/v2\/pages\/2189\/revisions\/2878"}],"up":[{"embeddable":true,"href":"https:\/\/rodex-mechatronics.com\/sl\/wp-json\/wp\/v2\/pages\/1286"}],"wp:attachment":[{"href":"https:\/\/rodex-mechatronics.com\/sl\/wp-json\/wp\/v2\/media?parent=2189"}],"curies":[{"name":"wp","href":"https:\/\/api.w.org\/{rel}","templated":true}]}}