{"id":469,"date":"2023-04-03T07:40:13","date_gmt":"2023-04-03T07:40:13","guid":{"rendered":"https:\/\/rodex-mechatronics.com\/?page_id=469"},"modified":"2023-07-19T15:25:19","modified_gmt":"2023-07-19T15:25:19","slug":"home","status":"publish","type":"page","link":"https:\/\/rodex-mechatronics.com\/sl\/","title":{"rendered":"Domov"},"content":{"rendered":"<p>[vc_row full_width=&#8221;stretch_row_content_no_spaces&#8221;][vc_column]<div class=\"custom-sh selected-item-carousel-items carousel-kompetence\"><h1 class=\"mobile-heading margin-b-zero mobile-only\">Competencies<\/h1><div class=\"carousel-wrapper\"><div class=\"slider-carousel slider-carousel-kompetence\"><div class=\"carousel-slide\"><a href=\"https:\/\/rodex-mechatronics.com\/sl\/kompetence\/design-for-manufacturing-slo\/\" title=\"&#8220;Design for Manufacturing&#8221;\" class=\"single-carousel-item\"><div class=\"single-carousel-item-bg\" style= \" background-image: url(https:\/\/rodex-mechatronics.com\/wp-content\/uploads\/2023\/04\/WEB-Rodex-166-430x430.jpg);\" ><\/div><div class=\"single-carousel-item-overlay\"><\/div><div class=\"single-carousel-item-inside\"><h2 class=\"single-carousel-title\">&#8220;Design for Manufacturing&#8221;<\/h2><div class=\"single-carousel-description\"><div class=\"single-carousel-border\"><\/div>Prejeli boste celovito zasnovo proizvodnih storitev za podporo razvoju va\u0161ega izdelka in si s tem zagotovili optimalno serijsko proizvodnjo.<\/div><div class=\"single-carousel-readmore\">Preberite ve\u010d<\/div><\/div><\/a><\/div><div class=\"carousel-slide\"><a href=\"https:\/\/rodex-mechatronics.com\/sl\/kompetence\/konstrukcija-in-izdelava-orodij\/\" title=\"Konstrukcija in izdelava orodij\" class=\"single-carousel-item\"><div class=\"single-carousel-item-bg\" style= \" background-image: url(https:\/\/rodex-mechatronics.com\/wp-content\/uploads\/2025\/03\/Rodex-tool-shop-1-1-430x430.jpg);\" ><\/div><div class=\"single-carousel-item-overlay\"><\/div><div class=\"single-carousel-item-inside\"><h2 class=\"single-carousel-title\">Konstrukcija in izdelava orodij<\/h2><div class=\"single-carousel-description\"><div class=\"single-carousel-border\"><\/div>Zagotovite si najbolj optimalno orodje za stabilno proizvodnjo z na\u0161o strokovno analizo in svetovanjem o mo\u017eni optimizaciji izdelka. Poskrbimo za orodje od osnovne skice do kon\u010dne sprostitve, potrjene s poro\u010dilom o meritvah.<\/div><div class=\"single-carousel-readmore\">Preberite ve\u010d<\/div><\/div><\/a><\/div><div class=\"carousel-slide\"><a href=\"https:\/\/rodex-mechatronics.com\/sl\/kompetence\/brizganje-plastike\/\" title=\"Brizganje plastike\" class=\"single-carousel-item\"><div class=\"single-carousel-item-bg\" style= \" background-image: url(https:\/\/rodex-mechatronics.com\/wp-content\/uploads\/2025\/03\/Rodex-injection-moulding-430x430.jpg);\" ><\/div><div class=\"single-carousel-item-overlay\"><\/div><div class=\"single-carousel-item-inside\"><h2 class=\"single-carousel-title\">Brizganje plastike<\/h2><div class=\"single-carousel-description\"><div class=\"single-carousel-border\"><\/div>Skrbno na\u010drtovanje orodja, \u201cmold flow\u201d analiza toka, izdelava prototipov in opredelitev postopka brizganja za optimalno serijsko proizvodnjo.<\/div><div class=\"single-carousel-readmore\">Preberite ve\u010d<\/div><\/div><\/a><\/div><div class=\"carousel-slide\"><a href=\"https:\/\/rodex-mechatronics.com\/sl\/kompetence\/aktuatorji-in-navitja-tuljav\/\" title=\"Aktuatorji in navitja tuljav\" class=\"single-carousel-item\"><div class=\"single-carousel-item-bg\" style= \" background-image: url(https:\/\/rodex-mechatronics.com\/wp-content\/uploads\/2023\/04\/Kompetence_Solenoid-Coils_1-430x430.jpg);\" ><\/div><div class=\"single-carousel-item-overlay\"><\/div><div class=\"single-carousel-item-inside\"><h2 class=\"single-carousel-title\">Aktuatorji in navitja tuljav<\/h2><div class=\"single-carousel-description\"><div class=\"single-carousel-border\"><\/div>Svetovanje, razvoj in izdelava tuljav in aktuatorjev za vse vrste aplikacij.<\/div><div class=\"single-carousel-readmore\">Preberite ve\u010d<\/div><\/div><\/a><\/div><div class=\"carousel-slide\"><a href=\"https:\/\/rodex-mechatronics.com\/sl\/kompetence\/montaza\/\" title=\"Monta\u017ea\" class=\"single-carousel-item\"><div class=\"single-carousel-item-bg\" style= \" background-image: url(https:\/\/rodex-mechatronics.com\/wp-content\/uploads\/2025\/03\/Rodex-assembly-430x430.jpg);\" ><\/div><div class=\"single-carousel-item-overlay\"><\/div><div class=\"single-carousel-item-inside\"><h2 class=\"single-carousel-title\">Monta\u017ea<\/h2><div class=\"single-carousel-description\"><div class=\"single-carousel-border\"><\/div>Vse na enem mestu s \u0161iroko izbiro razli\u010dnih tehnologij, vklju\u010dno z razvojem in optimizacijo procesov, proizvodnjo komponent, nabavo, monta\u017eo, zagotavljanjem kakovosti in dostavo.<\/div><div class=\"single-carousel-readmore\">Preberite ve\u010d<\/div><\/div><\/a><\/div><\/div><\/div><\/div><script>\n  jQuery(document).ready(function () {\n  \n  var slickElcarokomp = jQuery('.slider-carousel-kompetence'); \n\nslickElcarokomp.slick({\n  centerMode: false,\n  centerPadding: '100px',\n  slidesToShow: 5,  \n  autoplay:true,\n  autoplaySpeed: 5000,\n  infinite: false,\n  arrows: false,\n  variableWidth: true,\n  pauseOnHover:true,\n  dots: false, \n  \n         responsive: [{\n          breakpoint: 2130,\n          settings: {\n            autoplay:true, \n            infinite: true,\n            arrows: true,\n            slidesToShow: 4   \n          }\n        \n        },\n        {\n          breakpoint: 767,\n          settings: {\n            autoplay:true, \n            infinite: true,\n            arrows: false,\n            slidesToShow: 1,\n            dots: true,\n            variableWidth: false\n          } \n        }]\n});\n\n});\n<\/script><style> .carousel-wrapper { max-width: 2130px; }<\/style>[\/vc_column][\/vc_row][vc_row][vc_column]<div class=\"custom-sh ikonanaslovsh\"><div class=\"ikonanaslov-inside\"><div class=\"ikonanaslov-single\"><img decoding=\"async\" src=\"https:\/\/rodex-mechatronics.com\/wp-content\/uploads\/2023\/04\/40-experience.svg\" \/><div class=\"ikonanaslov-naslov\">40+ let <br\/>izku\u0161enj<\/div><\/div><div class=\"ikonanaslov-single\"><img decoding=\"async\" src=\"https:\/\/rodex-mechatronics.com\/wp-content\/uploads\/2023\/04\/Expertise.svg\" \/><div class=\"ikonanaslov-naslov\">Visoka natan\u010dnost in strokovnost<\/div><\/div><div class=\"ikonanaslov-single\"><img decoding=\"async\" src=\"https:\/\/rodex-mechatronics.com\/wp-content\/uploads\/2023\/04\/All-in-one.svg\" \/><div class=\"ikonanaslov-naslov\">Re\u0161itev vse na enem mestu<\/div><\/div><div class=\"ikonanaslov-single\"><img decoding=\"async\" src=\"https:\/\/rodex-mechatronics.com\/wp-content\/uploads\/2023\/04\/Network.svg\" \/><div class=\"ikonanaslov-naslov\">Mre\u017ea 300+ dobaviteljev<\/div><\/div><div class=\"ikonanaslov-single\"><img decoding=\"async\" src=\"https:\/\/rodex-mechatronics.com\/wp-content\/uploads\/2023\/04\/Full-product-assembly-1.png\" \/><div class=\"ikonanaslov-naslov\">Obse\u017een <br\/>strojni park<\/div><\/div><div class=\"clear\"><\/div><\/div><\/div>[\/vc_column][\/vc_row][vc_row full_width=&#8221;stretch_row_content_no_spaces&#8221;][vc_column el_class=&#8221;center-1275&#8243;]<div class=\"custom-sh selected-item-wrapper selected-item-grid-industrije\"><div class=\"single-industrija-mobile-wrapper mobile-only\"><h1 class=\"single-industrija-mobile-title mobile-heading\">Industries<\/h1><div class=\"single-industrija-mobile-description\">Tap into our broad expertise, which comes from serving various fields and industries. With 40 years of experience in contract manufacturing solutions, your market, your business, and your production demands will be well understood.<\/div><\/div><div class=\"selected-item-grid-industrije-wrapper desktop-ind-grid\"><a href=\"https:\/\/rodex-mechatronics.com\/sl\/industrije\/tehnologija-merjenja\/\" title=\"Tehnologija merjenja\" class=\"single-industrija-grid-item\"><div class=\"single-industrija-grid-item-bg\" style= \" background-image: url(https:\/\/rodex-mechatronics.com\/wp-content\/uploads\/2023\/04\/Metering-430x430.jpg);\" ><\/div><div class=\"single-industrija-grid-item-overlay\"><\/div><div class=\"single-industrija-grid-item-inside\"><h2 class=\"single-industrija-grid-title\">Tehnologija merjenja<\/h2><div class=\"single-industrija-grid-description\"><div class=\"single-industrija-grid-border\"><\/div>Va\u0161 partner za proizvodnjo elektromehanskih komponent in sklopov za razli\u010dne naprave merilne tehnike.<\/div><div class=\"single-industrija-grid-readmore\">Preberite ve\u010d<\/div><\/div><\/a><a href=\"https:\/\/rodex-mechatronics.com\/sl\/industrije\/avtomobilizem\/\" title=\"Avtomobilizem\" class=\"single-industrija-grid-item\"><div class=\"single-industrija-grid-item-bg\" style= \" background-image: url(https:\/\/rodex-mechatronics.com\/wp-content\/uploads\/2023\/04\/Automotive-2-430x430.jpg);\" ><\/div><div class=\"single-industrija-grid-item-overlay\"><\/div><div class=\"single-industrija-grid-item-inside\"><h2 class=\"single-industrija-grid-title\">Avtomobilizem<\/h2><div class=\"single-industrija-grid-description\"><div class=\"single-industrija-grid-border\"><\/div>Razvoj proizvodnih procesov ter proizvodnja delov in sklopov, vklju\u010dno z obbrizgavanjem razli\u010dnih kovinskih vlo\u017ekov za avtomobilske izdelke. Vrhunska kvaliteta in pravo\u010dasna dobava.<\/div><div class=\"single-industrija-grid-readmore\">Preberite ve\u010d<\/div><\/div><\/a><a href=\"https:\/\/rodex-mechatronics.com\/sl\/industrije\/medicinske-naprave\/\" title=\"Medicinske naprave\" class=\"single-industrija-grid-item\"><div class=\"single-industrija-grid-item-bg\" style= \" background-image: url(https:\/\/rodex-mechatronics.com\/wp-content\/uploads\/2023\/04\/Industries_Medical_1-430x430.jpg);\" ><\/div><div class=\"single-industrija-grid-item-overlay\"><\/div><div class=\"single-industrija-grid-item-inside\"><h2 class=\"single-industrija-grid-title\">Medicinske naprave<\/h2><div class=\"single-industrija-grid-description\"><div class=\"single-industrija-grid-border\"><\/div>100% kontrolirana proizvodnja elektromehanskih in elektromagnetnih komponent, natan\u010dnih sklopov in naprav za razli\u010dne aplikacije v medicini.<\/div><div class=\"single-industrija-grid-readmore\">Preberite ve\u010d<\/div><\/div><\/a><a href=\"https:\/\/rodex-mechatronics.com\/sl\/industrije\/placilni-sistemi\/\" title=\"Pla\u010dilni sistemi\" class=\"single-industrija-grid-item\"><div class=\"single-industrija-grid-item-bg\" style= \" background-image: url(https:\/\/rodex-mechatronics.com\/wp-content\/uploads\/2023\/04\/blagajna-430x430.jpg);\" ><\/div><div class=\"single-industrija-grid-item-overlay\"><\/div><div class=\"single-industrija-grid-item-inside\"><h2 class=\"single-industrija-grid-title\">Pla\u010dilni sistemi<\/h2><div class=\"single-industrija-grid-description\"><div class=\"single-industrija-grid-border\"><\/div>Z integracijo razli\u010dnih tehnologij izdelki, izdelani v Rodexu, potrjujejo, \u0161tejejo in razvr\u0161\u010dajo kovance za prodajne, parkirne in igralni\u0161ke re\u0161itve.<\/div><div class=\"single-industrija-grid-readmore\">Preberite ve\u010d<\/div><\/div><\/a><a href=\"https:\/\/rodex-mechatronics.com\/sl\/industrije\/resitve-za-e-mobilnost\/\" title=\"Re\u0161itve za e-mobilnost\" class=\"single-industrija-grid-item\"><div class=\"single-industrija-grid-item-bg\" style= \" background-image: url(https:\/\/rodex-mechatronics.com\/wp-content\/uploads\/2023\/04\/Industries_E-mobility-2-430x430.jpg);\" ><\/div><div class=\"single-industrija-grid-item-overlay\"><\/div><div class=\"single-industrija-grid-item-inside\"><h2 class=\"single-industrija-grid-title\">Re\u0161itve za e-mobilnost<\/h2><div class=\"single-industrija-grid-description\"><div class=\"single-industrija-grid-border\"><\/div>Proizvodnja prilagojenih elektromagnetnih in elektromehanskih komponent in sklopov za inteligentne re\u0161itve e-mobilnosti od baterijskih krmilnih enot do polnilnih postaj za elektri\u010dna vozila.<\/div><div class=\"single-industrija-grid-readmore\">Preberite ve\u010d<\/div><\/div><\/a><a href=\"https:\/\/rodex-mechatronics.com\/sl\/industrije\/pametni-dom\/\" title=\"Pametni dom\" class=\"single-industrija-grid-item\"><div class=\"single-industrija-grid-item-bg\" style= \" background-image: url(https:\/\/rodex-mechatronics.com\/wp-content\/uploads\/2023\/04\/Electronics-430x430.jpg);\" ><\/div><div class=\"single-industrija-grid-item-overlay\"><\/div><div class=\"single-industrija-grid-item-inside\"><h2 class=\"single-industrija-grid-title\">Pametni dom<\/h2><div class=\"single-industrija-grid-description\"><div class=\"single-industrija-grid-border\"><\/div>Vse na enem mestu za proizvodnjo optimalno prilagojenih elektromehanskih in elektromagnetnih komponent in sklopov za razli\u010dne naprave pametnega doma (\u201cSmart home\u201d).<\/div><div class=\"single-industrija-grid-readmore\">Preberite ve\u010d<\/div><\/div><\/a><div class=\"clear\"><\/div><\/div><div class=\"selected-item-grid-industrije-wrapper mobile-ind-slider\"><div class=\"mobile-ind-slide\"><a href=\"https:\/\/rodex-mechatronics.com\/sl\/industrije\/tehnologija-merjenja\/\" title=\"Tehnologija merjenja\" class=\"single-industrija-grid-item\"><div class=\"single-industrija-grid-item-bg\" style= \" background-image: url(https:\/\/rodex-mechatronics.com\/wp-content\/uploads\/2023\/04\/Metering-430x430.jpg);\" ><\/div><div class=\"single-industrija-grid-item-overlay\"><\/div><div class=\"single-industrija-grid-item-inside\"><h2 class=\"single-industrija-grid-title\">Tehnologija merjenja<\/h2><div class=\"single-industrija-grid-description\"><div class=\"single-industrija-grid-border\"><\/div>Va\u0161 partner za proizvodnjo elektromehanskih komponent in sklopov za razli\u010dne naprave merilne tehnike.<\/div><div class=\"single-industrija-grid-readmore\">Preberite ve\u010d<\/div><\/div><\/a><\/div><div class=\"mobile-ind-slide\"><a href=\"https:\/\/rodex-mechatronics.com\/sl\/industrije\/avtomobilizem\/\" title=\"Avtomobilizem\" class=\"single-industrija-grid-item\"><div class=\"single-industrija-grid-item-bg\" style= \" background-image: url(https:\/\/rodex-mechatronics.com\/wp-content\/uploads\/2023\/04\/Automotive-2-430x430.jpg);\" ><\/div><div class=\"single-industrija-grid-item-overlay\"><\/div><div class=\"single-industrija-grid-item-inside\"><h2 class=\"single-industrija-grid-title\">Avtomobilizem<\/h2><div class=\"single-industrija-grid-description\"><div class=\"single-industrija-grid-border\"><\/div>Razvoj proizvodnih procesov ter proizvodnja delov in sklopov, vklju\u010dno z obbrizgavanjem razli\u010dnih kovinskih vlo\u017ekov za avtomobilske izdelke. Vrhunska kvaliteta in pravo\u010dasna dobava.<\/div><div class=\"single-industrija-grid-readmore\">Preberite ve\u010d<\/div><\/div><\/a><\/div><div class=\"mobile-ind-slide\"><a href=\"https:\/\/rodex-mechatronics.com\/sl\/industrije\/medicinske-naprave\/\" title=\"Medicinske naprave\" class=\"single-industrija-grid-item\"><div class=\"single-industrija-grid-item-bg\" style= \" background-image: url(https:\/\/rodex-mechatronics.com\/wp-content\/uploads\/2023\/04\/Industries_Medical_1-430x430.jpg);\" ><\/div><div class=\"single-industrija-grid-item-overlay\"><\/div><div class=\"single-industrija-grid-item-inside\"><h2 class=\"single-industrija-grid-title\">Medicinske naprave<\/h2><div class=\"single-industrija-grid-description\"><div class=\"single-industrija-grid-border\"><\/div>100% kontrolirana proizvodnja elektromehanskih in elektromagnetnih komponent, natan\u010dnih sklopov in naprav za razli\u010dne aplikacije v medicini.<\/div><div class=\"single-industrija-grid-readmore\">Preberite ve\u010d<\/div><\/div><\/a><\/div><div class=\"mobile-ind-slide\"><a href=\"https:\/\/rodex-mechatronics.com\/sl\/industrije\/placilni-sistemi\/\" title=\"Pla\u010dilni sistemi\" class=\"single-industrija-grid-item\"><div class=\"single-industrija-grid-item-bg\" style= \" background-image: url(https:\/\/rodex-mechatronics.com\/wp-content\/uploads\/2023\/04\/blagajna-430x430.jpg);\" ><\/div><div class=\"single-industrija-grid-item-overlay\"><\/div><div class=\"single-industrija-grid-item-inside\"><h2 class=\"single-industrija-grid-title\">Pla\u010dilni sistemi<\/h2><div class=\"single-industrija-grid-description\"><div class=\"single-industrija-grid-border\"><\/div>Z integracijo razli\u010dnih tehnologij izdelki, izdelani v Rodexu, potrjujejo, \u0161tejejo in razvr\u0161\u010dajo kovance za prodajne, parkirne in igralni\u0161ke re\u0161itve.<\/div><div class=\"single-industrija-grid-readmore\">Preberite ve\u010d<\/div><\/div><\/a><\/div><div class=\"mobile-ind-slide\"><a href=\"https:\/\/rodex-mechatronics.com\/sl\/industrije\/resitve-za-e-mobilnost\/\" title=\"Re\u0161itve za e-mobilnost\" class=\"single-industrija-grid-item\"><div class=\"single-industrija-grid-item-bg\" style= \" background-image: url(https:\/\/rodex-mechatronics.com\/wp-content\/uploads\/2023\/04\/Industries_E-mobility-2-430x430.jpg);\" ><\/div><div class=\"single-industrija-grid-item-overlay\"><\/div><div class=\"single-industrija-grid-item-inside\"><h2 class=\"single-industrija-grid-title\">Re\u0161itve za e-mobilnost<\/h2><div class=\"single-industrija-grid-description\"><div class=\"single-industrija-grid-border\"><\/div>Proizvodnja prilagojenih elektromagnetnih in elektromehanskih komponent in sklopov za inteligentne re\u0161itve e-mobilnosti od baterijskih krmilnih enot do polnilnih postaj za elektri\u010dna vozila.<\/div><div class=\"single-industrija-grid-readmore\">Preberite ve\u010d<\/div><\/div><\/a><\/div><div class=\"mobile-ind-slide\"><a href=\"https:\/\/rodex-mechatronics.com\/sl\/industrije\/pametni-dom\/\" title=\"Pametni dom\" class=\"single-industrija-grid-item\"><div class=\"single-industrija-grid-item-bg\" style= \" background-image: url(https:\/\/rodex-mechatronics.com\/wp-content\/uploads\/2023\/04\/Electronics-430x430.jpg);\" ><\/div><div class=\"single-industrija-grid-item-overlay\"><\/div><div class=\"single-industrija-grid-item-inside\"><h2 class=\"single-industrija-grid-title\">Pametni dom<\/h2><div class=\"single-industrija-grid-description\"><div class=\"single-industrija-grid-border\"><\/div>Vse na enem mestu za proizvodnjo optimalno prilagojenih elektromehanskih in elektromagnetnih komponent in sklopov za razli\u010dne naprave pametnega doma (\u201cSmart home\u201d).<\/div><div class=\"single-industrija-grid-readmore\">Preberite ve\u010d<\/div><\/div><\/a><\/div><\/div><\/div>[\/vc_column][\/vc_row][vc_row css=&#8221;.vc_custom_1684302555500{background-position: center !important;background-repeat: no-repeat !important;background-size: cover !important;}&#8221; el_class=&#8221;celoten-zemljevid-slo home-zemljevid&#8221;][vc_column width=&#8221;1\/2&#8243;][vc_column_text el_class=&#8221;prvi-text&#8221;]<\/p>\n<h2>Blizu vas in va\u0161ih potreb<\/h2>\n<p>Rodex Mechatronics se nahaja na sti\u010di\u0161\u010du evropskih prometnih koridorjev. Na\u0161 geostrate\u0161ki polo\u017eaj nas povezuje z vsemi lokacijami na celini. Omogo\u010da enostavno integracijo v dobavne verige, hitro dostavo, visoko u\u010dinkovitost, nizke stro\u0161ke in ni\u017eje oglji\u010dne odtise.[\/vc_column_text][vc_column_text el_class=&#8221;drugi-text&#8221;]<\/p>\n<h2>Pozorni na svoj posel in planet<\/h2>\n<p>Rodex Mechatronics z integracijo pristopa vse na enem mestu mo\u010dno prispeva k zmanj\u0161anju emisij ogljika in pove\u010danju okoljsko trajnostnih izdelkov. Kot globalni igralec v celoti upo\u0161tevamo svoje odgovornosti na podro\u010dju kakovosti, poslovne etike, upravljanja z viri, varstva okolja, dru\u017ebenega vpliva, zdravja in varnosti pri delu.[\/vc_column_text][\/vc_column][vc_column width=&#8221;1\/2&#8243; el_class=&#8221;home-maps-small-screen&#8221;][vc_single_image image=&#8221;290&#8243; img_size=&#8221;full&#8221; alignment=&#8221;right&#8221;][\/vc_column][\/vc_row][vc_row][vc_column]<div class=\"templatera_shortcode\"><div class=\"vc_row wpb_row vc_row-fluid\"><div class=\"wpb_column vc_column_container vc_col-sm-12\"><div class=\"vc_column-inner\"><div class=\"wpb_wrapper\"><div class=\"custom-sh contactsupport-sh\"><div class=\"contactsupportsh-col1\"><img decoding=\"async\" src=\"https:\/\/rodex-mechatronics.com\/wp-content\/uploads\/2023\/09\/KZI0734-Edit-scaled.jpg\" \/><\/div><div class=\"contactsupportsh-col2\"><h2 class=\"contactsupportsh-title\">Kontakt in podpora<\/h2><div class=\"contactsupportsh-opis\">Kak\u0161no vpra\u0161anje? Potrebujete partnerja za va\u0161 naslednji projekt? Tukaj smo, da vas podpiramo na vsakem koraku.<\/div><\/div><div class=\"contactsupportsh-col3\"><div class=\"contactsupportsh-info info-tel\"><a href=\"tel:+38642809880\">+386 4 280 98 80<\/a><\/div><div class=\"contactsupportsh-info info-email\"><a href=\"mailto:info@rodex-mechatronics.com\">info@rodex-mechatronics.com<\/a><\/div><\/div><div class=\"clear\"><\/div><\/div><\/div><\/div><\/div><\/div><\/div>[\/vc_column][\/vc_row]<\/p>\n","protected":false},"excerpt":{"rendered":"Competencies&#8220;Design for Manufacturing&#8221;Prejeli boste celovito zasnovo proizvodnih storitev za podporo razvoju va\u0161ega izdelka in si s tem zagotovili optimalno serijsko proizvodnjo.Preberite ve\u010dKonstrukcija in izdelava orodijZagotovite si najbolj optimalno orodje za stabilno proizvodnjo z na\u0161o strokovno analizo in svetovanjem o mo\u017eni optimizaciji izdelka. Poskrbimo za orodje od osnovne skice do kon\u010dne sprostitve, potrjene s poro\u010dilom o [...]","protected":false},"author":1,"featured_media":0,"parent":0,"menu_order":41,"comment_status":"closed","ping_status":"closed","template":"template-home.php","meta":{"_acf_changed":false,"inline_featured_image":false,"footnotes":""},"class_list":["post-469","page","type-page","status-publish","hentry"],"acf":[],"_links":{"self":[{"href":"https:\/\/rodex-mechatronics.com\/sl\/wp-json\/wp\/v2\/pages\/469","targetHints":{"allow":["GET"]}}],"collection":[{"href":"https:\/\/rodex-mechatronics.com\/sl\/wp-json\/wp\/v2\/pages"}],"about":[{"href":"https:\/\/rodex-mechatronics.com\/sl\/wp-json\/wp\/v2\/types\/page"}],"author":[{"embeddable":true,"href":"https:\/\/rodex-mechatronics.com\/sl\/wp-json\/wp\/v2\/users\/1"}],"replies":[{"embeddable":true,"href":"https:\/\/rodex-mechatronics.com\/sl\/wp-json\/wp\/v2\/comments?post=469"}],"version-history":[{"count":19,"href":"https:\/\/rodex-mechatronics.com\/sl\/wp-json\/wp\/v2\/pages\/469\/revisions"}],"predecessor-version":[{"id":1604,"href":"https:\/\/rodex-mechatronics.com\/sl\/wp-json\/wp\/v2\/pages\/469\/revisions\/1604"}],"wp:attachment":[{"href":"https:\/\/rodex-mechatronics.com\/sl\/wp-json\/wp\/v2\/media?parent=469"}],"curies":[{"name":"wp","href":"https:\/\/api.w.org\/{rel}","templated":true}]}}